{"id":33652,"date":"2025-06-25T06:17:16","date_gmt":"2025-06-25T06:17:16","guid":{"rendered":"https:\/\/megdev01.com\/producto\/taquilla-de-plastico-pb-40-3\/"},"modified":"2026-04-10T12:20:49","modified_gmt":"2026-04-10T12:20:49","slug":"armario-plastico-pb-40-3","status":"publish","type":"product","link":"https:\/\/megdev01.com\/pt-pt\/produto\/armario-plastico-pb-40-3\/","title":{"rendered":"Taquilla de pl\u00e1stico PB-40\/3"},"content":{"rendered":"<p>Fabricada con resinas pl\u00e1sticas 100%.<br \/>\nGrosor de puerta y paredes de 18 mm.<br \/>\nCuerpo en color blanco y puerta seg\u00fan opciones.<br \/>\nPuerta con ventilaci\u00f3n y cerradura cromada de cilindro con dos llaves.<br \/>\nPatas de PVC regulables.<br \/>\nDimensiones: 1.915 mm de alto x 1.215 mm de ancho x 470 mm de fondo.<\/p>\n","protected":false},"excerpt":{"rendered":"<p>Taquilla pl\u00e1stica de alta resistencia, ideal para instalaciones acu\u00e1ticas, vestuarios de piscinas o zonas h\u00famedas. No se oxida y se limpia f\u00e1cilmente.<\/p>\n","protected":false},"featured_media":21571,"template":"","meta":{"_joinchat":[]},"product_brand":[],"product_cat":[927,918],"product_tag":[701,674,676],"class_list":{"0":"post-33652","1":"product","2":"type-product","3":"status-publish","4":"has-post-thumbnail","6":"product_cat-pb","7":"product_cat-taquillas-de-plastico","8":"product_tag-18-puertas","9":"product_tag-3-columnas","10":"product_tag-400-mm","12":"first","13":"instock","14":"shipping-taxable","15":"purchasable","16":"product-type-simple"},"yoast_head":"<!-- This site is optimized with the Yoast SEO plugin v27.3 - https:\/\/yoast.com\/product\/yoast-seo-wordpress\/ -->\n<title>Taquilla de pl\u00e1stico PB-40\/3 - Megablok<\/title>\n<meta name=\"robots\" content=\"index, follow, max-snippet:-1, max-image-preview:large, max-video-preview:-1\" \/>\n<link rel=\"canonical\" href=\"https:\/\/megdev01.com\/pt-pt\/produto\/armario-plastico-pb-40-3\/\" \/>\n<meta property=\"og:locale\" content=\"pt_PT\" \/>\n<meta property=\"og:type\" content=\"article\" \/>\n<meta property=\"og:title\" content=\"Taquilla de pl\u00e1stico PB-40\/3 - Megablok\" \/>\n<meta property=\"og:description\" content=\"Taquilla pl\u00e1stica de alta resistencia, ideal para instalaciones acu\u00e1ticas, vestuarios de piscinas o zonas h\u00famedas. No se oxida y se limpia f\u00e1cilmente.\" \/>\n<meta property=\"og:url\" content=\"https:\/\/megdev01.com\/pt-pt\/produto\/armario-plastico-pb-40-3\/\" \/>\n<meta property=\"og:site_name\" content=\"Megablok\" \/>\n<meta property=\"article:modified_time\" content=\"2026-04-10T12:20:49+00:00\" \/>\n<meta property=\"og:image\" content=\"http:\/\/megdev01.com\/wp-content\/uploads\/2025\/05\/PB-40-3.jpg\" \/>\n\t<meta property=\"og:image:width\" content=\"600\" \/>\n\t<meta property=\"og:image:height\" content=\"600\" \/>\n\t<meta property=\"og:image:type\" content=\"image\/jpeg\" \/>\n<meta name=\"twitter:card\" content=\"summary_large_image\" \/>\n<meta name=\"twitter:label1\" content=\"Tempo estimado de leitura\" \/>\n\t<meta name=\"twitter:data1\" content=\"1 minuto\" \/>\n<script type=\"application\/ld+json\" class=\"yoast-schema-graph\">{\"@context\":\"https:\\\/\\\/schema.org\",\"@graph\":[{\"@type\":\"WebPage\",\"@id\":\"https:\\\/\\\/megdev01.com\\\/pt-pt\\\/produto\\\/armario-plastico-pb-40-3\\\/\",\"url\":\"https:\\\/\\\/megdev01.com\\\/pt-pt\\\/produto\\\/armario-plastico-pb-40-3\\\/\",\"name\":\"Taquilla de pl\u00e1stico PB-40\\\/3 - Megablok\",\"isPartOf\":{\"@id\":\"https:\\\/\\\/megdev01.com\\\/pt-pt\\\/#website\"},\"primaryImageOfPage\":{\"@id\":\"https:\\\/\\\/megdev01.com\\\/pt-pt\\\/produto\\\/armario-plastico-pb-40-3\\\/#primaryimage\"},\"image\":{\"@id\":\"https:\\\/\\\/megdev01.com\\\/pt-pt\\\/produto\\\/armario-plastico-pb-40-3\\\/#primaryimage\"},\"thumbnailUrl\":\"https:\\\/\\\/megdev01.com\\\/wp-content\\\/uploads\\\/2025\\\/05\\\/PB-40-3.jpg\",\"datePublished\":\"2025-06-25T06:17:16+00:00\",\"dateModified\":\"2026-04-10T12:20:49+00:00\",\"breadcrumb\":{\"@id\":\"https:\\\/\\\/megdev01.com\\\/pt-pt\\\/produto\\\/armario-plastico-pb-40-3\\\/#breadcrumb\"},\"inLanguage\":\"pt-PT\",\"potentialAction\":[{\"@type\":\"ReadAction\",\"target\":[\"https:\\\/\\\/megdev01.com\\\/pt-pt\\\/produto\\\/armario-plastico-pb-40-3\\\/\"]}]},{\"@type\":\"ImageObject\",\"inLanguage\":\"pt-PT\",\"@id\":\"https:\\\/\\\/megdev01.com\\\/pt-pt\\\/produto\\\/armario-plastico-pb-40-3\\\/#primaryimage\",\"url\":\"https:\\\/\\\/megdev01.com\\\/wp-content\\\/uploads\\\/2025\\\/05\\\/PB-40-3.jpg\",\"contentUrl\":\"https:\\\/\\\/megdev01.com\\\/wp-content\\\/uploads\\\/2025\\\/05\\\/PB-40-3.jpg\",\"width\":600,\"height\":600,\"caption\":\"Taquilla de pl\u00e1stico\"},{\"@type\":\"BreadcrumbList\",\"@id\":\"https:\\\/\\\/megdev01.com\\\/pt-pt\\\/produto\\\/armario-plastico-pb-40-3\\\/#breadcrumb\",\"itemListElement\":[{\"@type\":\"ListItem\",\"position\":1,\"name\":\"Portada\",\"item\":\"https:\\\/\\\/megdev01.com\\\/pt-pt\\\/\"},{\"@type\":\"ListItem\",\"position\":2,\"name\":\"Loja\",\"item\":\"https:\\\/\\\/megdev01.com\\\/pt-pt\\\/loja\\\/\"},{\"@type\":\"ListItem\",\"position\":3,\"name\":\"Taquilla de pl\u00e1stico PB-40\\\/3\"}]},{\"@type\":\"WebSite\",\"@id\":\"https:\\\/\\\/megdev01.com\\\/pt-pt\\\/#website\",\"url\":\"https:\\\/\\\/megdev01.com\\\/pt-pt\\\/\",\"name\":\"Megablok\",\"description\":\"Taquillas para vestuarios de empresas y organizaciones\",\"publisher\":{\"@id\":\"https:\\\/\\\/megdev01.com\\\/pt-pt\\\/#organization\"},\"potentialAction\":[{\"@type\":\"SearchAction\",\"target\":{\"@type\":\"EntryPoint\",\"urlTemplate\":\"https:\\\/\\\/megdev01.com\\\/pt-pt\\\/?s={search_term_string}\"},\"query-input\":{\"@type\":\"PropertyValueSpecification\",\"valueRequired\":true,\"valueName\":\"search_term_string\"}}],\"inLanguage\":\"pt-PT\"},{\"@type\":\"Organization\",\"@id\":\"https:\\\/\\\/megdev01.com\\\/pt-pt\\\/#organization\",\"name\":\"Megablok\",\"url\":\"https:\\\/\\\/megdev01.com\\\/pt-pt\\\/\",\"logo\":{\"@type\":\"ImageObject\",\"inLanguage\":\"pt-PT\",\"@id\":\"https:\\\/\\\/megdev01.com\\\/pt-pt\\\/#\\\/schema\\\/logo\\\/image\\\/\",\"url\":\"https:\\\/\\\/megdev01.com\\\/wp-content\\\/uploads\\\/2024\\\/08\\\/270.png\",\"contentUrl\":\"https:\\\/\\\/megdev01.com\\\/wp-content\\\/uploads\\\/2024\\\/08\\\/270.png\",\"width\":270,\"height\":270,\"caption\":\"Megablok\"},\"image\":{\"@id\":\"https:\\\/\\\/megdev01.com\\\/pt-pt\\\/#\\\/schema\\\/logo\\\/image\\\/\"},\"sameAs\":[\"https:\\\/\\\/www.linkedin.com\\\/company\\\/megablok-s.a.\\\/\",\"https:\\\/\\\/www.instagram.com\\\/megabloksa\\\/\"]}]}<\/script>\n<!-- \/ Yoast SEO plugin. -->","yoast_head_json":{"title":"Taquilla de pl\u00e1stico PB-40\/3 - Megablok","robots":{"index":"index","follow":"follow","max-snippet":"max-snippet:-1","max-image-preview":"max-image-preview:large","max-video-preview":"max-video-preview:-1"},"canonical":"https:\/\/megdev01.com\/pt-pt\/produto\/armario-plastico-pb-40-3\/","og_locale":"pt_PT","og_type":"article","og_title":"Taquilla de pl\u00e1stico PB-40\/3 - Megablok","og_description":"Taquilla pl\u00e1stica de alta resistencia, ideal para instalaciones acu\u00e1ticas, vestuarios de piscinas o zonas h\u00famedas. No se oxida y se limpia f\u00e1cilmente.","og_url":"https:\/\/megdev01.com\/pt-pt\/produto\/armario-plastico-pb-40-3\/","og_site_name":"Megablok","article_modified_time":"2026-04-10T12:20:49+00:00","og_image":[{"width":600,"height":600,"url":"http:\/\/megdev01.com\/wp-content\/uploads\/2025\/05\/PB-40-3.jpg","type":"image\/jpeg"}],"twitter_card":"summary_large_image","twitter_misc":{"Tempo estimado de leitura":"1 minuto"},"schema":{"@context":"https:\/\/schema.org","@graph":[{"@type":"WebPage","@id":"https:\/\/megdev01.com\/pt-pt\/produto\/armario-plastico-pb-40-3\/","url":"https:\/\/megdev01.com\/pt-pt\/produto\/armario-plastico-pb-40-3\/","name":"Taquilla de pl\u00e1stico PB-40\/3 - Megablok","isPartOf":{"@id":"https:\/\/megdev01.com\/pt-pt\/#website"},"primaryImageOfPage":{"@id":"https:\/\/megdev01.com\/pt-pt\/produto\/armario-plastico-pb-40-3\/#primaryimage"},"image":{"@id":"https:\/\/megdev01.com\/pt-pt\/produto\/armario-plastico-pb-40-3\/#primaryimage"},"thumbnailUrl":"https:\/\/megdev01.com\/wp-content\/uploads\/2025\/05\/PB-40-3.jpg","datePublished":"2025-06-25T06:17:16+00:00","dateModified":"2026-04-10T12:20:49+00:00","breadcrumb":{"@id":"https:\/\/megdev01.com\/pt-pt\/produto\/armario-plastico-pb-40-3\/#breadcrumb"},"inLanguage":"pt-PT","potentialAction":[{"@type":"ReadAction","target":["https:\/\/megdev01.com\/pt-pt\/produto\/armario-plastico-pb-40-3\/"]}]},{"@type":"ImageObject","inLanguage":"pt-PT","@id":"https:\/\/megdev01.com\/pt-pt\/produto\/armario-plastico-pb-40-3\/#primaryimage","url":"https:\/\/megdev01.com\/wp-content\/uploads\/2025\/05\/PB-40-3.jpg","contentUrl":"https:\/\/megdev01.com\/wp-content\/uploads\/2025\/05\/PB-40-3.jpg","width":600,"height":600,"caption":"Taquilla de pl\u00e1stico"},{"@type":"BreadcrumbList","@id":"https:\/\/megdev01.com\/pt-pt\/produto\/armario-plastico-pb-40-3\/#breadcrumb","itemListElement":[{"@type":"ListItem","position":1,"name":"Portada","item":"https:\/\/megdev01.com\/pt-pt\/"},{"@type":"ListItem","position":2,"name":"Loja","item":"https:\/\/megdev01.com\/pt-pt\/loja\/"},{"@type":"ListItem","position":3,"name":"Taquilla de pl\u00e1stico PB-40\/3"}]},{"@type":"WebSite","@id":"https:\/\/megdev01.com\/pt-pt\/#website","url":"https:\/\/megdev01.com\/pt-pt\/","name":"Megablok","description":"Taquillas para vestuarios de empresas y organizaciones","publisher":{"@id":"https:\/\/megdev01.com\/pt-pt\/#organization"},"potentialAction":[{"@type":"SearchAction","target":{"@type":"EntryPoint","urlTemplate":"https:\/\/megdev01.com\/pt-pt\/?s={search_term_string}"},"query-input":{"@type":"PropertyValueSpecification","valueRequired":true,"valueName":"search_term_string"}}],"inLanguage":"pt-PT"},{"@type":"Organization","@id":"https:\/\/megdev01.com\/pt-pt\/#organization","name":"Megablok","url":"https:\/\/megdev01.com\/pt-pt\/","logo":{"@type":"ImageObject","inLanguage":"pt-PT","@id":"https:\/\/megdev01.com\/pt-pt\/#\/schema\/logo\/image\/","url":"https:\/\/megdev01.com\/wp-content\/uploads\/2024\/08\/270.png","contentUrl":"https:\/\/megdev01.com\/wp-content\/uploads\/2024\/08\/270.png","width":270,"height":270,"caption":"Megablok"},"image":{"@id":"https:\/\/megdev01.com\/pt-pt\/#\/schema\/logo\/image\/"},"sameAs":["https:\/\/www.linkedin.com\/company\/megablok-s.a.\/","https:\/\/www.instagram.com\/megabloksa\/"]}]}},"jetpack_sharing_enabled":true,"_links":{"self":[{"href":"https:\/\/megdev01.com\/pt-pt\/wp-json\/wp\/v2\/product\/33652","targetHints":{"allow":["GET"]}}],"collection":[{"href":"https:\/\/megdev01.com\/pt-pt\/wp-json\/wp\/v2\/product"}],"about":[{"href":"https:\/\/megdev01.com\/pt-pt\/wp-json\/wp\/v2\/types\/product"}],"wp:featuredmedia":[{"embeddable":true,"href":"https:\/\/megdev01.com\/pt-pt\/wp-json\/wp\/v2\/media\/21571"}],"wp:attachment":[{"href":"https:\/\/megdev01.com\/pt-pt\/wp-json\/wp\/v2\/media?parent=33652"}],"wp:term":[{"taxonomy":"product_brand","embeddable":true,"href":"https:\/\/megdev01.com\/pt-pt\/wp-json\/wp\/v2\/product_brand?post=33652"},{"taxonomy":"product_cat","embeddable":true,"href":"https:\/\/megdev01.com\/pt-pt\/wp-json\/wp\/v2\/product_cat?post=33652"},{"taxonomy":"product_tag","embeddable":true,"href":"https:\/\/megdev01.com\/pt-pt\/wp-json\/wp\/v2\/product_tag?post=33652"}],"curies":[{"name":"wp","href":"https:\/\/api.w.org\/{rel}","templated":true}]}}