{"id":31787,"date":"2026-01-28T09:13:14","date_gmt":"2026-01-28T09:13:14","guid":{"rendered":"https:\/\/megdev01.com\/producto\/taquilla-electrica-monoblok-e-ste-40-3-e\/"},"modified":"2026-04-06T12:32:43","modified_gmt":"2026-04-06T12:32:43","slug":"cacifos-electronicos-monoblok-e-ste-40-3-e","status":"publish","type":"product","link":"https:\/\/megdev01.com\/pt-pt\/produto\/cacifos-electronicos-monoblok-e-ste-40-3-e\/","title":{"rendered":"Taquilla el\u00e9ctrica Monoblok-E ST-40\/3-E"},"content":{"rendered":"<p>Taquilla soldada monoblok fabricada en chapa de acero laminado en fr\u00edo.<br \/>\nPintado con Epoxi-poli\u00e9ster en polvo, acabado microtexturado.<br \/>\nColor est\u00e1ndar: Cuerpo gris RAL 7035 y puerta azul RAL 5010.<br \/>\nPuertas con doble plegado perimetral, etiquetero y rosetas de ventilaci\u00f3n.<br \/>\nBordes sin aristas cortantes y bisagras ocultas.<br \/>\nCerraduras est\u00e1ndar: cerradura cromadas de cilindro con dos llaves.<br \/>\nContiene barra porta perchas.<br \/>\nCada casillero tiene un enchufe Schuko con conectores tipo C y USB incluidos. Cable y enchufe a red incluidos.<br \/>\nDimensiones: 1.900 mm de alto (1.800 + 100 patas) x 1.200 mm de ancho x 556 mm de fondo.<br \/>\nLos z\u00f3calos y <a href=\"\/wp-content\/uploads\/2026\/03\/Plantilla-fichas-tecnicas-Montaje-sobretecho-metalico.pdf\">sobretechos<\/a> debe colocarlos el cliente.<\/p>\n","protected":false},"excerpt":{"rendered":"<p>Taquilla Monoblok-E con cerradura electr\u00f3nica y estructura soldada. Ofrece seguridad, control y tecnolog\u00eda en una soluci\u00f3n compacta para oficinas, hospitales o centros p\u00fablicos.<\/p>\n","protected":false},"featured_media":27416,"template":"","meta":{"_joinchat":[]},"product_brand":[],"product_cat":[749,672,673],"product_tag":[674,676,750,677],"class_list":{"0":"post-31787","1":"product","2":"type-product","3":"status-publish","4":"has-post-thumbnail","6":"product_cat-st-e","7":"product_cat-taquillas_electronicas","8":"product_cat-monobloke","9":"product_tag-3-columnas","10":"product_tag-400-mm","11":"product_tag-6-puertas","12":"product_tag-electrica","14":"first","15":"instock","16":"shipping-taxable","17":"purchasable","18":"product-type-simple"},"yoast_head":"<!-- This site is optimized with the Yoast SEO plugin v27.3 - https:\/\/yoast.com\/product\/yoast-seo-wordpress\/ -->\n<title>Taquilla el\u00e9ctrica Monoblok-E ST-40\/3-E - Megablok<\/title>\n<meta name=\"robots\" content=\"index, follow, max-snippet:-1, max-image-preview:large, max-video-preview:-1\" \/>\n<link rel=\"canonical\" href=\"https:\/\/megdev01.com\/pt-pt\/produto\/cacifos-electronicos-monoblok-e-ste-40-3-e\/\" \/>\n<meta property=\"og:locale\" content=\"pt_PT\" \/>\n<meta property=\"og:type\" content=\"article\" \/>\n<meta property=\"og:title\" content=\"Taquilla el\u00e9ctrica Monoblok-E ST-40\/3-E - Megablok\" \/>\n<meta property=\"og:description\" content=\"Taquilla Monoblok-E con cerradura electr\u00f3nica y estructura soldada. Ofrece seguridad, control y tecnolog\u00eda en una soluci\u00f3n compacta para oficinas, hospitales o centros p\u00fablicos.\" \/>\n<meta property=\"og:url\" content=\"https:\/\/megdev01.com\/pt-pt\/produto\/cacifos-electronicos-monoblok-e-ste-40-3-e\/\" \/>\n<meta property=\"og:site_name\" content=\"Megablok\" \/>\n<meta property=\"article:modified_time\" content=\"2026-04-06T12:32:43+00:00\" \/>\n<meta property=\"og:image\" content=\"http:\/\/megdev01.com\/wp-content\/uploads\/2026\/01\/ST-40-3-E.jpg\" \/>\n\t<meta property=\"og:image:width\" content=\"1000\" \/>\n\t<meta property=\"og:image:height\" content=\"1000\" \/>\n\t<meta property=\"og:image:type\" content=\"image\/jpeg\" \/>\n<meta name=\"twitter:card\" content=\"summary_large_image\" \/>\n<meta name=\"twitter:label1\" content=\"Tempo estimado de leitura\" \/>\n\t<meta name=\"twitter:data1\" content=\"1 minuto\" \/>\n<script type=\"application\/ld+json\" class=\"yoast-schema-graph\">{\"@context\":\"https:\\\/\\\/schema.org\",\"@graph\":[{\"@type\":\"WebPage\",\"@id\":\"https:\\\/\\\/megdev01.com\\\/pt-pt\\\/produto\\\/cacifos-electronicos-monoblok-e-ste-40-3-e\\\/\",\"url\":\"https:\\\/\\\/megdev01.com\\\/pt-pt\\\/produto\\\/cacifos-electronicos-monoblok-e-ste-40-3-e\\\/\",\"name\":\"Taquilla el\u00e9ctrica Monoblok-E ST-40\\\/3-E - Megablok\",\"isPartOf\":{\"@id\":\"https:\\\/\\\/megdev01.com\\\/pt-pt\\\/#website\"},\"primaryImageOfPage\":{\"@id\":\"https:\\\/\\\/megdev01.com\\\/pt-pt\\\/produto\\\/cacifos-electronicos-monoblok-e-ste-40-3-e\\\/#primaryimage\"},\"image\":{\"@id\":\"https:\\\/\\\/megdev01.com\\\/pt-pt\\\/produto\\\/cacifos-electronicos-monoblok-e-ste-40-3-e\\\/#primaryimage\"},\"thumbnailUrl\":\"https:\\\/\\\/megdev01.com\\\/wp-content\\\/uploads\\\/2026\\\/01\\\/ST-40-3-E.jpg\",\"datePublished\":\"2026-01-28T09:13:14+00:00\",\"dateModified\":\"2026-04-06T12:32:43+00:00\",\"breadcrumb\":{\"@id\":\"https:\\\/\\\/megdev01.com\\\/pt-pt\\\/produto\\\/cacifos-electronicos-monoblok-e-ste-40-3-e\\\/#breadcrumb\"},\"inLanguage\":\"pt-PT\",\"potentialAction\":[{\"@type\":\"ReadAction\",\"target\":[\"https:\\\/\\\/megdev01.com\\\/pt-pt\\\/produto\\\/cacifos-electronicos-monoblok-e-ste-40-3-e\\\/\"]}]},{\"@type\":\"ImageObject\",\"inLanguage\":\"pt-PT\",\"@id\":\"https:\\\/\\\/megdev01.com\\\/pt-pt\\\/produto\\\/cacifos-electronicos-monoblok-e-ste-40-3-e\\\/#primaryimage\",\"url\":\"https:\\\/\\\/megdev01.com\\\/wp-content\\\/uploads\\\/2026\\\/01\\\/ST-40-3-E.jpg\",\"contentUrl\":\"https:\\\/\\\/megdev01.com\\\/wp-content\\\/uploads\\\/2026\\\/01\\\/ST-40-3-E.jpg\",\"width\":1000,\"height\":1000,\"caption\":\"taquilla el\u00e9ctrica\"},{\"@type\":\"BreadcrumbList\",\"@id\":\"https:\\\/\\\/megdev01.com\\\/pt-pt\\\/produto\\\/cacifos-electronicos-monoblok-e-ste-40-3-e\\\/#breadcrumb\",\"itemListElement\":[{\"@type\":\"ListItem\",\"position\":1,\"name\":\"Portada\",\"item\":\"https:\\\/\\\/megdev01.com\\\/pt-pt\\\/\"},{\"@type\":\"ListItem\",\"position\":2,\"name\":\"Loja\",\"item\":\"https:\\\/\\\/megdev01.com\\\/pt-pt\\\/loja\\\/\"},{\"@type\":\"ListItem\",\"position\":3,\"name\":\"Taquilla el\u00e9ctrica Monoblok-E ST-40\\\/3-E\"}]},{\"@type\":\"WebSite\",\"@id\":\"https:\\\/\\\/megdev01.com\\\/pt-pt\\\/#website\",\"url\":\"https:\\\/\\\/megdev01.com\\\/pt-pt\\\/\",\"name\":\"Megablok\",\"description\":\"Taquillas para vestuarios de empresas y organizaciones\",\"publisher\":{\"@id\":\"https:\\\/\\\/megdev01.com\\\/pt-pt\\\/#organization\"},\"potentialAction\":[{\"@type\":\"SearchAction\",\"target\":{\"@type\":\"EntryPoint\",\"urlTemplate\":\"https:\\\/\\\/megdev01.com\\\/pt-pt\\\/?s={search_term_string}\"},\"query-input\":{\"@type\":\"PropertyValueSpecification\",\"valueRequired\":true,\"valueName\":\"search_term_string\"}}],\"inLanguage\":\"pt-PT\"},{\"@type\":\"Organization\",\"@id\":\"https:\\\/\\\/megdev01.com\\\/pt-pt\\\/#organization\",\"name\":\"Megablok\",\"url\":\"https:\\\/\\\/megdev01.com\\\/pt-pt\\\/\",\"logo\":{\"@type\":\"ImageObject\",\"inLanguage\":\"pt-PT\",\"@id\":\"https:\\\/\\\/megdev01.com\\\/pt-pt\\\/#\\\/schema\\\/logo\\\/image\\\/\",\"url\":\"https:\\\/\\\/megdev01.com\\\/wp-content\\\/uploads\\\/2024\\\/08\\\/270.png\",\"contentUrl\":\"https:\\\/\\\/megdev01.com\\\/wp-content\\\/uploads\\\/2024\\\/08\\\/270.png\",\"width\":270,\"height\":270,\"caption\":\"Megablok\"},\"image\":{\"@id\":\"https:\\\/\\\/megdev01.com\\\/pt-pt\\\/#\\\/schema\\\/logo\\\/image\\\/\"},\"sameAs\":[\"https:\\\/\\\/www.linkedin.com\\\/company\\\/megablok-s.a.\\\/\",\"https:\\\/\\\/www.instagram.com\\\/megabloksa\\\/\"]}]}<\/script>\n<!-- \/ Yoast SEO plugin. -->","yoast_head_json":{"title":"Taquilla el\u00e9ctrica Monoblok-E ST-40\/3-E - Megablok","robots":{"index":"index","follow":"follow","max-snippet":"max-snippet:-1","max-image-preview":"max-image-preview:large","max-video-preview":"max-video-preview:-1"},"canonical":"https:\/\/megdev01.com\/pt-pt\/produto\/cacifos-electronicos-monoblok-e-ste-40-3-e\/","og_locale":"pt_PT","og_type":"article","og_title":"Taquilla el\u00e9ctrica Monoblok-E ST-40\/3-E - Megablok","og_description":"Taquilla Monoblok-E con cerradura electr\u00f3nica y estructura soldada. Ofrece seguridad, control y tecnolog\u00eda en una soluci\u00f3n compacta para oficinas, hospitales o centros p\u00fablicos.","og_url":"https:\/\/megdev01.com\/pt-pt\/produto\/cacifos-electronicos-monoblok-e-ste-40-3-e\/","og_site_name":"Megablok","article_modified_time":"2026-04-06T12:32:43+00:00","og_image":[{"width":1000,"height":1000,"url":"http:\/\/megdev01.com\/wp-content\/uploads\/2026\/01\/ST-40-3-E.jpg","type":"image\/jpeg"}],"twitter_card":"summary_large_image","twitter_misc":{"Tempo estimado de leitura":"1 minuto"},"schema":{"@context":"https:\/\/schema.org","@graph":[{"@type":"WebPage","@id":"https:\/\/megdev01.com\/pt-pt\/produto\/cacifos-electronicos-monoblok-e-ste-40-3-e\/","url":"https:\/\/megdev01.com\/pt-pt\/produto\/cacifos-electronicos-monoblok-e-ste-40-3-e\/","name":"Taquilla el\u00e9ctrica Monoblok-E ST-40\/3-E - Megablok","isPartOf":{"@id":"https:\/\/megdev01.com\/pt-pt\/#website"},"primaryImageOfPage":{"@id":"https:\/\/megdev01.com\/pt-pt\/produto\/cacifos-electronicos-monoblok-e-ste-40-3-e\/#primaryimage"},"image":{"@id":"https:\/\/megdev01.com\/pt-pt\/produto\/cacifos-electronicos-monoblok-e-ste-40-3-e\/#primaryimage"},"thumbnailUrl":"https:\/\/megdev01.com\/wp-content\/uploads\/2026\/01\/ST-40-3-E.jpg","datePublished":"2026-01-28T09:13:14+00:00","dateModified":"2026-04-06T12:32:43+00:00","breadcrumb":{"@id":"https:\/\/megdev01.com\/pt-pt\/produto\/cacifos-electronicos-monoblok-e-ste-40-3-e\/#breadcrumb"},"inLanguage":"pt-PT","potentialAction":[{"@type":"ReadAction","target":["https:\/\/megdev01.com\/pt-pt\/produto\/cacifos-electronicos-monoblok-e-ste-40-3-e\/"]}]},{"@type":"ImageObject","inLanguage":"pt-PT","@id":"https:\/\/megdev01.com\/pt-pt\/produto\/cacifos-electronicos-monoblok-e-ste-40-3-e\/#primaryimage","url":"https:\/\/megdev01.com\/wp-content\/uploads\/2026\/01\/ST-40-3-E.jpg","contentUrl":"https:\/\/megdev01.com\/wp-content\/uploads\/2026\/01\/ST-40-3-E.jpg","width":1000,"height":1000,"caption":"taquilla el\u00e9ctrica"},{"@type":"BreadcrumbList","@id":"https:\/\/megdev01.com\/pt-pt\/produto\/cacifos-electronicos-monoblok-e-ste-40-3-e\/#breadcrumb","itemListElement":[{"@type":"ListItem","position":1,"name":"Portada","item":"https:\/\/megdev01.com\/pt-pt\/"},{"@type":"ListItem","position":2,"name":"Loja","item":"https:\/\/megdev01.com\/pt-pt\/loja\/"},{"@type":"ListItem","position":3,"name":"Taquilla el\u00e9ctrica Monoblok-E ST-40\/3-E"}]},{"@type":"WebSite","@id":"https:\/\/megdev01.com\/pt-pt\/#website","url":"https:\/\/megdev01.com\/pt-pt\/","name":"Megablok","description":"Taquillas para vestuarios de empresas y organizaciones","publisher":{"@id":"https:\/\/megdev01.com\/pt-pt\/#organization"},"potentialAction":[{"@type":"SearchAction","target":{"@type":"EntryPoint","urlTemplate":"https:\/\/megdev01.com\/pt-pt\/?s={search_term_string}"},"query-input":{"@type":"PropertyValueSpecification","valueRequired":true,"valueName":"search_term_string"}}],"inLanguage":"pt-PT"},{"@type":"Organization","@id":"https:\/\/megdev01.com\/pt-pt\/#organization","name":"Megablok","url":"https:\/\/megdev01.com\/pt-pt\/","logo":{"@type":"ImageObject","inLanguage":"pt-PT","@id":"https:\/\/megdev01.com\/pt-pt\/#\/schema\/logo\/image\/","url":"https:\/\/megdev01.com\/wp-content\/uploads\/2024\/08\/270.png","contentUrl":"https:\/\/megdev01.com\/wp-content\/uploads\/2024\/08\/270.png","width":270,"height":270,"caption":"Megablok"},"image":{"@id":"https:\/\/megdev01.com\/pt-pt\/#\/schema\/logo\/image\/"},"sameAs":["https:\/\/www.linkedin.com\/company\/megablok-s.a.\/","https:\/\/www.instagram.com\/megabloksa\/"]}]}},"jetpack_sharing_enabled":true,"_links":{"self":[{"href":"https:\/\/megdev01.com\/pt-pt\/wp-json\/wp\/v2\/product\/31787","targetHints":{"allow":["GET"]}}],"collection":[{"href":"https:\/\/megdev01.com\/pt-pt\/wp-json\/wp\/v2\/product"}],"about":[{"href":"https:\/\/megdev01.com\/pt-pt\/wp-json\/wp\/v2\/types\/product"}],"wp:featuredmedia":[{"embeddable":true,"href":"https:\/\/megdev01.com\/pt-pt\/wp-json\/wp\/v2\/media\/27416"}],"wp:attachment":[{"href":"https:\/\/megdev01.com\/pt-pt\/wp-json\/wp\/v2\/media?parent=31787"}],"wp:term":[{"taxonomy":"product_brand","embeddable":true,"href":"https:\/\/megdev01.com\/pt-pt\/wp-json\/wp\/v2\/product_brand?post=31787"},{"taxonomy":"product_cat","embeddable":true,"href":"https:\/\/megdev01.com\/pt-pt\/wp-json\/wp\/v2\/product_cat?post=31787"},{"taxonomy":"product_tag","embeddable":true,"href":"https:\/\/megdev01.com\/pt-pt\/wp-json\/wp\/v2\/product_tag?post=31787"}],"curies":[{"name":"wp","href":"https:\/\/api.w.org\/{rel}","templated":true}]}}