{"id":31154,"date":"2026-01-21T12:17:31","date_gmt":"2026-01-21T12:17:31","guid":{"rendered":"https:\/\/megdev01.com\/serie-stv8\/"},"modified":"2026-03-31T07:48:05","modified_gmt":"2026-03-31T07:48:05","slug":"serie-stv8","status":"publish","type":"page","link":"https:\/\/megdev01.com\/pt-pt\/serie-stv8\/","title":{"rendered":"S\u00e9rie STV8"},"content":{"rendered":"<div class=\"fusion-fullwidth fullwidth-box fusion-builder-row-1 fusion-flex-container has-pattern-background has-mask-background nonhundred-percent-fullwidth non-hundred-percent-height-scrolling\" style=\"--awb-border-radius-top-left:0px;--awb-border-radius-top-right:0px;--awb-border-radius-bottom-right:0px;--awb-border-radius-bottom-left:0px;--awb-flex-wrap:wrap;\" ><div class=\"fusion-builder-row fusion-row fusion-flex-align-items-flex-start fusion-flex-content-wrap\" style=\"max-width:1372.8px;margin-left: calc(-4% \/ 2 );margin-right: calc(-4% \/ 2 );\"><div class=\"fusion-layout-column fusion_builder_column fusion-builder-column-0 fusion_builder_column_1_1 1_1 fusion-flex-column\" style=\"--awb-bg-size:cover;--awb-width-large:100%;--awb-margin-top-large:0px;--awb-spacing-right-large:1.92%;--awb-margin-bottom-large:20px;--awb-spacing-left-large:1.92%;--awb-width-medium:100%;--awb-order-medium:0;--awb-spacing-right-medium:1.92%;--awb-spacing-left-medium:1.92%;--awb-width-small:100%;--awb-order-small:0;--awb-spacing-right-small:1.92%;--awb-spacing-left-small:1.92%;\"><div class=\"fusion-column-wrapper fusion-column-has-shadow fusion-flex-justify-content-flex-start fusion-content-layout-column\"><\/div><\/div><div class=\"fusion-layout-column fusion_builder_column fusion-builder-column-1 fusion_builder_column_1_1 1_1 fusion-flex-column\" style=\"--awb-bg-size:cover;--awb-width-large:100%;--awb-margin-top-large:0px;--awb-spacing-right-large:1.92%;--awb-margin-bottom-large:20px;--awb-spacing-left-large:1.92%;--awb-width-medium:100%;--awb-order-medium:0;--awb-spacing-right-medium:1.92%;--awb-spacing-left-medium:1.92%;--awb-width-small:100%;--awb-order-small:0;--awb-spacing-right-small:1.92%;--awb-spacing-left-small:1.92%;\"><div class=\"fusion-column-wrapper fusion-column-has-shadow fusion-flex-justify-content-flex-start fusion-content-layout-column\"><div class=\"fusion-text fusion-text-1\"><p>As bilheterias <b>Megablok<\/b> oferecem uma solu\u00e7\u00e3o pr\u00e1tica e eficiente para <b>ambientes onde \u00e9 necess\u00e1rio acessar v\u00e1rios compartimentos com uma \u00fanica chave.<\/b> Fabricadas em a\u00e7o soldado, essas bilheterias met\u00e1licas garantem m\u00e1xima resist\u00eancia, seguran\u00e7a e durabilidade, sendo ideais para <b>vesti\u00e1rios que requerem uma gest\u00e3o r\u00e1pida e ordenada do espa\u00e7o.<\/b> Seu design funcional est\u00e1 pensado para equipar <b>Empresas industriais, hospitais, cl\u00ednicas, hot\u00e9is, lavandarias ou sector agro-alimentar,<\/b> facilitando a coleta e entrega de roupas limpas ou suja, ou o armazenamento centralizado de materiais. Com estrutura robusta e baixa manuten\u00e7\u00e3o, as bilheterias multiportas de Megablok cumprem as normativas de <b>higiene e seguran\u00e7a,<\/b> assegurando um vestu\u00e1rio organizado e eficiente. Uma op\u00e7\u00e3o vers\u00e1til e confi\u00e1vel que otimiza os processos e melhora a gest\u00e3o dos espa\u00e7os de trabalho.<\/p>\n<\/div><\/div><\/div><\/div><\/div>\n","protected":false},"excerpt":{"rendered":"","protected":false},"author":1,"featured_media":27042,"parent":0,"menu_order":0,"comment_status":"closed","ping_status":"closed","template":"100-width.php","meta":{"_joinchat":[],"footnotes":""},"class_list":["post-31154","page","type-page","status-publish","has-post-thumbnail","hentry"],"yoast_head":"<!-- This site is optimized with the Yoast SEO plugin v27.3 - https:\/\/yoast.com\/product\/yoast-seo-wordpress\/ -->\n<title>S\u00e9rie STV8 - Megablok<\/title>\n<meta name=\"description\" content=\"Taquillas met\u00e1licas para vestu\u00e1rio Monoblok. Estrutura soldada com patas inclu\u00eddas. Solicita or\u00e7amento sem compromisso.\" \/>\n<meta name=\"robots\" content=\"index, follow, max-snippet:-1, max-image-preview:large, max-video-preview:-1\" \/>\n<link rel=\"canonical\" href=\"https:\/\/megdev01.com\/pt-pt\/serie-stv8\/\" \/>\n<meta property=\"og:locale\" content=\"pt_PT\" \/>\n<meta property=\"og:type\" content=\"article\" \/>\n<meta property=\"og:title\" content=\"S\u00e9rie STV8 - Megablok\" \/>\n<meta property=\"og:description\" content=\"Taquillas met\u00e1licas para vestu\u00e1rio Monoblok. Estrutura soldada com patas inclu\u00eddas. Solicita or\u00e7amento sem compromisso.\" \/>\n<meta property=\"og:url\" content=\"https:\/\/megdev01.com\/pt-pt\/serie-stv8\/\" \/>\n<meta property=\"og:site_name\" content=\"Megablok\" \/>\n<meta property=\"article:modified_time\" content=\"2026-03-31T07:48:05+00:00\" \/>\n<meta property=\"og:image\" content=\"http:\/\/megdev01.com\/wp-content\/uploads\/2026\/01\/STV8-40-1-7035-5010.jpg\" \/>\n\t<meta property=\"og:image:width\" content=\"1000\" \/>\n\t<meta property=\"og:image:height\" content=\"1000\" \/>\n\t<meta property=\"og:image:type\" content=\"image\/jpeg\" \/>\n<meta name=\"twitter:card\" content=\"summary_large_image\" \/>\n<meta name=\"twitter:label1\" content=\"Tempo estimado de leitura\" \/>\n\t<meta name=\"twitter:data1\" content=\"5 minutos\" \/>\n<script type=\"application\/ld+json\" class=\"yoast-schema-graph\">{\"@context\":\"https:\\\/\\\/schema.org\",\"@graph\":[{\"@type\":\"WebPage\",\"@id\":\"https:\\\/\\\/megdev01.com\\\/pt-pt\\\/serie-stv8\\\/\",\"url\":\"https:\\\/\\\/megdev01.com\\\/pt-pt\\\/serie-stv8\\\/\",\"name\":\"S\u00e9rie STV8 - Megablok\",\"isPartOf\":{\"@id\":\"https:\\\/\\\/megdev01.com\\\/pt-pt\\\/#website\"},\"primaryImageOfPage\":{\"@id\":\"https:\\\/\\\/megdev01.com\\\/pt-pt\\\/serie-stv8\\\/#primaryimage\"},\"image\":{\"@id\":\"https:\\\/\\\/megdev01.com\\\/pt-pt\\\/serie-stv8\\\/#primaryimage\"},\"thumbnailUrl\":\"https:\\\/\\\/megdev01.com\\\/wp-content\\\/uploads\\\/2026\\\/01\\\/STV8-40-1-7035-5010.jpg\",\"datePublished\":\"2026-01-21T12:17:31+00:00\",\"dateModified\":\"2026-03-31T07:48:05+00:00\",\"description\":\"Taquillas met\u00e1licas para vestu\u00e1rio Monoblok. Estrutura soldada com patas inclu\u00eddas. Solicita or\u00e7amento sem compromisso.\",\"breadcrumb\":{\"@id\":\"https:\\\/\\\/megdev01.com\\\/pt-pt\\\/serie-stv8\\\/#breadcrumb\"},\"inLanguage\":\"pt-PT\",\"potentialAction\":[{\"@type\":\"ReadAction\",\"target\":[\"https:\\\/\\\/megdev01.com\\\/pt-pt\\\/serie-stv8\\\/\"]}]},{\"@type\":\"ImageObject\",\"inLanguage\":\"pt-PT\",\"@id\":\"https:\\\/\\\/megdev01.com\\\/pt-pt\\\/serie-stv8\\\/#primaryimage\",\"url\":\"https:\\\/\\\/megdev01.com\\\/wp-content\\\/uploads\\\/2026\\\/01\\\/STV8-40-1-7035-5010.jpg\",\"contentUrl\":\"https:\\\/\\\/megdev01.com\\\/wp-content\\\/uploads\\\/2026\\\/01\\\/STV8-40-1-7035-5010.jpg\",\"width\":1000,\"height\":1000,\"caption\":\"taquilla multipuerta\"},{\"@type\":\"BreadcrumbList\",\"@id\":\"https:\\\/\\\/megdev01.com\\\/pt-pt\\\/serie-stv8\\\/#breadcrumb\",\"itemListElement\":[{\"@type\":\"ListItem\",\"position\":1,\"name\":\"Portada\",\"item\":\"https:\\\/\\\/megdev01.com\\\/pt-pt\\\/\"},{\"@type\":\"ListItem\",\"position\":2,\"name\":\"S\u00e9rie STV8\"}]},{\"@type\":\"WebSite\",\"@id\":\"https:\\\/\\\/megdev01.com\\\/pt-pt\\\/#website\",\"url\":\"https:\\\/\\\/megdev01.com\\\/pt-pt\\\/\",\"name\":\"Megablok\",\"description\":\"Taquillas para vestuarios de empresas y organizaciones\",\"publisher\":{\"@id\":\"https:\\\/\\\/megdev01.com\\\/pt-pt\\\/#organization\"},\"potentialAction\":[{\"@type\":\"SearchAction\",\"target\":{\"@type\":\"EntryPoint\",\"urlTemplate\":\"https:\\\/\\\/megdev01.com\\\/pt-pt\\\/?s={search_term_string}\"},\"query-input\":{\"@type\":\"PropertyValueSpecification\",\"valueRequired\":true,\"valueName\":\"search_term_string\"}}],\"inLanguage\":\"pt-PT\"},{\"@type\":\"Organization\",\"@id\":\"https:\\\/\\\/megdev01.com\\\/pt-pt\\\/#organization\",\"name\":\"Megablok\",\"url\":\"https:\\\/\\\/megdev01.com\\\/pt-pt\\\/\",\"logo\":{\"@type\":\"ImageObject\",\"inLanguage\":\"pt-PT\",\"@id\":\"https:\\\/\\\/megdev01.com\\\/pt-pt\\\/#\\\/schema\\\/logo\\\/image\\\/\",\"url\":\"https:\\\/\\\/megdev01.com\\\/wp-content\\\/uploads\\\/2024\\\/08\\\/270.png\",\"contentUrl\":\"https:\\\/\\\/megdev01.com\\\/wp-content\\\/uploads\\\/2024\\\/08\\\/270.png\",\"width\":270,\"height\":270,\"caption\":\"Megablok\"},\"image\":{\"@id\":\"https:\\\/\\\/megdev01.com\\\/pt-pt\\\/#\\\/schema\\\/logo\\\/image\\\/\"},\"sameAs\":[\"https:\\\/\\\/www.linkedin.com\\\/company\\\/megablok-s.a.\\\/\",\"https:\\\/\\\/www.instagram.com\\\/megabloksa\\\/\"]}]}<\/script>\n<!-- \/ Yoast SEO plugin. -->","yoast_head_json":{"title":"S\u00e9rie STV8 - Megablok","description":"Taquillas met\u00e1licas para vestu\u00e1rio Monoblok. Estrutura soldada com patas inclu\u00eddas. Solicita or\u00e7amento sem compromisso.","robots":{"index":"index","follow":"follow","max-snippet":"max-snippet:-1","max-image-preview":"max-image-preview:large","max-video-preview":"max-video-preview:-1"},"canonical":"https:\/\/megdev01.com\/pt-pt\/serie-stv8\/","og_locale":"pt_PT","og_type":"article","og_title":"S\u00e9rie STV8 - Megablok","og_description":"Taquillas met\u00e1licas para vestu\u00e1rio Monoblok. Estrutura soldada com patas inclu\u00eddas. Solicita or\u00e7amento sem compromisso.","og_url":"https:\/\/megdev01.com\/pt-pt\/serie-stv8\/","og_site_name":"Megablok","article_modified_time":"2026-03-31T07:48:05+00:00","og_image":[{"width":1000,"height":1000,"url":"http:\/\/megdev01.com\/wp-content\/uploads\/2026\/01\/STV8-40-1-7035-5010.jpg","type":"image\/jpeg"}],"twitter_card":"summary_large_image","twitter_misc":{"Tempo estimado de leitura":"5 minutos"},"schema":{"@context":"https:\/\/schema.org","@graph":[{"@type":"WebPage","@id":"https:\/\/megdev01.com\/pt-pt\/serie-stv8\/","url":"https:\/\/megdev01.com\/pt-pt\/serie-stv8\/","name":"S\u00e9rie STV8 - Megablok","isPartOf":{"@id":"https:\/\/megdev01.com\/pt-pt\/#website"},"primaryImageOfPage":{"@id":"https:\/\/megdev01.com\/pt-pt\/serie-stv8\/#primaryimage"},"image":{"@id":"https:\/\/megdev01.com\/pt-pt\/serie-stv8\/#primaryimage"},"thumbnailUrl":"https:\/\/megdev01.com\/wp-content\/uploads\/2026\/01\/STV8-40-1-7035-5010.jpg","datePublished":"2026-01-21T12:17:31+00:00","dateModified":"2026-03-31T07:48:05+00:00","description":"Taquillas met\u00e1licas para vestu\u00e1rio Monoblok. Estrutura soldada com patas inclu\u00eddas. Solicita or\u00e7amento sem compromisso.","breadcrumb":{"@id":"https:\/\/megdev01.com\/pt-pt\/serie-stv8\/#breadcrumb"},"inLanguage":"pt-PT","potentialAction":[{"@type":"ReadAction","target":["https:\/\/megdev01.com\/pt-pt\/serie-stv8\/"]}]},{"@type":"ImageObject","inLanguage":"pt-PT","@id":"https:\/\/megdev01.com\/pt-pt\/serie-stv8\/#primaryimage","url":"https:\/\/megdev01.com\/wp-content\/uploads\/2026\/01\/STV8-40-1-7035-5010.jpg","contentUrl":"https:\/\/megdev01.com\/wp-content\/uploads\/2026\/01\/STV8-40-1-7035-5010.jpg","width":1000,"height":1000,"caption":"taquilla multipuerta"},{"@type":"BreadcrumbList","@id":"https:\/\/megdev01.com\/pt-pt\/serie-stv8\/#breadcrumb","itemListElement":[{"@type":"ListItem","position":1,"name":"Portada","item":"https:\/\/megdev01.com\/pt-pt\/"},{"@type":"ListItem","position":2,"name":"S\u00e9rie STV8"}]},{"@type":"WebSite","@id":"https:\/\/megdev01.com\/pt-pt\/#website","url":"https:\/\/megdev01.com\/pt-pt\/","name":"Megablok","description":"Taquillas para vestuarios de empresas y organizaciones","publisher":{"@id":"https:\/\/megdev01.com\/pt-pt\/#organization"},"potentialAction":[{"@type":"SearchAction","target":{"@type":"EntryPoint","urlTemplate":"https:\/\/megdev01.com\/pt-pt\/?s={search_term_string}"},"query-input":{"@type":"PropertyValueSpecification","valueRequired":true,"valueName":"search_term_string"}}],"inLanguage":"pt-PT"},{"@type":"Organization","@id":"https:\/\/megdev01.com\/pt-pt\/#organization","name":"Megablok","url":"https:\/\/megdev01.com\/pt-pt\/","logo":{"@type":"ImageObject","inLanguage":"pt-PT","@id":"https:\/\/megdev01.com\/pt-pt\/#\/schema\/logo\/image\/","url":"https:\/\/megdev01.com\/wp-content\/uploads\/2024\/08\/270.png","contentUrl":"https:\/\/megdev01.com\/wp-content\/uploads\/2024\/08\/270.png","width":270,"height":270,"caption":"Megablok"},"image":{"@id":"https:\/\/megdev01.com\/pt-pt\/#\/schema\/logo\/image\/"},"sameAs":["https:\/\/www.linkedin.com\/company\/megablok-s.a.\/","https:\/\/www.instagram.com\/megabloksa\/"]}]}},"jetpack_sharing_enabled":true,"_links":{"self":[{"href":"https:\/\/megdev01.com\/pt-pt\/wp-json\/wp\/v2\/pages\/31154","targetHints":{"allow":["GET"]}}],"collection":[{"href":"https:\/\/megdev01.com\/pt-pt\/wp-json\/wp\/v2\/pages"}],"about":[{"href":"https:\/\/megdev01.com\/pt-pt\/wp-json\/wp\/v2\/types\/page"}],"author":[{"embeddable":true,"href":"https:\/\/megdev01.com\/pt-pt\/wp-json\/wp\/v2\/users\/1"}],"replies":[{"embeddable":true,"href":"https:\/\/megdev01.com\/pt-pt\/wp-json\/wp\/v2\/comments?post=31154"}],"version-history":[{"count":1,"href":"https:\/\/megdev01.com\/pt-pt\/wp-json\/wp\/v2\/pages\/31154\/revisions"}],"predecessor-version":[{"id":31157,"href":"https:\/\/megdev01.com\/pt-pt\/wp-json\/wp\/v2\/pages\/31154\/revisions\/31157"}],"wp:featuredmedia":[{"embeddable":true,"href":"https:\/\/megdev01.com\/pt-pt\/wp-json\/wp\/v2\/media\/27042"}],"wp:attachment":[{"href":"https:\/\/megdev01.com\/pt-pt\/wp-json\/wp\/v2\/media?parent=31154"}],"curies":[{"name":"wp","href":"https:\/\/api.w.org\/{rel}","templated":true}]}}