{"id":31130,"date":"2025-07-22T11:02:31","date_gmt":"2025-07-22T11:02:31","guid":{"rendered":"https:\/\/megdev01.com\/guia-de-equipamento-para-vestuario-e-zonas-comuns\/"},"modified":"2026-03-31T07:48:09","modified_gmt":"2026-03-31T07:48:09","slug":"guia-de-equipamento-para-vestuario-e-zonas-comuns","status":"publish","type":"page","link":"https:\/\/megdev01.com\/pt-pt\/guia-de-equipamento-para-vestuario-e-zonas-comuns\/","title":{"rendered":"Guia de equipamento para vestu\u00e1rio e zonas comuns"},"content":{"rendered":"<div class=\"fusion-fullwidth fullwidth-box fusion-builder-row-1 fusion-flex-container nonhundred-percent-fullwidth non-hundred-percent-height-scrolling\" style=\"--awb-border-radius-top-left:0px;--awb-border-radius-top-right:0px;--awb-border-radius-bottom-right:0px;--awb-border-radius-bottom-left:0px;--awb-flex-wrap:wrap;\" ><div class=\"fusion-builder-row fusion-row fusion-flex-align-items-flex-start fusion-flex-content-wrap\" style=\"max-width:1372.8px;margin-left: calc(-4% \/ 2 );margin-right: calc(-4% \/ 2 );\"><div class=\"fusion-layout-column fusion_builder_column fusion-builder-column-0 fusion_builder_column_1_1 1_1 fusion-flex-column\" style=\"--awb-bg-blend:overlay;--awb-bg-size:cover;--awb-width-large:100%;--awb-margin-top-large:0px;--awb-spacing-right-large:1.92%;--awb-margin-bottom-large:0px;--awb-spacing-left-large:1.92%;--awb-width-medium:100%;--awb-spacing-right-medium:1.92%;--awb-spacing-left-medium:1.92%;--awb-width-small:100%;--awb-spacing-right-small:1.92%;--awb-spacing-left-small:1.92%;\"><div class=\"fusion-column-wrapper fusion-flex-justify-content-flex-start fusion-content-layout-column\"><div class=\"fusion-title title fusion-title-1 fusion-sep-none fusion-title-text fusion-title-size-two\" style=\"--awb-text-color:var(--awb-color8);--awb-margin-top-small:10px;--awb-margin-right-small:0px;--awb-margin-bottom-small:10px;--awb-margin-left-small:0px;\"><h2 class=\"fusion-title-heading title-heading-left\" style=\"margin:0;\">Equipa suas instala\u00e7\u00f5es de maneira <span style=\"color: #993300;\">EFICIENTE<\/span><\/h2><\/div><div class=\"fusion-text fusion-text-1\"><h4 style=\"text-align: left;\"><span style=\"color: var(--awb-color4);\">Trucos, Dicas e Erros a Evitar<\/span><\/h4>\n<\/div><div class=\"fusion-separator fusion-full-width-sep\" style=\"align-self: center;margin-left: auto;margin-right: auto;margin-top:25px;margin-bottom:25px;width:100%;\"><\/div><\/div><\/div><div class=\"fusion-layout-column fusion_builder_column fusion-builder-column-1 fusion_builder_column_3_5 3_5 fusion-flex-column fusion-animated\" style=\"--awb-bg-size:cover;--awb-transition:filter 600ms ease-out, transform 600ms ease-out, background-color 600ms ease-out, border-color 600ms ease-out;--awb-width-large:60%;--awb-margin-top-large:0px;--awb-spacing-right-large:3.2%;--awb-margin-bottom-large:0px;--awb-spacing-left-large:3.2%;--awb-width-medium:60%;--awb-order-medium:0;--awb-spacing-right-medium:3.2%;--awb-spacing-left-medium:3.2%;--awb-width-small:100%;--awb-order-small:0;--awb-spacing-right-small:1.92%;--awb-spacing-left-small:1.92%;\" data-animationType=\"fadeInDown\" data-animationDuration=\"1.0\" data-animationDelay=\"0.5\" data-animationOffset=\"top-into-view\"><div class=\"fusion-column-wrapper fusion-column-has-shadow fusion-flex-justify-content-flex-start fusion-content-layout-column\"><div class=\"fusion-image-element \" style=\"text-align:left;--awb-margin-top:-120px;--awb-margin-bottom:-100px;--awb-caption-title-font-family:var(--h2_typography-font-family);--awb-caption-title-font-weight:var(--h2_typography-font-weight);--awb-caption-title-font-style:var(--h2_typography-font-style);--awb-caption-title-size:var(--h2_typography-font-size);--awb-caption-title-transform:var(--h2_typography-text-transform);--awb-caption-title-line-height:var(--h2_typography-line-height);--awb-caption-title-letter-spacing:var(--h2_typography-letter-spacing);\"><span class=\" fusion-imageframe imageframe-none imageframe-1 hover-type-none\"><img decoding=\"async\" width=\"500\" height=\"438\" alt=\"Gu\u00eda gratuita de taquillas para vestuarios y zonas comunes\" title=\"manual-megablok2\" src=\"https:\/\/megdev01.com\/wp-content\/uploads\/2024\/08\/manual-megablok2.png\" data-orig-src=\"http:\/\/megdev01.com\/wp-content\/uploads\/2024\/08\/manual-megablok2.png\" class=\"lazyload img-responsive wp-image-10112\" srcset=\"data:image\/svg+xml,%3Csvg%20xmlns%3D%27http%3A%2F%2Fwww.w3.org%2F2000%2Fsvg%27%20width%3D%27500%27%20height%3D%27438%27%20viewBox%3D%270%200%20500%20438%27%3E%3Crect%20width%3D%27500%27%20height%3D%27438%27%20fill-opacity%3D%220%22%2F%3E%3C%2Fsvg%3E\" data-srcset=\"https:\/\/megdev01.com\/wp-content\/uploads\/2024\/08\/manual-megablok2-200x175.png 200w, https:\/\/megdev01.com\/wp-content\/uploads\/2024\/08\/manual-megablok2-400x350.png 400w, https:\/\/megdev01.com\/wp-content\/uploads\/2024\/08\/manual-megablok2.png 500w\" data-sizes=\"auto\" data-orig-sizes=\"(max-width: 850px) 100vw, 500px\" \/><\/span><\/div><div class=\"fusion-text fusion-text-2 fusion-text-no-margin\" style=\"--awb-text-color:hsla(var(--awb-color1-h),var(--awb-color1-s),var(--awb-color1-l),calc(var(--awb-color1-a) - 30%));--awb-margin-top:40px;--awb-margin-bottom:10px;\"><p style=\"color: var(--awb-color8); font-size: 20px;\" data-fusion-font=\"true\"><u>Neste guia gratuito mostramos-lhe:<\/u><\/p>\n<\/div><ul style=\"--awb-line-height:27.2px;--awb-icon-width:27.2px;--awb-icon-height:27.2px;--awb-icon-margin:11.2px;--awb-content-margin:38.4px;--awb-circlecolor:var(--awb-color4);--awb-circle-yes-font-size:14.08px;\" class=\"fusion-checklist fusion-checklist-1 fusion-checklist-default type-icons\"><li class=\"fusion-li-item\" style=\"--awb-circlecolor:#369443;\"><span class=\"icon-wrapper circle-yes\"><i class=\"fusion-li-icon fa-check fas\" aria-hidden=\"true\"><\/i><\/span><div class=\"fusion-li-item-content\">\n<p style=\"font-size: 18px;\" data-fusion-font=\"true\">Os <b>conselhos mais importantes<\/b> Ao equipar suas instala\u00e7\u00f5es.<\/p>\n<\/div><\/li><li class=\"fusion-li-item\" style=\"--awb-circlecolor:#369443;\"><span class=\"icon-wrapper circle-yes\"><i class=\"fusion-li-icon fa-check fas\" aria-hidden=\"true\"><\/i><\/span><div class=\"fusion-li-item-content\">\n<p style=\"font-size: 18px;\" data-fusion-font=\"true\">Os <b>erros cruciais<\/b> que se cometem e <b>Voc\u00ea deve evitar.<\/b><\/p>\n<\/div><\/li><li class=\"fusion-li-item\" style=\"--awb-circlecolor:#369443;\"><span class=\"icon-wrapper circle-yes\"><i class=\"fusion-li-icon fa-check fas\" aria-hidden=\"true\"><\/i><\/span><div class=\"fusion-li-item-content\">\n<p style=\"font-size: 18px;\" data-fusion-font=\"true\"><b>Materiais e tipologia<\/b> de bilheterias recomendadas por setor.<\/p>\n<\/div><\/li><li class=\"fusion-li-item\" style=\"--awb-circlecolor:#369443;\"><span class=\"icon-wrapper circle-yes\"><i class=\"fusion-li-icon fa-check fas\" aria-hidden=\"true\"><\/i><\/span><div class=\"fusion-li-item-content\">\n<p style=\"font-size: 18px;\" data-fusion-font=\"true\">As \u00faltimas <b>tend\u00eancias em equipamentos<\/b> das empresas.<\/p>\n<\/div><\/li><\/ul><\/div><\/div><div class=\"fusion-layout-column fusion_builder_column fusion-builder-column-2 fusion_builder_column_2_5 2_5 fusion-flex-column fusion-flex-align-self-flex-end fusion-animated\" style=\"--awb-padding-top-small:40px;--awb-overflow:hidden;--awb-bg-color:#ffefef;--awb-bg-color-hover:#ffefef;--awb-bg-size:cover;--awb-transition:filter 600ms ease-out, transform 600ms ease-out, background-color 600ms ease-out, border-color 600ms ease-out;--awb-border-radius:10px 10px 10px 10px;--awb-width-large:40%;--awb-margin-top-large:0px;--awb-spacing-right-large:4.8%;--awb-margin-bottom-large:0px;--awb-spacing-left-large:4.8%;--awb-width-medium:40%;--awb-order-medium:0;--awb-spacing-right-medium:4.8%;--awb-spacing-left-medium:4.8%;--awb-width-small:100%;--awb-order-small:0;--awb-spacing-right-small:1.92%;--awb-spacing-left-small:1.92%;\" data-animationType=\"fadeInDown\" data-animationDuration=\"1.0\" data-animationDelay=\"0.5\" data-animationOffset=\"top-into-view\" data-scroll-devices=\"medium-visibility,large-visibility\"><div class=\"fusion-column-wrapper fusion-column-has-shadow fusion-flex-justify-content-flex-start fusion-content-layout-column\"><div class=\"fusion-text fusion-text-3\"><div class='_form_11'><\/div><script type='text\/javascript' src='https:\/\/megablok.activehosted.com\/f\/embed.php?static=0&id=11&69D8D57D5E9A2&nostyles=0&preview=0'><\/script>\n<\/div><\/div><\/div><div class=\"fusion-layout-column fusion_builder_column fusion-builder-column-3 fusion_builder_column_3_5 3_5 fusion-flex-column\" style=\"--awb-bg-size:cover;--awb-width-large:60%;--awb-margin-top-large:0px;--awb-spacing-right-large:3.2%;--awb-margin-bottom-large:20px;--awb-spacing-left-large:3.2%;--awb-width-medium:60%;--awb-order-medium:0;--awb-spacing-right-medium:3.2%;--awb-spacing-left-medium:3.2%;--awb-width-small:100%;--awb-order-small:0;--awb-spacing-right-small:1.92%;--awb-spacing-left-small:1.92%;\"><div class=\"fusion-column-wrapper fusion-column-has-shadow fusion-flex-justify-content-flex-start fusion-content-layout-column\"><\/div><\/div><div class=\"fusion-layout-column fusion_builder_column fusion-builder-column-4 fusion_builder_column_2_5 2_5 fusion-flex-column\" style=\"--awb-bg-size:cover;--awb-width-large:40%;--awb-margin-top-large:0px;--awb-spacing-right-large:4.8%;--awb-margin-bottom-large:20px;--awb-spacing-left-large:4.8%;--awb-width-medium:40%;--awb-order-medium:0;--awb-spacing-right-medium:4.8%;--awb-spacing-left-medium:4.8%;--awb-width-small:100%;--awb-order-small:0;--awb-spacing-right-small:1.92%;--awb-spacing-left-small:1.92%;\"><div class=\"fusion-column-wrapper fusion-column-has-shadow fusion-flex-justify-content-flex-start fusion-content-layout-column\"><div class=\"fusion-text fusion-text-4\"><p style=\"font-size: 12px;\" data-fusion-font=\"true\"><b>INFORMA\u00c7\u00c3O BASICA SOBRE PROTEC\u00c7\u00c3O DE DADOS<\/b><\/p>\n<p style=\"font-size: 12px;\" data-fusion-font=\"true\"><span style=\"color: var(--awb-text-color); font-family: var(--awb-text-font-family); font-style: var(--awb-text-font-style); font-weight: var(--awb-text-font-weight); letter-spacing: var(--awb-letter-spacing); text-align: var(--awb-content-alignment); text-transform: var(--awb-text-transform); background-color: var(--awb-bg-color-hover);\">Respons\u00e1vel: MEGABLOK S.A.U.; Finalidade: Responder as consultas apresentadas pelo usu\u00e1rio e enviar as informa\u00e7\u00f5es solicitadas; Legitima\u00e7\u00e3o: Consentimento do usu\u00e1rio; Destinat\u00e1rios: S\u00f3 s\u00e3o realizadas ces\u00f5es se houver obriga\u00e7\u00e3o legal; Direitos: Acess\u00f5es, rectificar e suprimir, bem como outros direitos, como indicado na informa\u00e7\u00e3o completa de Prote\u00e7\u00e3o de Dados em nossa nossa<a href=\"https:\/\/megdev01.com\/pt-pt\/politica-de-privacidade\/\"> Pol\u00edtica de Privacidade*.<\/a><\/span><\/p>\n<\/div><\/div><\/div><\/div><\/div>\n","protected":false},"excerpt":{"rendered":"","protected":false},"author":1,"featured_media":0,"parent":0,"menu_order":0,"comment_status":"closed","ping_status":"closed","template":"100-width.php","meta":{"_joinchat":[],"footnotes":""},"class_list":["post-31130","page","type-page","status-publish","hentry"],"yoast_head":"<!-- This site is optimized with the Yoast SEO plugin v27.3 - https:\/\/yoast.com\/product\/yoast-seo-wordpress\/ -->\n<title>Guia de equipamento para vestu\u00e1rio e zonas comuns - Megablok<\/title>\n<meta name=\"robots\" content=\"index, follow, max-snippet:-1, max-image-preview:large, max-video-preview:-1\" \/>\n<link rel=\"canonical\" href=\"https:\/\/megdev01.com\/pt-pt\/guia-de-equipamento-para-vestuario-e-zonas-comuns\/\" \/>\n<meta property=\"og:locale\" content=\"pt_PT\" \/>\n<meta property=\"og:type\" content=\"article\" \/>\n<meta property=\"og:title\" content=\"Guia de equipamento para vestu\u00e1rio e zonas comuns - Megablok\" \/>\n<meta property=\"og:url\" content=\"https:\/\/megdev01.com\/pt-pt\/guia-de-equipamento-para-vestuario-e-zonas-comuns\/\" \/>\n<meta property=\"og:site_name\" content=\"Megablok\" \/>\n<meta property=\"article:modified_time\" content=\"2026-03-31T07:48:09+00:00\" \/>\n<meta name=\"twitter:card\" content=\"summary_large_image\" \/>\n<meta name=\"twitter:label1\" content=\"Tempo estimado de leitura\" \/>\n\t<meta name=\"twitter:data1\" content=\"9 minutos\" \/>\n<script type=\"application\/ld+json\" class=\"yoast-schema-graph\">{\"@context\":\"https:\\\/\\\/schema.org\",\"@graph\":[{\"@type\":\"WebPage\",\"@id\":\"https:\\\/\\\/megdev01.com\\\/pt-pt\\\/guia-de-equipamento-para-vestuario-e-zonas-comuns\\\/\",\"url\":\"https:\\\/\\\/megdev01.com\\\/pt-pt\\\/guia-de-equipamento-para-vestuario-e-zonas-comuns\\\/\",\"name\":\"Guia de equipamento para vestu\u00e1rio e zonas comuns - Megablok\",\"isPartOf\":{\"@id\":\"https:\\\/\\\/megdev01.com\\\/pt-pt\\\/#website\"},\"datePublished\":\"2025-07-22T11:02:31+00:00\",\"dateModified\":\"2026-03-31T07:48:09+00:00\",\"breadcrumb\":{\"@id\":\"https:\\\/\\\/megdev01.com\\\/pt-pt\\\/guia-de-equipamento-para-vestuario-e-zonas-comuns\\\/#breadcrumb\"},\"inLanguage\":\"pt-PT\",\"potentialAction\":[{\"@type\":\"ReadAction\",\"target\":[\"https:\\\/\\\/megdev01.com\\\/pt-pt\\\/guia-de-equipamento-para-vestuario-e-zonas-comuns\\\/\"]}]},{\"@type\":\"BreadcrumbList\",\"@id\":\"https:\\\/\\\/megdev01.com\\\/pt-pt\\\/guia-de-equipamento-para-vestuario-e-zonas-comuns\\\/#breadcrumb\",\"itemListElement\":[{\"@type\":\"ListItem\",\"position\":1,\"name\":\"Portada\",\"item\":\"https:\\\/\\\/megdev01.com\\\/pt-pt\\\/\"},{\"@type\":\"ListItem\",\"position\":2,\"name\":\"Guia de equipamento para vestu\u00e1rio e zonas comuns\"}]},{\"@type\":\"WebSite\",\"@id\":\"https:\\\/\\\/megdev01.com\\\/pt-pt\\\/#website\",\"url\":\"https:\\\/\\\/megdev01.com\\\/pt-pt\\\/\",\"name\":\"Megablok\",\"description\":\"Taquillas para vestuarios de empresas y organizaciones\",\"publisher\":{\"@id\":\"https:\\\/\\\/megdev01.com\\\/pt-pt\\\/#organization\"},\"potentialAction\":[{\"@type\":\"SearchAction\",\"target\":{\"@type\":\"EntryPoint\",\"urlTemplate\":\"https:\\\/\\\/megdev01.com\\\/pt-pt\\\/?s={search_term_string}\"},\"query-input\":{\"@type\":\"PropertyValueSpecification\",\"valueRequired\":true,\"valueName\":\"search_term_string\"}}],\"inLanguage\":\"pt-PT\"},{\"@type\":\"Organization\",\"@id\":\"https:\\\/\\\/megdev01.com\\\/pt-pt\\\/#organization\",\"name\":\"Megablok\",\"url\":\"https:\\\/\\\/megdev01.com\\\/pt-pt\\\/\",\"logo\":{\"@type\":\"ImageObject\",\"inLanguage\":\"pt-PT\",\"@id\":\"https:\\\/\\\/megdev01.com\\\/pt-pt\\\/#\\\/schema\\\/logo\\\/image\\\/\",\"url\":\"https:\\\/\\\/megdev01.com\\\/wp-content\\\/uploads\\\/2024\\\/08\\\/270.png\",\"contentUrl\":\"https:\\\/\\\/megdev01.com\\\/wp-content\\\/uploads\\\/2024\\\/08\\\/270.png\",\"width\":270,\"height\":270,\"caption\":\"Megablok\"},\"image\":{\"@id\":\"https:\\\/\\\/megdev01.com\\\/pt-pt\\\/#\\\/schema\\\/logo\\\/image\\\/\"},\"sameAs\":[\"https:\\\/\\\/www.linkedin.com\\\/company\\\/megablok-s.a.\\\/\",\"https:\\\/\\\/www.instagram.com\\\/megabloksa\\\/\"]}]}<\/script>\n<!-- \/ Yoast SEO plugin. -->","yoast_head_json":{"title":"Guia de equipamento para vestu\u00e1rio e zonas comuns - Megablok","robots":{"index":"index","follow":"follow","max-snippet":"max-snippet:-1","max-image-preview":"max-image-preview:large","max-video-preview":"max-video-preview:-1"},"canonical":"https:\/\/megdev01.com\/pt-pt\/guia-de-equipamento-para-vestuario-e-zonas-comuns\/","og_locale":"pt_PT","og_type":"article","og_title":"Guia de equipamento para vestu\u00e1rio e zonas comuns - Megablok","og_url":"https:\/\/megdev01.com\/pt-pt\/guia-de-equipamento-para-vestuario-e-zonas-comuns\/","og_site_name":"Megablok","article_modified_time":"2026-03-31T07:48:09+00:00","twitter_card":"summary_large_image","twitter_misc":{"Tempo estimado de leitura":"9 minutos"},"schema":{"@context":"https:\/\/schema.org","@graph":[{"@type":"WebPage","@id":"https:\/\/megdev01.com\/pt-pt\/guia-de-equipamento-para-vestuario-e-zonas-comuns\/","url":"https:\/\/megdev01.com\/pt-pt\/guia-de-equipamento-para-vestuario-e-zonas-comuns\/","name":"Guia de equipamento para vestu\u00e1rio e zonas comuns - Megablok","isPartOf":{"@id":"https:\/\/megdev01.com\/pt-pt\/#website"},"datePublished":"2025-07-22T11:02:31+00:00","dateModified":"2026-03-31T07:48:09+00:00","breadcrumb":{"@id":"https:\/\/megdev01.com\/pt-pt\/guia-de-equipamento-para-vestuario-e-zonas-comuns\/#breadcrumb"},"inLanguage":"pt-PT","potentialAction":[{"@type":"ReadAction","target":["https:\/\/megdev01.com\/pt-pt\/guia-de-equipamento-para-vestuario-e-zonas-comuns\/"]}]},{"@type":"BreadcrumbList","@id":"https:\/\/megdev01.com\/pt-pt\/guia-de-equipamento-para-vestuario-e-zonas-comuns\/#breadcrumb","itemListElement":[{"@type":"ListItem","position":1,"name":"Portada","item":"https:\/\/megdev01.com\/pt-pt\/"},{"@type":"ListItem","position":2,"name":"Guia de equipamento para vestu\u00e1rio e zonas comuns"}]},{"@type":"WebSite","@id":"https:\/\/megdev01.com\/pt-pt\/#website","url":"https:\/\/megdev01.com\/pt-pt\/","name":"Megablok","description":"Taquillas para vestuarios de empresas y organizaciones","publisher":{"@id":"https:\/\/megdev01.com\/pt-pt\/#organization"},"potentialAction":[{"@type":"SearchAction","target":{"@type":"EntryPoint","urlTemplate":"https:\/\/megdev01.com\/pt-pt\/?s={search_term_string}"},"query-input":{"@type":"PropertyValueSpecification","valueRequired":true,"valueName":"search_term_string"}}],"inLanguage":"pt-PT"},{"@type":"Organization","@id":"https:\/\/megdev01.com\/pt-pt\/#organization","name":"Megablok","url":"https:\/\/megdev01.com\/pt-pt\/","logo":{"@type":"ImageObject","inLanguage":"pt-PT","@id":"https:\/\/megdev01.com\/pt-pt\/#\/schema\/logo\/image\/","url":"https:\/\/megdev01.com\/wp-content\/uploads\/2024\/08\/270.png","contentUrl":"https:\/\/megdev01.com\/wp-content\/uploads\/2024\/08\/270.png","width":270,"height":270,"caption":"Megablok"},"image":{"@id":"https:\/\/megdev01.com\/pt-pt\/#\/schema\/logo\/image\/"},"sameAs":["https:\/\/www.linkedin.com\/company\/megablok-s.a.\/","https:\/\/www.instagram.com\/megabloksa\/"]}]}},"jetpack_sharing_enabled":true,"_links":{"self":[{"href":"https:\/\/megdev01.com\/pt-pt\/wp-json\/wp\/v2\/pages\/31130","targetHints":{"allow":["GET"]}}],"collection":[{"href":"https:\/\/megdev01.com\/pt-pt\/wp-json\/wp\/v2\/pages"}],"about":[{"href":"https:\/\/megdev01.com\/pt-pt\/wp-json\/wp\/v2\/types\/page"}],"author":[{"embeddable":true,"href":"https:\/\/megdev01.com\/pt-pt\/wp-json\/wp\/v2\/users\/1"}],"replies":[{"embeddable":true,"href":"https:\/\/megdev01.com\/pt-pt\/wp-json\/wp\/v2\/comments?post=31130"}],"version-history":[{"count":2,"href":"https:\/\/megdev01.com\/pt-pt\/wp-json\/wp\/v2\/pages\/31130\/revisions"}],"predecessor-version":[{"id":31166,"href":"https:\/\/megdev01.com\/pt-pt\/wp-json\/wp\/v2\/pages\/31130\/revisions\/31166"}],"wp:attachment":[{"href":"https:\/\/megdev01.com\/pt-pt\/wp-json\/wp\/v2\/media?parent=31130"}],"curies":[{"name":"wp","href":"https:\/\/api.w.org\/{rel}","templated":true}]}}