{"id":30993,"date":"2025-07-16T08:09:36","date_gmt":"2025-07-16T08:09:36","guid":{"rendered":"https:\/\/megdev01.com\/serie-flp\/"},"modified":"2026-03-30T13:55:37","modified_gmt":"2026-03-30T13:55:37","slug":"serie-flp","status":"publish","type":"page","link":"https:\/\/megdev01.com\/pt-pt\/serie-flp\/","title":{"rendered":"S\u00e9rie FLP"},"content":{"rendered":"<p><div class=\"fusion-fullwidth fullwidth-box fusion-builder-row-1 fusion-flex-container has-pattern-background has-mask-background nonhundred-percent-fullwidth non-hundred-percent-height-scrolling\" style=\"--awb-border-radius-top-left:0px;--awb-border-radius-top-right:0px;--awb-border-radius-bottom-right:0px;--awb-border-radius-bottom-left:0px;--awb-margin-bottom:30px;--awb-background-color:#ffefef;--awb-flex-wrap:wrap;\" ><div class=\"fusion-builder-row fusion-row fusion-flex-align-items-flex-start fusion-flex-content-wrap\" style=\"max-width:1372.8px;margin-left: calc(-4% \/ 2 );margin-right: calc(-4% \/ 2 );\"><div class=\"fusion-layout-column fusion_builder_column fusion-builder-column-0 fusion_builder_column_1_1 1_1 fusion-flex-column\" style=\"--awb-bg-size:cover;--awb-width-large:100%;--awb-margin-top-large:0px;--awb-spacing-right-large:1.92%;--awb-margin-bottom-large:20px;--awb-spacing-left-large:1.92%;--awb-width-medium:100%;--awb-order-medium:0;--awb-spacing-right-medium:1.92%;--awb-spacing-left-medium:1.92%;--awb-width-small:100%;--awb-order-small:0;--awb-spacing-right-small:1.92%;--awb-spacing-left-small:1.92%;\"><div class=\"fusion-column-wrapper fusion-column-has-shadow fusion-flex-justify-content-flex-start fusion-content-layout-column\"><div class=\"fusion-separator fusion-full-width-sep\" style=\"align-self: center;margin-left: auto;margin-right: auto;margin-bottom:10px;width:100%;\"><\/div><div class=\"fusion-text fusion-text-1\"><p style=\"text-align: center;\"><b style=\"font-size: 25px;\" data-fusion-font=\"true\">V\u00ea imagens de algumas das nossas instala\u00e7\u00f5es:<\/b><\/p>\n<\/div><div style=\"text-align:center;\"><a class=\"fusion-button button-flat button-large button-default fusion-button-default button-1 fusion-button-default-span fusion-button-default-type\" target=\"_self\" href=\"https:\/\/megdev01.com\/lideres-equipamiento-vestuarios\/\"><i class=\"fa-share fas awb-button__icon awb-button__icon--default button-icon-left\" aria-hidden=\"true\"><\/i><span class=\"fusion-button-text awb-button__text awb-button__text--default\">VER IMAGENS<\/span><\/a><\/div><\/div><\/div><\/div><\/div>\n<div class=\"fusion-fullwidth fullwidth-box fusion-builder-row-2 fusion-flex-container has-pattern-background has-mask-background nonhundred-percent-fullwidth non-hundred-percent-height-scrolling\" style=\"--awb-border-radius-top-left:0px;--awb-border-radius-top-right:0px;--awb-border-radius-bottom-right:0px;--awb-border-radius-bottom-left:0px;--awb-flex-wrap:wrap;\" ><div class=\"fusion-builder-row fusion-row fusion-flex-align-items-flex-start fusion-flex-content-wrap\" style=\"max-width:1372.8px;margin-left: calc(-4% \/ 2 );margin-right: calc(-4% \/ 2 );\"><div class=\"fusion-layout-column fusion_builder_column fusion-builder-column-1 fusion_builder_column_1_1 1_1 fusion-flex-column\" style=\"--awb-bg-size:cover;--awb-width-large:100%;--awb-margin-top-large:0px;--awb-spacing-right-large:1.92%;--awb-margin-bottom-large:20px;--awb-spacing-left-large:1.92%;--awb-width-medium:100%;--awb-order-medium:0;--awb-spacing-right-medium:1.92%;--awb-spacing-left-medium:1.92%;--awb-width-small:100%;--awb-order-small:0;--awb-spacing-right-small:1.92%;--awb-spacing-left-small:1.92%;\"><div class=\"fusion-column-wrapper fusion-column-has-shadow fusion-flex-justify-content-flex-start fusion-content-layout-column\"><\/div><\/div><div class=\"fusion-layout-column fusion_builder_column fusion-builder-column-2 fusion_builder_column_1_1 1_1 fusion-flex-column\" style=\"--awb-bg-size:cover;--awb-width-large:100%;--awb-margin-top-large:0px;--awb-spacing-right-large:1.92%;--awb-margin-bottom-large:20px;--awb-spacing-left-large:1.92%;--awb-width-medium:100%;--awb-order-medium:0;--awb-spacing-right-medium:1.92%;--awb-spacing-left-medium:1.92%;--awb-width-small:100%;--awb-order-small:0;--awb-spacing-right-small:1.92%;--awb-spacing-left-small:1.92%;\"><div class=\"fusion-column-wrapper fusion-column-has-shadow fusion-flex-justify-content-flex-start fusion-content-layout-column\"><div class=\"fusion-text fusion-text-2\"><header id=\"pageHeaderFull\" class=\"page-header page-header--full\">\n<div class=\"page-header__container\">\n<div class=\"page-lead\"> Las <b>Canais fen\u00f3licas com perfilaria de Megablok<\/b> S\u00e3o concebidas para resistir <b>ambientes \u00famidos com uma estrutura s\u00f3lida e duradoura. <\/b>Seu perfilaria de alum\u00ednio ou a\u00e7o inoxid\u00e1vel traz refor\u00e7o e acabamento limpo, enquanto os pain\u00e9is fen\u00f3licos garantem higiene, resist\u00eancia \u00e0 \u00e1gua e uma est\u00e9tica moderna. Perfeitos para <b>piscinas, spas, centros desportivos, hospitais e laborat\u00f3rios,<\/b> Estas bilheterias s\u00e3o sin\u00f4nimo de resist\u00eancia e durabilidade em condi\u00e7\u00f5es exigentes. Uma solu\u00e7\u00e3o ideal para ambientes que requerem materiais higi\u00e9nicos, f\u00e1ceis de limpar e com uma alta vida \u00fatil. <\/div>\n<\/p>\n<\/div>\n<\/header>\n<\/div><\/div><\/div><\/div><\/div><\/p>\n","protected":false},"excerpt":{"rendered":"","protected":false},"author":1,"featured_media":15356,"parent":0,"menu_order":0,"comment_status":"closed","ping_status":"closed","template":"100-width.php","meta":{"_joinchat":[],"footnotes":""},"class_list":["post-30993","page","type-page","status-publish","has-post-thumbnail","hentry"],"yoast_head":"<!-- This site is optimized with the Yoast SEO plugin v27.3 - https:\/\/yoast.com\/product\/yoast-seo-wordpress\/ -->\n<title>S\u00e9rie FLP - Megablok<\/title>\n<meta name=\"description\" content=\"As bilheterias fen\u00f3licas com perfilaria de Megablok s\u00e3o ideais para ambientes \u00famidos. Solicita or\u00e7amento sem compromisso.\" \/>\n<meta name=\"robots\" content=\"index, follow, max-snippet:-1, max-image-preview:large, max-video-preview:-1\" \/>\n<link rel=\"canonical\" href=\"https:\/\/megdev01.com\/pt-pt\/serie-flp\/\" \/>\n<meta property=\"og:locale\" content=\"pt_PT\" \/>\n<meta property=\"og:type\" content=\"article\" \/>\n<meta property=\"og:title\" content=\"S\u00e9rie FLP - Megablok\" \/>\n<meta property=\"og:description\" content=\"As bilheterias fen\u00f3licas com perfilaria de Megablok s\u00e3o ideais para ambientes \u00famidos. Solicita or\u00e7amento sem compromisso.\" \/>\n<meta property=\"og:url\" content=\"https:\/\/megdev01.com\/pt-pt\/serie-flp\/\" \/>\n<meta property=\"og:site_name\" content=\"Megablok\" \/>\n<meta property=\"article:modified_time\" content=\"2026-03-30T13:55:37+00:00\" \/>\n<meta property=\"og:image\" content=\"http:\/\/megdev01.com\/wp-content\/uploads\/2024\/09\/53509-C_01.jpg\" \/>\n\t<meta property=\"og:image:width\" content=\"600\" \/>\n\t<meta property=\"og:image:height\" content=\"600\" \/>\n\t<meta property=\"og:image:type\" content=\"image\/jpeg\" \/>\n<meta name=\"twitter:card\" content=\"summary_large_image\" \/>\n<meta name=\"twitter:label1\" content=\"Tempo estimado de leitura\" \/>\n\t<meta name=\"twitter:data1\" content=\"5 minutos\" \/>\n<script type=\"application\/ld+json\" class=\"yoast-schema-graph\">{\"@context\":\"https:\\\/\\\/schema.org\",\"@graph\":[{\"@type\":\"WebPage\",\"@id\":\"https:\\\/\\\/megdev01.com\\\/pt-pt\\\/serie-flp\\\/\",\"url\":\"https:\\\/\\\/megdev01.com\\\/pt-pt\\\/serie-flp\\\/\",\"name\":\"S\u00e9rie FLP - Megablok\",\"isPartOf\":{\"@id\":\"https:\\\/\\\/megdev01.com\\\/pt-pt\\\/#website\"},\"primaryImageOfPage\":{\"@id\":\"https:\\\/\\\/megdev01.com\\\/pt-pt\\\/serie-flp\\\/#primaryimage\"},\"image\":{\"@id\":\"https:\\\/\\\/megdev01.com\\\/pt-pt\\\/serie-flp\\\/#primaryimage\"},\"thumbnailUrl\":\"https:\\\/\\\/megdev01.com\\\/wp-content\\\/uploads\\\/2024\\\/09\\\/53509-C_01.jpg\",\"datePublished\":\"2025-07-16T08:09:36+00:00\",\"dateModified\":\"2026-03-30T13:55:37+00:00\",\"description\":\"As bilheterias fen\u00f3licas com perfilaria de Megablok s\u00e3o ideais para ambientes \u00famidos. Solicita or\u00e7amento sem compromisso.\",\"breadcrumb\":{\"@id\":\"https:\\\/\\\/megdev01.com\\\/pt-pt\\\/serie-flp\\\/#breadcrumb\"},\"inLanguage\":\"pt-PT\",\"potentialAction\":[{\"@type\":\"ReadAction\",\"target\":[\"https:\\\/\\\/megdev01.com\\\/pt-pt\\\/serie-flp\\\/\"]}]},{\"@type\":\"ImageObject\",\"inLanguage\":\"pt-PT\",\"@id\":\"https:\\\/\\\/megdev01.com\\\/pt-pt\\\/serie-flp\\\/#primaryimage\",\"url\":\"https:\\\/\\\/megdev01.com\\\/wp-content\\\/uploads\\\/2024\\\/09\\\/53509-C_01.jpg\",\"contentUrl\":\"https:\\\/\\\/megdev01.com\\\/wp-content\\\/uploads\\\/2024\\\/09\\\/53509-C_01.jpg\",\"width\":600,\"height\":600,\"caption\":\"taquilla fenolica\"},{\"@type\":\"BreadcrumbList\",\"@id\":\"https:\\\/\\\/megdev01.com\\\/pt-pt\\\/serie-flp\\\/#breadcrumb\",\"itemListElement\":[{\"@type\":\"ListItem\",\"position\":1,\"name\":\"Portada\",\"item\":\"https:\\\/\\\/megdev01.com\\\/pt-pt\\\/\"},{\"@type\":\"ListItem\",\"position\":2,\"name\":\"S\u00e9rie FLP\"}]},{\"@type\":\"WebSite\",\"@id\":\"https:\\\/\\\/megdev01.com\\\/pt-pt\\\/#website\",\"url\":\"https:\\\/\\\/megdev01.com\\\/pt-pt\\\/\",\"name\":\"Megablok\",\"description\":\"Taquillas para vestuarios de empresas y organizaciones\",\"publisher\":{\"@id\":\"https:\\\/\\\/megdev01.com\\\/pt-pt\\\/#organization\"},\"potentialAction\":[{\"@type\":\"SearchAction\",\"target\":{\"@type\":\"EntryPoint\",\"urlTemplate\":\"https:\\\/\\\/megdev01.com\\\/pt-pt\\\/?s={search_term_string}\"},\"query-input\":{\"@type\":\"PropertyValueSpecification\",\"valueRequired\":true,\"valueName\":\"search_term_string\"}}],\"inLanguage\":\"pt-PT\"},{\"@type\":\"Organization\",\"@id\":\"https:\\\/\\\/megdev01.com\\\/pt-pt\\\/#organization\",\"name\":\"Megablok\",\"url\":\"https:\\\/\\\/megdev01.com\\\/pt-pt\\\/\",\"logo\":{\"@type\":\"ImageObject\",\"inLanguage\":\"pt-PT\",\"@id\":\"https:\\\/\\\/megdev01.com\\\/pt-pt\\\/#\\\/schema\\\/logo\\\/image\\\/\",\"url\":\"https:\\\/\\\/megdev01.com\\\/wp-content\\\/uploads\\\/2024\\\/08\\\/270.png\",\"contentUrl\":\"https:\\\/\\\/megdev01.com\\\/wp-content\\\/uploads\\\/2024\\\/08\\\/270.png\",\"width\":270,\"height\":270,\"caption\":\"Megablok\"},\"image\":{\"@id\":\"https:\\\/\\\/megdev01.com\\\/pt-pt\\\/#\\\/schema\\\/logo\\\/image\\\/\"},\"sameAs\":[\"https:\\\/\\\/www.linkedin.com\\\/company\\\/megablok-s.a.\\\/\",\"https:\\\/\\\/www.instagram.com\\\/megabloksa\\\/\"]}]}<\/script>\n<!-- \/ Yoast SEO plugin. -->","yoast_head_json":{"title":"S\u00e9rie FLP - Megablok","description":"As bilheterias fen\u00f3licas com perfilaria de Megablok s\u00e3o ideais para ambientes \u00famidos. Solicita or\u00e7amento sem compromisso.","robots":{"index":"index","follow":"follow","max-snippet":"max-snippet:-1","max-image-preview":"max-image-preview:large","max-video-preview":"max-video-preview:-1"},"canonical":"https:\/\/megdev01.com\/pt-pt\/serie-flp\/","og_locale":"pt_PT","og_type":"article","og_title":"S\u00e9rie FLP - Megablok","og_description":"As bilheterias fen\u00f3licas com perfilaria de Megablok s\u00e3o ideais para ambientes \u00famidos. Solicita or\u00e7amento sem compromisso.","og_url":"https:\/\/megdev01.com\/pt-pt\/serie-flp\/","og_site_name":"Megablok","article_modified_time":"2026-03-30T13:55:37+00:00","og_image":[{"width":600,"height":600,"url":"http:\/\/megdev01.com\/wp-content\/uploads\/2024\/09\/53509-C_01.jpg","type":"image\/jpeg"}],"twitter_card":"summary_large_image","twitter_misc":{"Tempo estimado de leitura":"5 minutos"},"schema":{"@context":"https:\/\/schema.org","@graph":[{"@type":"WebPage","@id":"https:\/\/megdev01.com\/pt-pt\/serie-flp\/","url":"https:\/\/megdev01.com\/pt-pt\/serie-flp\/","name":"S\u00e9rie FLP - Megablok","isPartOf":{"@id":"https:\/\/megdev01.com\/pt-pt\/#website"},"primaryImageOfPage":{"@id":"https:\/\/megdev01.com\/pt-pt\/serie-flp\/#primaryimage"},"image":{"@id":"https:\/\/megdev01.com\/pt-pt\/serie-flp\/#primaryimage"},"thumbnailUrl":"https:\/\/megdev01.com\/wp-content\/uploads\/2024\/09\/53509-C_01.jpg","datePublished":"2025-07-16T08:09:36+00:00","dateModified":"2026-03-30T13:55:37+00:00","description":"As bilheterias fen\u00f3licas com perfilaria de Megablok s\u00e3o ideais para ambientes \u00famidos. Solicita or\u00e7amento sem compromisso.","breadcrumb":{"@id":"https:\/\/megdev01.com\/pt-pt\/serie-flp\/#breadcrumb"},"inLanguage":"pt-PT","potentialAction":[{"@type":"ReadAction","target":["https:\/\/megdev01.com\/pt-pt\/serie-flp\/"]}]},{"@type":"ImageObject","inLanguage":"pt-PT","@id":"https:\/\/megdev01.com\/pt-pt\/serie-flp\/#primaryimage","url":"https:\/\/megdev01.com\/wp-content\/uploads\/2024\/09\/53509-C_01.jpg","contentUrl":"https:\/\/megdev01.com\/wp-content\/uploads\/2024\/09\/53509-C_01.jpg","width":600,"height":600,"caption":"taquilla fenolica"},{"@type":"BreadcrumbList","@id":"https:\/\/megdev01.com\/pt-pt\/serie-flp\/#breadcrumb","itemListElement":[{"@type":"ListItem","position":1,"name":"Portada","item":"https:\/\/megdev01.com\/pt-pt\/"},{"@type":"ListItem","position":2,"name":"S\u00e9rie FLP"}]},{"@type":"WebSite","@id":"https:\/\/megdev01.com\/pt-pt\/#website","url":"https:\/\/megdev01.com\/pt-pt\/","name":"Megablok","description":"Taquillas para vestuarios de empresas y organizaciones","publisher":{"@id":"https:\/\/megdev01.com\/pt-pt\/#organization"},"potentialAction":[{"@type":"SearchAction","target":{"@type":"EntryPoint","urlTemplate":"https:\/\/megdev01.com\/pt-pt\/?s={search_term_string}"},"query-input":{"@type":"PropertyValueSpecification","valueRequired":true,"valueName":"search_term_string"}}],"inLanguage":"pt-PT"},{"@type":"Organization","@id":"https:\/\/megdev01.com\/pt-pt\/#organization","name":"Megablok","url":"https:\/\/megdev01.com\/pt-pt\/","logo":{"@type":"ImageObject","inLanguage":"pt-PT","@id":"https:\/\/megdev01.com\/pt-pt\/#\/schema\/logo\/image\/","url":"https:\/\/megdev01.com\/wp-content\/uploads\/2024\/08\/270.png","contentUrl":"https:\/\/megdev01.com\/wp-content\/uploads\/2024\/08\/270.png","width":270,"height":270,"caption":"Megablok"},"image":{"@id":"https:\/\/megdev01.com\/pt-pt\/#\/schema\/logo\/image\/"},"sameAs":["https:\/\/www.linkedin.com\/company\/megablok-s.a.\/","https:\/\/www.instagram.com\/megabloksa\/"]}]}},"jetpack_sharing_enabled":true,"_links":{"self":[{"href":"https:\/\/megdev01.com\/pt-pt\/wp-json\/wp\/v2\/pages\/30993","targetHints":{"allow":["GET"]}}],"collection":[{"href":"https:\/\/megdev01.com\/pt-pt\/wp-json\/wp\/v2\/pages"}],"about":[{"href":"https:\/\/megdev01.com\/pt-pt\/wp-json\/wp\/v2\/types\/page"}],"author":[{"embeddable":true,"href":"https:\/\/megdev01.com\/pt-pt\/wp-json\/wp\/v2\/users\/1"}],"replies":[{"embeddable":true,"href":"https:\/\/megdev01.com\/pt-pt\/wp-json\/wp\/v2\/comments?post=30993"}],"version-history":[{"count":1,"href":"https:\/\/megdev01.com\/pt-pt\/wp-json\/wp\/v2\/pages\/30993\/revisions"}],"predecessor-version":[{"id":30996,"href":"https:\/\/megdev01.com\/pt-pt\/wp-json\/wp\/v2\/pages\/30993\/revisions\/30996"}],"wp:featuredmedia":[{"embeddable":true,"href":"https:\/\/megdev01.com\/pt-pt\/wp-json\/wp\/v2\/media\/15356"}],"wp:attachment":[{"href":"https:\/\/megdev01.com\/pt-pt\/wp-json\/wp\/v2\/media?parent=30993"}],"curies":[{"name":"wp","href":"https:\/\/api.w.org\/{rel}","templated":true}]}}