{"id":30878,"date":"2025-07-11T11:36:02","date_gmt":"2025-07-11T11:36:02","guid":{"rendered":"https:\/\/megdev01.com\/serie-ecob\/"},"modified":"2026-03-30T13:41:09","modified_gmt":"2026-03-30T13:41:09","slug":"serie-ecob","status":"publish","type":"page","link":"https:\/\/megdev01.com\/pt-pt\/serie-ecob\/","title":{"rendered":"S\u00e9rie ECOB"},"content":{"rendered":"<div class=\"fusion-fullwidth fullwidth-box fusion-builder-row-1 fusion-flex-container has-pattern-background has-mask-background nonhundred-percent-fullwidth non-hundred-percent-height-scrolling\" style=\"--awb-border-radius-top-left:0px;--awb-border-radius-top-right:0px;--awb-border-radius-bottom-right:0px;--awb-border-radius-bottom-left:0px;--awb-flex-wrap:wrap;\" ><div class=\"fusion-builder-row fusion-row fusion-flex-align-items-flex-start fusion-flex-content-wrap\" style=\"max-width:1372.8px;margin-left: calc(-4% \/ 2 );margin-right: calc(-4% \/ 2 );\"><div class=\"fusion-layout-column fusion_builder_column fusion-builder-column-0 fusion_builder_column_1_1 1_1 fusion-flex-column\" style=\"--awb-bg-size:cover;--awb-width-large:100%;--awb-margin-top-large:0px;--awb-spacing-right-large:1.92%;--awb-margin-bottom-large:20px;--awb-spacing-left-large:1.92%;--awb-width-medium:100%;--awb-order-medium:0;--awb-spacing-right-medium:1.92%;--awb-spacing-left-medium:1.92%;--awb-width-small:100%;--awb-order-small:0;--awb-spacing-right-small:1.92%;--awb-spacing-left-small:1.92%;\"><div class=\"fusion-column-wrapper fusion-column-has-shadow fusion-flex-justify-content-flex-start fusion-content-layout-column\"><\/div><\/div><div class=\"fusion-layout-column fusion_builder_column fusion-builder-column-1 fusion_builder_column_1_1 1_1 fusion-flex-column\" style=\"--awb-bg-size:cover;--awb-width-large:100%;--awb-margin-top-large:0px;--awb-spacing-right-large:1.92%;--awb-margin-bottom-large:20px;--awb-spacing-left-large:1.92%;--awb-width-medium:100%;--awb-order-medium:0;--awb-spacing-right-medium:1.92%;--awb-spacing-left-medium:1.92%;--awb-width-small:100%;--awb-order-small:0;--awb-spacing-right-small:1.92%;--awb-spacing-left-small:1.92%;\"><div class=\"fusion-column-wrapper fusion-column-has-shadow fusion-flex-justify-content-flex-start fusion-content-layout-column\"><div class=\"fusion-text fusion-text-1\"><p>Las <b>ECO PRO<\/b> Megablok \u00e9 a op\u00e7\u00e3o perfeita para quem procura uma <b>solu\u00e7\u00e3o econ\u00f3mica, pr\u00e1tica e de qualidade<\/b> Para equipar vestu\u00e1rio de empresas, centros educativos, hospitais e todos os tipos de instala\u00e7\u00f5es. Fabricadas em a\u00e7o 100% recicl\u00e1vel e livres de pl\u00e1sticos em sua embalagem, essas bilheterias met\u00e1licas destacam por seu compromisso com a <b>sustentabilidade <\/b>e seu excelente relacionamento <b>qualidade-pre\u00e7o.<\/b> Listas para usar desde o primeiro dia, as bilheterias ECO PRO s\u00e3o entregues montadas ou desmontadas, adaptando-se \u00e0s necessidades de cada espa\u00e7o. O seu design simples e funcional garante uma utiliza\u00e7\u00e3o confort\u00e1vel, segura e de baixa manuten\u00e7\u00e3o, cumprindo as normas vigentes em seguran\u00e7a e preven\u00e7\u00e3o de riscos. Uma solu\u00e7\u00e3o confi\u00e1vel e vers\u00e1til para manter os <b>vesti\u00e1rios organizados, com uma imagem profissional e duradoura,<\/b> Ao melhor pre\u00e7o.<\/p>\n<\/div><\/div><\/div><\/div><\/div>\n","protected":false},"excerpt":{"rendered":"","protected":false},"author":1,"featured_media":0,"parent":0,"menu_order":0,"comment_status":"closed","ping_status":"closed","template":"100-width.php","meta":{"_joinchat":[],"footnotes":""},"class_list":["post-30878","page","type-page","status-publish","hentry"],"yoast_head":"<!-- This site is optimized with the Yoast SEO plugin v27.3 - https:\/\/yoast.com\/product\/yoast-seo-wordpress\/ -->\n<title>S\u00e9rie ECOB - Megablok<\/title>\n<meta name=\"description\" content=\"Taquillas met\u00e1licas para vestu\u00e1rio ECO PRO de grande resist\u00eancia, durabilidade e f\u00e1cil montagem. Solicita or\u00e7amento sem compromisso.\" \/>\n<meta name=\"robots\" content=\"index, follow, max-snippet:-1, max-image-preview:large, max-video-preview:-1\" \/>\n<link rel=\"canonical\" href=\"https:\/\/megdev01.com\/pt-pt\/serie-ecob\/\" \/>\n<meta property=\"og:locale\" content=\"pt_PT\" \/>\n<meta property=\"og:type\" content=\"article\" \/>\n<meta property=\"og:title\" content=\"S\u00e9rie ECOB - Megablok\" \/>\n<meta property=\"og:description\" content=\"Taquillas met\u00e1licas para vestu\u00e1rio ECO PRO de grande resist\u00eancia, durabilidade e f\u00e1cil montagem. Solicita or\u00e7amento sem compromisso.\" \/>\n<meta property=\"og:url\" content=\"https:\/\/megdev01.com\/pt-pt\/serie-ecob\/\" \/>\n<meta property=\"og:site_name\" content=\"Megablok\" \/>\n<meta property=\"article:modified_time\" content=\"2026-03-30T13:41:09+00:00\" \/>\n<meta name=\"twitter:card\" content=\"summary_large_image\" \/>\n<meta name=\"twitter:label1\" content=\"Tempo estimado de leitura\" \/>\n\t<meta name=\"twitter:data1\" content=\"5 minutos\" \/>\n<script type=\"application\/ld+json\" class=\"yoast-schema-graph\">{\"@context\":\"https:\\\/\\\/schema.org\",\"@graph\":[{\"@type\":\"WebPage\",\"@id\":\"https:\\\/\\\/megdev01.com\\\/pt-pt\\\/serie-ecob\\\/\",\"url\":\"https:\\\/\\\/megdev01.com\\\/pt-pt\\\/serie-ecob\\\/\",\"name\":\"S\u00e9rie ECOB - Megablok\",\"isPartOf\":{\"@id\":\"https:\\\/\\\/megdev01.com\\\/pt-pt\\\/#website\"},\"datePublished\":\"2025-07-11T11:36:02+00:00\",\"dateModified\":\"2026-03-30T13:41:09+00:00\",\"description\":\"Taquillas met\u00e1licas para vestu\u00e1rio ECO PRO de grande resist\u00eancia, durabilidade e f\u00e1cil montagem. Solicita or\u00e7amento sem compromisso.\",\"breadcrumb\":{\"@id\":\"https:\\\/\\\/megdev01.com\\\/pt-pt\\\/serie-ecob\\\/#breadcrumb\"},\"inLanguage\":\"pt-PT\",\"potentialAction\":[{\"@type\":\"ReadAction\",\"target\":[\"https:\\\/\\\/megdev01.com\\\/pt-pt\\\/serie-ecob\\\/\"]}]},{\"@type\":\"BreadcrumbList\",\"@id\":\"https:\\\/\\\/megdev01.com\\\/pt-pt\\\/serie-ecob\\\/#breadcrumb\",\"itemListElement\":[{\"@type\":\"ListItem\",\"position\":1,\"name\":\"Portada\",\"item\":\"https:\\\/\\\/megdev01.com\\\/pt-pt\\\/\"},{\"@type\":\"ListItem\",\"position\":2,\"name\":\"S\u00e9rie ECOB\"}]},{\"@type\":\"WebSite\",\"@id\":\"https:\\\/\\\/megdev01.com\\\/pt-pt\\\/#website\",\"url\":\"https:\\\/\\\/megdev01.com\\\/pt-pt\\\/\",\"name\":\"Megablok\",\"description\":\"Taquillas para vestuarios de empresas y organizaciones\",\"publisher\":{\"@id\":\"https:\\\/\\\/megdev01.com\\\/pt-pt\\\/#organization\"},\"potentialAction\":[{\"@type\":\"SearchAction\",\"target\":{\"@type\":\"EntryPoint\",\"urlTemplate\":\"https:\\\/\\\/megdev01.com\\\/pt-pt\\\/?s={search_term_string}\"},\"query-input\":{\"@type\":\"PropertyValueSpecification\",\"valueRequired\":true,\"valueName\":\"search_term_string\"}}],\"inLanguage\":\"pt-PT\"},{\"@type\":\"Organization\",\"@id\":\"https:\\\/\\\/megdev01.com\\\/pt-pt\\\/#organization\",\"name\":\"Megablok\",\"url\":\"https:\\\/\\\/megdev01.com\\\/pt-pt\\\/\",\"logo\":{\"@type\":\"ImageObject\",\"inLanguage\":\"pt-PT\",\"@id\":\"https:\\\/\\\/megdev01.com\\\/pt-pt\\\/#\\\/schema\\\/logo\\\/image\\\/\",\"url\":\"https:\\\/\\\/megdev01.com\\\/wp-content\\\/uploads\\\/2024\\\/08\\\/270.png\",\"contentUrl\":\"https:\\\/\\\/megdev01.com\\\/wp-content\\\/uploads\\\/2024\\\/08\\\/270.png\",\"width\":270,\"height\":270,\"caption\":\"Megablok\"},\"image\":{\"@id\":\"https:\\\/\\\/megdev01.com\\\/pt-pt\\\/#\\\/schema\\\/logo\\\/image\\\/\"},\"sameAs\":[\"https:\\\/\\\/www.linkedin.com\\\/company\\\/megablok-s.a.\\\/\",\"https:\\\/\\\/www.instagram.com\\\/megabloksa\\\/\"]}]}<\/script>\n<!-- \/ Yoast SEO plugin. -->","yoast_head_json":{"title":"S\u00e9rie ECOB - Megablok","description":"Taquillas met\u00e1licas para vestu\u00e1rio ECO PRO de grande resist\u00eancia, durabilidade e f\u00e1cil montagem. Solicita or\u00e7amento sem compromisso.","robots":{"index":"index","follow":"follow","max-snippet":"max-snippet:-1","max-image-preview":"max-image-preview:large","max-video-preview":"max-video-preview:-1"},"canonical":"https:\/\/megdev01.com\/pt-pt\/serie-ecob\/","og_locale":"pt_PT","og_type":"article","og_title":"S\u00e9rie ECOB - Megablok","og_description":"Taquillas met\u00e1licas para vestu\u00e1rio ECO PRO de grande resist\u00eancia, durabilidade e f\u00e1cil montagem. Solicita or\u00e7amento sem compromisso.","og_url":"https:\/\/megdev01.com\/pt-pt\/serie-ecob\/","og_site_name":"Megablok","article_modified_time":"2026-03-30T13:41:09+00:00","twitter_card":"summary_large_image","twitter_misc":{"Tempo estimado de leitura":"5 minutos"},"schema":{"@context":"https:\/\/schema.org","@graph":[{"@type":"WebPage","@id":"https:\/\/megdev01.com\/pt-pt\/serie-ecob\/","url":"https:\/\/megdev01.com\/pt-pt\/serie-ecob\/","name":"S\u00e9rie ECOB - Megablok","isPartOf":{"@id":"https:\/\/megdev01.com\/pt-pt\/#website"},"datePublished":"2025-07-11T11:36:02+00:00","dateModified":"2026-03-30T13:41:09+00:00","description":"Taquillas met\u00e1licas para vestu\u00e1rio ECO PRO de grande resist\u00eancia, durabilidade e f\u00e1cil montagem. Solicita or\u00e7amento sem compromisso.","breadcrumb":{"@id":"https:\/\/megdev01.com\/pt-pt\/serie-ecob\/#breadcrumb"},"inLanguage":"pt-PT","potentialAction":[{"@type":"ReadAction","target":["https:\/\/megdev01.com\/pt-pt\/serie-ecob\/"]}]},{"@type":"BreadcrumbList","@id":"https:\/\/megdev01.com\/pt-pt\/serie-ecob\/#breadcrumb","itemListElement":[{"@type":"ListItem","position":1,"name":"Portada","item":"https:\/\/megdev01.com\/pt-pt\/"},{"@type":"ListItem","position":2,"name":"S\u00e9rie ECOB"}]},{"@type":"WebSite","@id":"https:\/\/megdev01.com\/pt-pt\/#website","url":"https:\/\/megdev01.com\/pt-pt\/","name":"Megablok","description":"Taquillas para vestuarios de empresas y organizaciones","publisher":{"@id":"https:\/\/megdev01.com\/pt-pt\/#organization"},"potentialAction":[{"@type":"SearchAction","target":{"@type":"EntryPoint","urlTemplate":"https:\/\/megdev01.com\/pt-pt\/?s={search_term_string}"},"query-input":{"@type":"PropertyValueSpecification","valueRequired":true,"valueName":"search_term_string"}}],"inLanguage":"pt-PT"},{"@type":"Organization","@id":"https:\/\/megdev01.com\/pt-pt\/#organization","name":"Megablok","url":"https:\/\/megdev01.com\/pt-pt\/","logo":{"@type":"ImageObject","inLanguage":"pt-PT","@id":"https:\/\/megdev01.com\/pt-pt\/#\/schema\/logo\/image\/","url":"https:\/\/megdev01.com\/wp-content\/uploads\/2024\/08\/270.png","contentUrl":"https:\/\/megdev01.com\/wp-content\/uploads\/2024\/08\/270.png","width":270,"height":270,"caption":"Megablok"},"image":{"@id":"https:\/\/megdev01.com\/pt-pt\/#\/schema\/logo\/image\/"},"sameAs":["https:\/\/www.linkedin.com\/company\/megablok-s.a.\/","https:\/\/www.instagram.com\/megabloksa\/"]}]}},"jetpack_sharing_enabled":true,"_links":{"self":[{"href":"https:\/\/megdev01.com\/pt-pt\/wp-json\/wp\/v2\/pages\/30878","targetHints":{"allow":["GET"]}}],"collection":[{"href":"https:\/\/megdev01.com\/pt-pt\/wp-json\/wp\/v2\/pages"}],"about":[{"href":"https:\/\/megdev01.com\/pt-pt\/wp-json\/wp\/v2\/types\/page"}],"author":[{"embeddable":true,"href":"https:\/\/megdev01.com\/pt-pt\/wp-json\/wp\/v2\/users\/1"}],"replies":[{"embeddable":true,"href":"https:\/\/megdev01.com\/pt-pt\/wp-json\/wp\/v2\/comments?post=30878"}],"version-history":[{"count":34,"href":"https:\/\/megdev01.com\/pt-pt\/wp-json\/wp\/v2\/pages\/30878\/revisions"}],"predecessor-version":[{"id":30943,"href":"https:\/\/megdev01.com\/pt-pt\/wp-json\/wp\/v2\/pages\/30878\/revisions\/30943"}],"wp:attachment":[{"href":"https:\/\/megdev01.com\/pt-pt\/wp-json\/wp\/v2\/media?parent=30878"}],"curies":[{"name":"wp","href":"https:\/\/api.w.org\/{rel}","templated":true}]}}