{"id":30708,"date":"2024-08-22T09:20:48","date_gmt":"2024-08-22T09:20:48","guid":{"rendered":"https:\/\/megdev01.com\/cresce-conosco\/"},"modified":"2026-04-07T11:12:00","modified_gmt":"2026-04-07T11:12:00","slug":"cresce-conosco","status":"publish","type":"page","link":"https:\/\/megdev01.com\/pt-pt\/cresce-conosco\/","title":{"rendered":"Cresce conosco"},"content":{"rendered":"<p><div class=\"fusion-fullwidth fullwidth-box fusion-builder-row-1 fusion-flex-container has-pattern-background has-mask-background nonhundred-percent-fullwidth non-hundred-percent-height-scrolling\" style=\"--awb-border-radius-top-left:0px;--awb-border-radius-top-right:0px;--awb-border-radius-bottom-right:0px;--awb-border-radius-bottom-left:0px;--awb-padding-top:60px;--awb-padding-bottom:60px;--awb-background-image:linear-gradient(90deg, var(--awb-color2) 40%,rgba(255,255,255,0) 40%);--awb-flex-wrap:wrap;\" ><div class=\"fusion-builder-row fusion-row fusion-flex-align-items-center fusion-flex-content-wrap\" style=\"max-width:1372.8px;margin-left: calc(-4% \/ 2 );margin-right: calc(-4% \/ 2 );\"><div class=\"fusion-layout-column fusion_builder_column fusion-builder-column-0 fusion_builder_column_1_2 1_2 fusion-flex-column\" style=\"--awb-bg-size:cover;--awb-transform:translateX(0px);--awb-transform-hover:translateX(10px);--awb-width-large:50%;--awb-margin-top-large:0px;--awb-spacing-right-large:3.84%;--awb-margin-bottom-large:0px;--awb-spacing-left-large:3.84%;--awb-width-medium:50%;--awb-order-medium:0;--awb-spacing-right-medium:3.84%;--awb-spacing-left-medium:3.84%;--awb-width-small:100%;--awb-order-small:2;--awb-margin-top-small:60px;--awb-spacing-right-small:1.92%;--awb-spacing-left-small:1.92%;\"><div class=\"fusion-column-wrapper fusion-column-has-shadow fusion-flex-justify-content-flex-start fusion-content-layout-column\"><div class=\"fusion-image-element \" style=\"--awb-aspect-ratio: 100 \/ 62;--awb-caption-title-font-family:var(--h2_typography-font-family);--awb-caption-title-font-weight:var(--h2_typography-font-weight);--awb-caption-title-font-style:var(--h2_typography-font-style);--awb-caption-title-size:var(--h2_typography-font-size);--awb-caption-title-transform:var(--h2_typography-text-transform);--awb-caption-title-line-height:var(--h2_typography-line-height);--awb-caption-title-letter-spacing:var(--h2_typography-letter-spacing);\"><span class=\" fusion-imageframe imageframe-none imageframe-1 hover-type-none has-aspect-ratio\" style=\"border-radius:0px 0px 50px 0px;\"><img decoding=\"async\" width=\"1200\" height=\"801\" alt=\"recursos humanos\" title=\"colleagues-celebrating-success\" src=\"https:\/\/megdev01.com\/wp-content\/uploads\/2024\/08\/colleagues-celebrating-success.jpg\" data-orig-src=\"http:\/\/megdev01.com\/wp-content\/uploads\/2024\/08\/colleagues-celebrating-success.jpg\" class=\"lazyload img-responsive wp-image-10190 img-with-aspect-ratio\" data-parent-fit=\"cover\" data-parent-container=\".fusion-image-element\" srcset=\"data:image\/svg+xml,%3Csvg%20xmlns%3D%27http%3A%2F%2Fwww.w3.org%2F2000%2Fsvg%27%20width%3D%271200%27%20height%3D%27801%27%20viewBox%3D%270%200%201200%20801%27%3E%3Crect%20width%3D%271200%27%20height%3D%27801%27%20fill-opacity%3D%220%22%2F%3E%3C%2Fsvg%3E\" data-srcset=\"https:\/\/megdev01.com\/wp-content\/uploads\/2024\/08\/colleagues-celebrating-success-200x134.jpg 200w, https:\/\/megdev01.com\/wp-content\/uploads\/2024\/08\/colleagues-celebrating-success-400x267.jpg 400w, https:\/\/megdev01.com\/wp-content\/uploads\/2024\/08\/colleagues-celebrating-success-600x401.jpg 600w, https:\/\/megdev01.com\/wp-content\/uploads\/2024\/08\/colleagues-celebrating-success-800x534.jpg 800w, https:\/\/megdev01.com\/wp-content\/uploads\/2024\/08\/colleagues-celebrating-success.jpg 1200w\" data-sizes=\"auto\" data-orig-sizes=\"(max-width: 850px) 100vw, 800px\" \/><\/span><\/div><\/div><\/div><div class=\"fusion-layout-column fusion_builder_column fusion-builder-column-1 fusion_builder_column_1_2 1_2 fusion-flex-column\" style=\"--awb-padding-left:50px;--awb-padding-right-small:0px;--awb-padding-left-small:0px;--awb-bg-size:cover;--awb-width-large:50%;--awb-margin-top-large:0px;--awb-spacing-right-large:3.84%;--awb-margin-bottom-large:0px;--awb-spacing-left-large:3.84%;--awb-width-medium:50%;--awb-order-medium:0;--awb-spacing-right-medium:3.84%;--awb-spacing-left-medium:3.84%;--awb-width-small:100%;--awb-order-small:1;--awb-spacing-right-small:1.92%;--awb-spacing-left-small:1.92%;\"><div class=\"fusion-column-wrapper fusion-column-has-shadow fusion-flex-justify-content-flex-start fusion-content-layout-column\"><div class=\"fusion-text fusion-text-1\" style=\"--awb-margin-top:15px;\"><p style=\"font-size: 25px;\" data-fusion-font=\"true\">Na <b style=\"color: var(--awb-color4);\"><span style=\"font-family: 'Behind the Nineties Sans Bold italic';\" data-fusion-font=\"true\">Megablok<\/span> <\/b>estamos sempre \u00e0 procura de novos talentos para as diferentes \u00e1reas do nosso Grupo.<\/p>\n<p style=\"font-size: 25px;\" data-fusion-font=\"true\">O trabalho dos seus sonhos pode estar \u00e0 sua espera num dos departamentos da nossa empresa, <span style=\"font-family: 'Behind The Nineties Sans';\">s\u00f3 tem de ir atr\u00e1s dele!<\/span><\/p>\n<p style=\"font-size: 25px;\" data-fusion-font=\"true\">Preencha este pequeno formul\u00e1rio, anexe o seu CV e d\u00ea mais um passo para encontrar um lugar onde possa crescer profissionalmente.<\/p>\n<\/div><\/div><\/div><\/div><\/div><div class=\"fusion-fullwidth fullwidth-box fusion-builder-row-2 fusion-flex-container has-pattern-background has-mask-background nonhundred-percent-fullwidth non-hundred-percent-height-scrolling\" style=\"--awb-border-radius-top-left:0px;--awb-border-radius-top-right:0px;--awb-border-radius-bottom-right:0px;--awb-border-radius-bottom-left:0px;--awb-flex-wrap:wrap;\" ><div class=\"fusion-builder-row fusion-row fusion-flex-align-items-flex-start fusion-flex-content-wrap\" style=\"max-width:1372.8px;margin-left: calc(-4% \/ 2 );margin-right: calc(-4% \/ 2 );\"><div class=\"fusion-layout-column fusion_builder_column fusion-builder-column-2 fusion_builder_column_1_1 1_1 fusion-flex-column\" style=\"--awb-bg-size:cover;--awb-width-large:100%;--awb-margin-top-large:50px;--awb-spacing-right-large:1.92%;--awb-margin-bottom-large:20px;--awb-spacing-left-large:1.92%;--awb-width-medium:100%;--awb-order-medium:0;--awb-spacing-right-medium:1.92%;--awb-spacing-left-medium:1.92%;--awb-width-small:100%;--awb-order-small:0;--awb-spacing-right-small:1.92%;--awb-spacing-left-small:1.92%;\"><div class=\"fusion-column-wrapper fusion-column-has-shadow fusion-flex-justify-content-flex-start fusion-content-layout-column\"><div class=\"fusion-form fusion-form-builder fusion-form-form-wrapper fusion-form-5938\" style=\"--awb-tooltip-text-color:#ffffff;--awb-tooltip-background-color:#333333;\" data-form-id=\"5938\" data-config=\"{&quot;form_id&quot;:5938,&quot;form_post_id&quot;:5938,&quot;post_id&quot;:30708,&quot;form_type&quot;:&quot;ajax&quot;,&quot;confirmation_type&quot;:&quot;message&quot;,&quot;redirect_url&quot;:&quot;&quot;,&quot;redirect_timeout&quot;:&quot;0&quot;,&quot;field_labels&quot;:{&quot;nombre_y_apellidoNombre y apellidoss&quot;:&quot;Nombre y apellidos&quot;,&quot;telefono&quot;:&quot;Tel\\u00e9fono&quot;,&quot;titulacion&quot;:&quot;Titulaci\\u00f3n&quot;,&quot;emailEmail&quot;:&quot;Email&quot;,&quot;ciudad_pais&quot;:&quot;Ciudad, Pa\\u00eds&quot;,&quot;curriculum_vitae&quot;:&quot;Curr\\u00edculum Vitae&quot;,&quot;comentarios&quot;:&quot;Comentarios&quot;,&quot;terminos-condiciones&quot;:&quot;&quot;},&quot;field_logics&quot;:{&quot;nombre_y_apellidoNombre y apellidoss&quot;:&quot;&quot;,&quot;telefono&quot;:&quot;&quot;,&quot;titulacion&quot;:&quot;&quot;,&quot;emailEmail&quot;:&quot;&quot;,&quot;ciudad_pais&quot;:&quot;&quot;,&quot;curriculum_vitae&quot;:&quot;&quot;,&quot;comentarios&quot;:&quot;&quot;,&quot;terminos-condiciones&quot;:&quot;&quot;},&quot;field_types&quot;:{&quot;nombre_y_apellidoNombre y apellidoss&quot;:&quot;text&quot;,&quot;telefono&quot;:&quot;phone_number&quot;,&quot;titulacion&quot;:&quot;text&quot;,&quot;emailEmail&quot;:&quot;email&quot;,&quot;ciudad_pais&quot;:&quot;text&quot;,&quot;curriculum_vitae&quot;:&quot;upload&quot;,&quot;comentarios&quot;:&quot;textarea&quot;,&quot;terminos-condiciones&quot;:&quot;consent&quot;},&quot;nonce_method&quot;:&quot;ajax&quot;,&quot;form_views&quot;:&quot;ajax&quot;,&quot;form_views_counting&quot;:&quot;all&quot;}\"><form action=\"https:\/\/megdev01.com\/pt-pt\/cresce-conosco\/\" method=\"post\" class=\"fusion-form fusion-form-5938\" enctype=\"multipart\/form-data\"><div class=\"fusion-fullwidth fullwidth-box fusion-builder-row-2-1 fusion-flex-container has-pattern-background has-mask-background nonhundred-percent-fullwidth non-hundred-percent-height-scrolling\" style=\"--awb-border-radius-top-left:0px;--awb-border-radius-top-right:0px;--awb-border-radius-bottom-right:0px;--awb-border-radius-bottom-left:0px;--awb-flex-wrap:wrap;\" ><div class=\"fusion-builder-row fusion-row fusion-flex-align-items-flex-start fusion-flex-content-wrap\" style=\"width:104% !important;max-width:104% !important;margin-left: calc(-4% \/ 2 );margin-right: calc(-4% \/ 2 );\"><div class=\"fusion-layout-column fusion_builder_column fusion-builder-column-3 fusion_builder_column_1_1 1_1 fusion-flex-column\" style=\"--awb-bg-size:cover;--awb-width-large:100%;--awb-flex-grow:0;--awb-flex-shrink:0;--awb-margin-top-large:0px;--awb-spacing-right-large:1.92%;--awb-margin-bottom-large:20px;--awb-spacing-left-large:1.92%;--awb-width-medium:100%;--awb-order-medium:0;--awb-flex-grow-medium:0;--awb-flex-shrink-medium:0;--awb-spacing-right-medium:1.92%;--awb-spacing-left-medium:1.92%;--awb-width-small:100%;--awb-order-small:0;--awb-flex-grow-small:0;--awb-flex-shrink-small:0;--awb-spacing-right-small:1.92%;--awb-spacing-left-small:1.92%;\"><div class=\"fusion-column-wrapper fusion-column-has-shadow fusion-flex-justify-content-flex-start fusion-content-layout-column\"><div class=\"fusion-builder-row fusion-builder-row-inner fusion-row fusion-flex-align-items-flex-start fusion-flex-content-wrap\" style=\"--awb-flex-grow:0;--awb-flex-grow-medium:0;--awb-flex-grow-small:0;--awb-flex-shrink:0;--awb-flex-shrink-medium:0;--awb-flex-shrink-small:0;width:104% !important;max-width:104% !important;margin-left: calc(-4% \/ 2 );margin-right: calc(-4% \/ 2 );\"><div class=\"fusion-layout-column fusion_builder_column_inner fusion-builder-nested-column-0 fusion_builder_column_inner_1_2 1_2 fusion-flex-column\" style=\"--awb-bg-size:cover;--awb-width-large:50%;--awb-margin-top-large:0px;--awb-spacing-right-large:3.84%;--awb-margin-bottom-large:20px;--awb-spacing-left-large:3.84%;--awb-width-medium:50%;--awb-order-medium:0;--awb-spacing-right-medium:3.84%;--awb-spacing-left-medium:3.84%;--awb-width-small:100%;--awb-order-small:0;--awb-spacing-right-small:1.92%;--awb-spacing-left-small:1.92%;\"><div class=\"fusion-column-wrapper fusion-column-has-shadow fusion-flex-justify-content-flex-start fusion-content-layout-column\"><div class=\"fusion-form-field fusion-form-text-field fusion-form-label-above\" style=\"\" data-form-id=\"5938\"><div class=\"fusion-form-label-wrapper\"><label for=\"nombre_y_apellidoNombre y apellidoss\">Nombre y apellidos <abbr class=\"fusion-form-element-required\" title=\"required\">*<\/abbr><\/label><\/div><input type=\"text\" autocomplete=\"off\" name=\"nombre_y_apellidoNombre y apellidoss\" id=\"nombre_y_apellidoNombre y apellidoss\" value=\"\"  class=\"fusion-form-input\" required=\"true\" aria-required=\"true\" data-holds-private-data=\"false\" minlength=\"0\"\/><\/div><div class=\"fusion-form-field fusion-form-phone-number-field fusion-form-label-above\" style=\"\" data-form-id=\"5938\"><div class=\"fusion-form-label-wrapper\"><label for=\"telefono\">Tel\u00e9fono <abbr class=\"fusion-form-element-required\" title=\"required\">*<\/abbr><\/label><\/div><input type=\"tel\" autocomplete=\"off\" name=\"telefono\" id=\"telefono\" value=\"\"  class=\"fusion-form-input\" required=\"true\" aria-required=\"true\" data-holds-private-data=\"false\"\/><\/div><div class=\"fusion-form-field fusion-form-text-field fusion-form-label-above\" style=\"\" data-form-id=\"5938\"><div class=\"fusion-form-label-wrapper\"><label for=\"titulacion\">Titulaci\u00f3n<\/label><\/div><input type=\"text\" autocomplete=\"off\" name=\"titulacion\" id=\"titulacion\" value=\"\"  class=\"fusion-form-input\" data-holds-private-data=\"false\" minlength=\"0\"\/><\/div><\/div><\/div><div class=\"fusion-layout-column fusion_builder_column_inner fusion-builder-nested-column-1 fusion_builder_column_inner_1_2 1_2 fusion-flex-column\" style=\"--awb-bg-size:cover;--awb-width-large:50%;--awb-margin-top-large:0px;--awb-spacing-right-large:3.84%;--awb-margin-bottom-large:20px;--awb-spacing-left-large:3.84%;--awb-width-medium:50%;--awb-order-medium:0;--awb-spacing-right-medium:3.84%;--awb-spacing-left-medium:3.84%;--awb-width-small:100%;--awb-order-small:0;--awb-spacing-right-small:1.92%;--awb-spacing-left-small:1.92%;\"><div class=\"fusion-column-wrapper fusion-column-has-shadow fusion-flex-justify-content-flex-start fusion-content-layout-column\"><div class=\"fusion-form-field fusion-form-email-field fusion-form-label-above\" style=\"\" data-form-id=\"5938\"><div class=\"fusion-form-label-wrapper\"><label for=\"emailEmail\">Email <abbr class=\"fusion-form-element-required\" title=\"required\">*<\/abbr><\/label><\/div><input type=\"email\" autocomplete=\"off\" name=\"emailEmail\" id=\"emailEmail\" value=\"\"  class=\"fusion-form-input\" required=\"true\" aria-required=\"true\" data-holds-private-data=\"false\"\/><\/div><div class=\"fusion-form-field fusion-form-text-field fusion-form-label-above\" style=\"\" data-form-id=\"5938\"><div class=\"fusion-form-label-wrapper\"><label for=\"ciudad_pais\">Ciudad, Pa\u00eds <abbr class=\"fusion-form-element-required\" title=\"required\">*<\/abbr><\/label><\/div><input type=\"text\" autocomplete=\"off\" name=\"ciudad_pais\" id=\"ciudad_pais\" value=\"\"  class=\"fusion-form-input\" required=\"true\" aria-required=\"true\" data-holds-private-data=\"false\" minlength=\"0\"\/><\/div><div class=\"fusion-form-field fusion-form-upload-field fusion-form-label-above\" style=\"--awb-preview-thumb-width:115px;\" data-form-id=\"5938\"><label for=\"curriculum_vitae\">Curr\u00edculum Vitae <abbr class=\"fusion-form-element-required\" title=\"required\">*<\/abbr><\/label><div class=\"fusion-form-input-with-icon\"><i class=\" fa-upload fas\"><\/i><div class=\"fusion-form-upload-field-container\"><input type=\"file\" id=\"curriculum_vitae\" name=\"curriculum_vitae\" value=\"\"  class=\"fusion-form-input\" required=\"true\" aria-required=\"true\" placeholder=\"Subir archivo *\" data-size=\"2\" data-single-add-remove=\"no\" data-min-upload-files=\"0\" data-max-upload-files=\"0\" data-uploads-preview=\"filenames\"\/><div class=\"fusion-form-upload-field\"  data-holds-private-data=\"false\"><span class=\"awb-upload-placeholder\" data-default=\"Subir archivo\">Subir archivo<\/span><div class=\"awb-uploads-preview\"><div class=\"awb-preview-thumbs\"><\/div><\/div><\/div><div ><a class=\"fusion-button button-flat button-medium button-default fusion-button-default button-1 fusion-button-default-span fusion-button-default-type fusion-form-upload-field-button\" style=\"--button-border-radius-top-left:0px;--button-border-radius-top-right:0px;--button-border-radius-bottom-right:0px;--button-border-radius-bottom-left:0px;\" target=\"_self\" href=\"javascript:void();\"><span class=\"fusion-button-text awb-button__text awb-button__text--default\">Choose File<\/span><\/a><\/div><\/div><\/div><\/div><\/div><\/div><\/div><div class=\"fusion-form-field fusion-form-textarea-field fusion-form-label-above\" style=\"\" data-form-id=\"5938\"><label for=\"comentarios\">Comentarios<\/label><textarea cols=\"40\" autocomplete=\"off\"  minlength=\"0\"  rows=\"2\" tabindex=\"\" id=\"comentarios\" name=\"comentarios\" class=\"fusion-form-input\" data-holds-private-data=\"false\"><\/textarea><\/div><div class=\"fusion-form-field fusion-form-consent-field fusion-form-label-above\" style=\"\" data-form-id=\"5938\"><div class=\"fusion-form-checkbox option-inline\"><input tabindex=\"\" id=\"terminos-condiciones\" type=\"checkbox\" value=\"1\" name=\"terminos-condiciones\" class=\"fusion-form-input\" required=\"true\" aria-required=\"true\"\/><label for=\"terminos-condiciones\">He le\u00eddo, comprendo y acepto los t\u00e9rminos y condiciones generales de uso y la pol\u00edtica de privacidad de www.megablok.com<\/label><\/div><\/div><\/div><\/div><\/div><\/div><input type=\"hidden\" name=\"fusion_privacy_expiration_interval\" value=\"48\"><input type=\"hidden\" name=\"privacy_expiration_action\" value=\"anonymize\"><\/form><\/div><div class=\"fusion-text fusion-text-2\"><p style=\"font-size: 14px;\" data-fusion-font=\"true\"><b>Respons\u00e1vel:<\/b> MEGABLOK S.A.U.; <b>Finalidade:<\/b> O requerente faz parte dos processos de selec\u00e7\u00e3o de pessoal realizados pelo MEGABLOK S.A.U.; <b>Legitima\u00e7\u00e3o: <\/b>Consentimento do usu\u00e1rio; <b>Destinat\u00e1rios: <\/b>S\u00f3 s\u00e3o realizadas recess\u00f5es se houver uma obriga\u00e7\u00e3o legal; <b>Direitos: <\/b>Aceder, rectificar e suprimir, bem como outros direitos, como indicado na informa\u00e7\u00e3o adicional; <b>Informa\u00e7\u00e3o adicional:<\/b> Voc\u00ea pode consultar a informa\u00e7\u00e3o completa de prote\u00e7\u00e3o de dados em nossa <b>Pol\u00edtica de Privacidade*.<\/b><\/p>\n<\/div><div class=\"fusion-image-element \" style=\"text-align:center;--awb-margin-top:40px;--awb-max-width:500px;--awb-caption-title-font-family:var(--h2_typography-font-family);--awb-caption-title-font-weight:var(--h2_typography-font-weight);--awb-caption-title-font-style:var(--h2_typography-font-style);--awb-caption-title-size:var(--h2_typography-font-size);--awb-caption-title-transform:var(--h2_typography-text-transform);--awb-caption-title-line-height:var(--h2_typography-line-height);--awb-caption-title-letter-spacing:var(--h2_typography-letter-spacing);\"><span class=\" fusion-imageframe imageframe-none imageframe-2 hover-type-none\"><img decoding=\"async\" width=\"966\" height=\"143\" alt=\"Megablok\" title=\"logo-avada-megablok\" src=\"https:\/\/megdev01.com\/wp-content\/uploads\/2026\/01\/logo-avada-megablok.png\" data-orig-src=\"http:\/\/megdev01.com\/wp-content\/uploads\/2026\/01\/logo-avada-megablok.png\" class=\"lazyload img-responsive wp-image-27204\" srcset=\"data:image\/svg+xml,%3Csvg%20xmlns%3D%27http%3A%2F%2Fwww.w3.org%2F2000%2Fsvg%27%20width%3D%27966%27%20height%3D%27143%27%20viewBox%3D%270%200%20966%20143%27%3E%3Crect%20width%3D%27966%27%20height%3D%27143%27%20fill-opacity%3D%220%22%2F%3E%3C%2Fsvg%3E\" data-srcset=\"https:\/\/megdev01.com\/wp-content\/uploads\/2026\/01\/logo-avada-megablok-200x30.png 200w, https:\/\/megdev01.com\/wp-content\/uploads\/2026\/01\/logo-avada-megablok-400x59.png 400w, https:\/\/megdev01.com\/wp-content\/uploads\/2026\/01\/logo-avada-megablok-600x89.png 600w, https:\/\/megdev01.com\/wp-content\/uploads\/2026\/01\/logo-avada-megablok-800x118.png 800w, https:\/\/megdev01.com\/wp-content\/uploads\/2026\/01\/logo-avada-megablok.png 966w\" data-sizes=\"auto\" data-orig-sizes=\"(max-width: 850px) 100vw, 966px\" \/><\/span><\/div><div class=\"fusion-text fusion-text-3\"><p style=\"text-align: center;\">Plataforma Log\u00edstica PLA-ZA, C\/ Palermo, 7<\/p>\n<p style=\"text-align: center;\">50197 ZARAGOZA (SPAIN)<\/p>\n<p style=\"text-align: center;\">Telefone (+34) <a href=\"callto:+34976505488\">976 50 54 88<\/a> \u2022 Fax (+34) 976 50 36 60<\/p>\n<p style=\"text-align: center;\">e-mail: comercial@megablok.com<\/p>\n<\/div><\/div><\/div><\/div><\/div><\/p>\n","protected":false},"excerpt":{"rendered":"","protected":false},"author":1,"featured_media":0,"parent":0,"menu_order":0,"comment_status":"closed","ping_status":"closed","template":"100-width.php","meta":{"_joinchat":[],"footnotes":""},"class_list":["post-30708","page","type-page","status-publish","hentry"],"yoast_head":"<!-- This site is optimized with the Yoast SEO plugin v27.3 - https:\/\/yoast.com\/product\/yoast-seo-wordpress\/ -->\n<title>Cresce conosco - Megablok<\/title>\n<meta name=\"robots\" content=\"index, follow, max-snippet:-1, max-image-preview:large, max-video-preview:-1\" \/>\n<link rel=\"canonical\" href=\"https:\/\/megdev01.com\/pt-pt\/cresce-conosco\/\" \/>\n<meta property=\"og:locale\" content=\"pt_PT\" \/>\n<meta property=\"og:type\" content=\"article\" \/>\n<meta property=\"og:title\" content=\"Cresce conosco - Megablok\" \/>\n<meta property=\"og:url\" content=\"https:\/\/megdev01.com\/pt-pt\/cresce-conosco\/\" \/>\n<meta property=\"og:site_name\" content=\"Megablok\" \/>\n<meta property=\"article:modified_time\" content=\"2026-04-07T11:12:00+00:00\" \/>\n<meta name=\"twitter:card\" content=\"summary_large_image\" \/>\n<meta name=\"twitter:label1\" content=\"Tempo estimado de leitura\" \/>\n\t<meta name=\"twitter:data1\" content=\"2 minutos\" \/>\n<script type=\"application\/ld+json\" class=\"yoast-schema-graph\">{\"@context\":\"https:\\\/\\\/schema.org\",\"@graph\":[{\"@type\":\"WebPage\",\"@id\":\"https:\\\/\\\/megdev01.com\\\/pt-pt\\\/cresce-conosco\\\/\",\"url\":\"https:\\\/\\\/megdev01.com\\\/pt-pt\\\/cresce-conosco\\\/\",\"name\":\"Cresce conosco - Megablok\",\"isPartOf\":{\"@id\":\"https:\\\/\\\/megdev01.com\\\/pt-pt\\\/#website\"},\"datePublished\":\"2024-08-22T09:20:48+00:00\",\"dateModified\":\"2026-04-07T11:12:00+00:00\",\"breadcrumb\":{\"@id\":\"https:\\\/\\\/megdev01.com\\\/pt-pt\\\/cresce-conosco\\\/#breadcrumb\"},\"inLanguage\":\"pt-PT\",\"potentialAction\":[{\"@type\":\"ReadAction\",\"target\":[\"https:\\\/\\\/megdev01.com\\\/pt-pt\\\/cresce-conosco\\\/\"]}]},{\"@type\":\"BreadcrumbList\",\"@id\":\"https:\\\/\\\/megdev01.com\\\/pt-pt\\\/cresce-conosco\\\/#breadcrumb\",\"itemListElement\":[{\"@type\":\"ListItem\",\"position\":1,\"name\":\"Portada\",\"item\":\"https:\\\/\\\/megdev01.com\\\/pt-pt\\\/\"},{\"@type\":\"ListItem\",\"position\":2,\"name\":\"Cresce conosco\"}]},{\"@type\":\"WebSite\",\"@id\":\"https:\\\/\\\/megdev01.com\\\/pt-pt\\\/#website\",\"url\":\"https:\\\/\\\/megdev01.com\\\/pt-pt\\\/\",\"name\":\"Megablok\",\"description\":\"Taquillas para vestuarios de empresas y organizaciones\",\"publisher\":{\"@id\":\"https:\\\/\\\/megdev01.com\\\/pt-pt\\\/#organization\"},\"potentialAction\":[{\"@type\":\"SearchAction\",\"target\":{\"@type\":\"EntryPoint\",\"urlTemplate\":\"https:\\\/\\\/megdev01.com\\\/pt-pt\\\/?s={search_term_string}\"},\"query-input\":{\"@type\":\"PropertyValueSpecification\",\"valueRequired\":true,\"valueName\":\"search_term_string\"}}],\"inLanguage\":\"pt-PT\"},{\"@type\":\"Organization\",\"@id\":\"https:\\\/\\\/megdev01.com\\\/pt-pt\\\/#organization\",\"name\":\"Megablok\",\"url\":\"https:\\\/\\\/megdev01.com\\\/pt-pt\\\/\",\"logo\":{\"@type\":\"ImageObject\",\"inLanguage\":\"pt-PT\",\"@id\":\"https:\\\/\\\/megdev01.com\\\/pt-pt\\\/#\\\/schema\\\/logo\\\/image\\\/\",\"url\":\"https:\\\/\\\/megdev01.com\\\/wp-content\\\/uploads\\\/2024\\\/08\\\/270.png\",\"contentUrl\":\"https:\\\/\\\/megdev01.com\\\/wp-content\\\/uploads\\\/2024\\\/08\\\/270.png\",\"width\":270,\"height\":270,\"caption\":\"Megablok\"},\"image\":{\"@id\":\"https:\\\/\\\/megdev01.com\\\/pt-pt\\\/#\\\/schema\\\/logo\\\/image\\\/\"},\"sameAs\":[\"https:\\\/\\\/www.linkedin.com\\\/company\\\/megablok-s.a.\\\/\",\"https:\\\/\\\/www.instagram.com\\\/megabloksa\\\/\"]}]}<\/script>\n<!-- \/ Yoast SEO plugin. -->","yoast_head_json":{"title":"Cresce conosco - Megablok","robots":{"index":"index","follow":"follow","max-snippet":"max-snippet:-1","max-image-preview":"max-image-preview:large","max-video-preview":"max-video-preview:-1"},"canonical":"https:\/\/megdev01.com\/pt-pt\/cresce-conosco\/","og_locale":"pt_PT","og_type":"article","og_title":"Cresce conosco - Megablok","og_url":"https:\/\/megdev01.com\/pt-pt\/cresce-conosco\/","og_site_name":"Megablok","article_modified_time":"2026-04-07T11:12:00+00:00","twitter_card":"summary_large_image","twitter_misc":{"Tempo estimado de leitura":"2 minutos"},"schema":{"@context":"https:\/\/schema.org","@graph":[{"@type":"WebPage","@id":"https:\/\/megdev01.com\/pt-pt\/cresce-conosco\/","url":"https:\/\/megdev01.com\/pt-pt\/cresce-conosco\/","name":"Cresce conosco - Megablok","isPartOf":{"@id":"https:\/\/megdev01.com\/pt-pt\/#website"},"datePublished":"2024-08-22T09:20:48+00:00","dateModified":"2026-04-07T11:12:00+00:00","breadcrumb":{"@id":"https:\/\/megdev01.com\/pt-pt\/cresce-conosco\/#breadcrumb"},"inLanguage":"pt-PT","potentialAction":[{"@type":"ReadAction","target":["https:\/\/megdev01.com\/pt-pt\/cresce-conosco\/"]}]},{"@type":"BreadcrumbList","@id":"https:\/\/megdev01.com\/pt-pt\/cresce-conosco\/#breadcrumb","itemListElement":[{"@type":"ListItem","position":1,"name":"Portada","item":"https:\/\/megdev01.com\/pt-pt\/"},{"@type":"ListItem","position":2,"name":"Cresce conosco"}]},{"@type":"WebSite","@id":"https:\/\/megdev01.com\/pt-pt\/#website","url":"https:\/\/megdev01.com\/pt-pt\/","name":"Megablok","description":"Taquillas para vestuarios de empresas y organizaciones","publisher":{"@id":"https:\/\/megdev01.com\/pt-pt\/#organization"},"potentialAction":[{"@type":"SearchAction","target":{"@type":"EntryPoint","urlTemplate":"https:\/\/megdev01.com\/pt-pt\/?s={search_term_string}"},"query-input":{"@type":"PropertyValueSpecification","valueRequired":true,"valueName":"search_term_string"}}],"inLanguage":"pt-PT"},{"@type":"Organization","@id":"https:\/\/megdev01.com\/pt-pt\/#organization","name":"Megablok","url":"https:\/\/megdev01.com\/pt-pt\/","logo":{"@type":"ImageObject","inLanguage":"pt-PT","@id":"https:\/\/megdev01.com\/pt-pt\/#\/schema\/logo\/image\/","url":"https:\/\/megdev01.com\/wp-content\/uploads\/2024\/08\/270.png","contentUrl":"https:\/\/megdev01.com\/wp-content\/uploads\/2024\/08\/270.png","width":270,"height":270,"caption":"Megablok"},"image":{"@id":"https:\/\/megdev01.com\/pt-pt\/#\/schema\/logo\/image\/"},"sameAs":["https:\/\/www.linkedin.com\/company\/megablok-s.a.\/","https:\/\/www.instagram.com\/megabloksa\/"]}]}},"jetpack_sharing_enabled":true,"_links":{"self":[{"href":"https:\/\/megdev01.com\/pt-pt\/wp-json\/wp\/v2\/pages\/30708","targetHints":{"allow":["GET"]}}],"collection":[{"href":"https:\/\/megdev01.com\/pt-pt\/wp-json\/wp\/v2\/pages"}],"about":[{"href":"https:\/\/megdev01.com\/pt-pt\/wp-json\/wp\/v2\/types\/page"}],"author":[{"embeddable":true,"href":"https:\/\/megdev01.com\/pt-pt\/wp-json\/wp\/v2\/users\/1"}],"replies":[{"embeddable":true,"href":"https:\/\/megdev01.com\/pt-pt\/wp-json\/wp\/v2\/comments?post=30708"}],"version-history":[{"count":5,"href":"https:\/\/megdev01.com\/pt-pt\/wp-json\/wp\/v2\/pages\/30708\/revisions"}],"predecessor-version":[{"id":32064,"href":"https:\/\/megdev01.com\/pt-pt\/wp-json\/wp\/v2\/pages\/30708\/revisions\/32064"}],"wp:attachment":[{"href":"https:\/\/megdev01.com\/pt-pt\/wp-json\/wp\/v2\/media?parent=30708"}],"curies":[{"name":"wp","href":"https:\/\/api.w.org\/{rel}","templated":true}]}}