{"id":36052,"date":"2025-06-24T11:05:24","date_gmt":"2025-06-24T11:05:24","guid":{"rendered":"https:\/\/megdev01.com\/producto\/banco-fenolico-banc-3-1000-fen-dc-inox\/"},"modified":"2026-04-16T09:54:18","modified_gmt":"2026-04-16T09:54:18","slug":"stratifie-banc-3-1000-fen-dc-inox","status":"publish","type":"product","link":"https:\/\/megdev01.com\/fr\/produit\/stratifie-banc-3-1000-fen-dc-inox\/","title":{"rendered":"Banco fen\u00f3lico BANC-3-1000 FEN-DC INOX"},"content":{"rendered":"<p>Chasis fabricado en tubo de acero inoxidable de 1.5 mm de grosor.<br \/>\nMarco, tubos, y patas fabricadas con tubo de acero de 30\u00d730 mm.<br \/>\nBarra zapatero fabricadas con tubo de acero de 20\u00d710 mm.<br \/>\nListones de tablero fen\u00f3lico de 12 mm de grosor.<br \/>\nColgador formado por 10 perchas zamak.<br \/>\nIncluye conteras de PVC.<br \/>\nDimensiones: 1.790 mm de alto x 1.000 mm de ancho x 685 mm de fondo.<\/p>\n","protected":false},"excerpt":{"rendered":"<p>Banco con asiento fen\u00f3lico y chasis en acero inoxidable. M\u00e1xima durabilidad e higiene para vestuarios en entornos exigentes como spas, piscinas o centros sanitarios.<\/p>\n","protected":false},"featured_media":18335,"template":"","meta":{"_joinchat":[]},"product_brand":[],"product_cat":[1036,1124],"product_tag":[1102,1129,1130],"class_list":{"0":"post-36052","1":"product","2":"type-product","3":"status-publish","4":"has-post-thumbnail","6":"product_cat-bancos-para-vestuario","7":"product_cat-bancos-fenolicos-y-acero-inoxidable","8":"product_tag-1000-mm","9":"product_tag-banc-3","10":"product_tag-doble-cara","12":"first","13":"instock","14":"shipping-taxable","15":"purchasable","16":"product-type-simple"},"yoast_head":"<!-- This site is optimized with the Yoast SEO plugin v27.3 - https:\/\/yoast.com\/product\/yoast-seo-wordpress\/ -->\n<title>Banco fen\u00f3lico BANC-3-1000 FEN-DC INOX - Megablok<\/title>\n<meta name=\"robots\" content=\"index, follow, max-snippet:-1, max-image-preview:large, max-video-preview:-1\" \/>\n<link rel=\"canonical\" href=\"https:\/\/megdev01.com\/fr\/produit\/stratifie-banc-3-1000-fen-dc-inox\/\" \/>\n<meta property=\"og:locale\" content=\"fr_FR\" \/>\n<meta property=\"og:type\" content=\"article\" \/>\n<meta property=\"og:title\" content=\"Banco fen\u00f3lico BANC-3-1000 FEN-DC INOX - Megablok\" \/>\n<meta property=\"og:description\" content=\"Banco con asiento fen\u00f3lico y chasis en acero inoxidable. M\u00e1xima durabilidad e higiene para vestuarios en entornos exigentes como spas, piscinas o centros sanitarios.\" \/>\n<meta property=\"og:url\" content=\"https:\/\/megdev01.com\/fr\/produit\/stratifie-banc-3-1000-fen-dc-inox\/\" \/>\n<meta property=\"og:site_name\" content=\"Megablok\" \/>\n<meta property=\"article:modified_time\" content=\"2026-04-16T09:54:18+00:00\" \/>\n<meta property=\"og:image\" content=\"http:\/\/megdev01.com\/wp-content\/uploads\/2024\/09\/79557_01.jpg\" \/>\n\t<meta property=\"og:image:width\" content=\"600\" \/>\n\t<meta property=\"og:image:height\" content=\"600\" \/>\n\t<meta property=\"og:image:type\" content=\"image\/jpeg\" \/>\n<meta name=\"twitter:card\" content=\"summary_large_image\" \/>\n<meta name=\"twitter:label1\" content=\"Dur\u00e9e de lecture estim\u00e9e\" \/>\n\t<meta name=\"twitter:data1\" content=\"1 minute\" \/>\n<script type=\"application\/ld+json\" class=\"yoast-schema-graph\">{\"@context\":\"https:\\\/\\\/schema.org\",\"@graph\":[{\"@type\":\"WebPage\",\"@id\":\"https:\\\/\\\/megdev01.com\\\/fr\\\/produit\\\/stratifie-banc-3-1000-fen-dc-inox\\\/\",\"url\":\"https:\\\/\\\/megdev01.com\\\/fr\\\/produit\\\/stratifie-banc-3-1000-fen-dc-inox\\\/\",\"name\":\"Banco fen\u00f3lico BANC-3-1000 FEN-DC INOX - Megablok\",\"isPartOf\":{\"@id\":\"https:\\\/\\\/megdev01.com\\\/fr\\\/#website\"},\"primaryImageOfPage\":{\"@id\":\"https:\\\/\\\/megdev01.com\\\/fr\\\/produit\\\/stratifie-banc-3-1000-fen-dc-inox\\\/#primaryimage\"},\"image\":{\"@id\":\"https:\\\/\\\/megdev01.com\\\/fr\\\/produit\\\/stratifie-banc-3-1000-fen-dc-inox\\\/#primaryimage\"},\"thumbnailUrl\":\"https:\\\/\\\/megdev01.com\\\/wp-content\\\/uploads\\\/2024\\\/09\\\/79557_01.jpg\",\"datePublished\":\"2025-06-24T11:05:24+00:00\",\"dateModified\":\"2026-04-16T09:54:18+00:00\",\"breadcrumb\":{\"@id\":\"https:\\\/\\\/megdev01.com\\\/fr\\\/produit\\\/stratifie-banc-3-1000-fen-dc-inox\\\/#breadcrumb\"},\"inLanguage\":\"fr-FR\",\"potentialAction\":[{\"@type\":\"ReadAction\",\"target\":[\"https:\\\/\\\/megdev01.com\\\/fr\\\/produit\\\/stratifie-banc-3-1000-fen-dc-inox\\\/\"]}]},{\"@type\":\"ImageObject\",\"inLanguage\":\"fr-FR\",\"@id\":\"https:\\\/\\\/megdev01.com\\\/fr\\\/produit\\\/stratifie-banc-3-1000-fen-dc-inox\\\/#primaryimage\",\"url\":\"https:\\\/\\\/megdev01.com\\\/wp-content\\\/uploads\\\/2024\\\/09\\\/79557_01.jpg\",\"contentUrl\":\"https:\\\/\\\/megdev01.com\\\/wp-content\\\/uploads\\\/2024\\\/09\\\/79557_01.jpg\",\"width\":600,\"height\":600},{\"@type\":\"BreadcrumbList\",\"@id\":\"https:\\\/\\\/megdev01.com\\\/fr\\\/produit\\\/stratifie-banc-3-1000-fen-dc-inox\\\/#breadcrumb\",\"itemListElement\":[{\"@type\":\"ListItem\",\"position\":1,\"name\":\"Portada\",\"item\":\"https:\\\/\\\/megdev01.com\\\/fr\\\/\"},{\"@type\":\"ListItem\",\"position\":2,\"name\":\"Boutique\",\"item\":\"https:\\\/\\\/megdev01.com\\\/fr\\\/boutique\\\/\"},{\"@type\":\"ListItem\",\"position\":3,\"name\":\"Banco fen\u00f3lico BANC-3-1000 FEN-DC INOX\"}]},{\"@type\":\"WebSite\",\"@id\":\"https:\\\/\\\/megdev01.com\\\/fr\\\/#website\",\"url\":\"https:\\\/\\\/megdev01.com\\\/fr\\\/\",\"name\":\"Megablok\",\"description\":\"Taquillas para vestuarios de empresas y organizaciones\",\"publisher\":{\"@id\":\"https:\\\/\\\/megdev01.com\\\/fr\\\/#organization\"},\"potentialAction\":[{\"@type\":\"SearchAction\",\"target\":{\"@type\":\"EntryPoint\",\"urlTemplate\":\"https:\\\/\\\/megdev01.com\\\/fr\\\/?s={search_term_string}\"},\"query-input\":{\"@type\":\"PropertyValueSpecification\",\"valueRequired\":true,\"valueName\":\"search_term_string\"}}],\"inLanguage\":\"fr-FR\"},{\"@type\":\"Organization\",\"@id\":\"https:\\\/\\\/megdev01.com\\\/fr\\\/#organization\",\"name\":\"Megablok\",\"url\":\"https:\\\/\\\/megdev01.com\\\/fr\\\/\",\"logo\":{\"@type\":\"ImageObject\",\"inLanguage\":\"fr-FR\",\"@id\":\"https:\\\/\\\/megdev01.com\\\/fr\\\/#\\\/schema\\\/logo\\\/image\\\/\",\"url\":\"https:\\\/\\\/megdev01.com\\\/wp-content\\\/uploads\\\/2024\\\/08\\\/270.png\",\"contentUrl\":\"https:\\\/\\\/megdev01.com\\\/wp-content\\\/uploads\\\/2024\\\/08\\\/270.png\",\"width\":270,\"height\":270,\"caption\":\"Megablok\"},\"image\":{\"@id\":\"https:\\\/\\\/megdev01.com\\\/fr\\\/#\\\/schema\\\/logo\\\/image\\\/\"},\"sameAs\":[\"https:\\\/\\\/www.linkedin.com\\\/company\\\/megablok-s.a.\\\/\",\"https:\\\/\\\/www.instagram.com\\\/megabloksa\\\/\"]}]}<\/script>\n<!-- \/ Yoast SEO plugin. -->","yoast_head_json":{"title":"Banco fen\u00f3lico BANC-3-1000 FEN-DC INOX - Megablok","robots":{"index":"index","follow":"follow","max-snippet":"max-snippet:-1","max-image-preview":"max-image-preview:large","max-video-preview":"max-video-preview:-1"},"canonical":"https:\/\/megdev01.com\/fr\/produit\/stratifie-banc-3-1000-fen-dc-inox\/","og_locale":"fr_FR","og_type":"article","og_title":"Banco fen\u00f3lico BANC-3-1000 FEN-DC INOX - Megablok","og_description":"Banco con asiento fen\u00f3lico y chasis en acero inoxidable. M\u00e1xima durabilidad e higiene para vestuarios en entornos exigentes como spas, piscinas o centros sanitarios.","og_url":"https:\/\/megdev01.com\/fr\/produit\/stratifie-banc-3-1000-fen-dc-inox\/","og_site_name":"Megablok","article_modified_time":"2026-04-16T09:54:18+00:00","og_image":[{"width":600,"height":600,"url":"http:\/\/megdev01.com\/wp-content\/uploads\/2024\/09\/79557_01.jpg","type":"image\/jpeg"}],"twitter_card":"summary_large_image","twitter_misc":{"Dur\u00e9e de lecture estim\u00e9e":"1 minute"},"schema":{"@context":"https:\/\/schema.org","@graph":[{"@type":"WebPage","@id":"https:\/\/megdev01.com\/fr\/produit\/stratifie-banc-3-1000-fen-dc-inox\/","url":"https:\/\/megdev01.com\/fr\/produit\/stratifie-banc-3-1000-fen-dc-inox\/","name":"Banco fen\u00f3lico BANC-3-1000 FEN-DC INOX - Megablok","isPartOf":{"@id":"https:\/\/megdev01.com\/fr\/#website"},"primaryImageOfPage":{"@id":"https:\/\/megdev01.com\/fr\/produit\/stratifie-banc-3-1000-fen-dc-inox\/#primaryimage"},"image":{"@id":"https:\/\/megdev01.com\/fr\/produit\/stratifie-banc-3-1000-fen-dc-inox\/#primaryimage"},"thumbnailUrl":"https:\/\/megdev01.com\/wp-content\/uploads\/2024\/09\/79557_01.jpg","datePublished":"2025-06-24T11:05:24+00:00","dateModified":"2026-04-16T09:54:18+00:00","breadcrumb":{"@id":"https:\/\/megdev01.com\/fr\/produit\/stratifie-banc-3-1000-fen-dc-inox\/#breadcrumb"},"inLanguage":"fr-FR","potentialAction":[{"@type":"ReadAction","target":["https:\/\/megdev01.com\/fr\/produit\/stratifie-banc-3-1000-fen-dc-inox\/"]}]},{"@type":"ImageObject","inLanguage":"fr-FR","@id":"https:\/\/megdev01.com\/fr\/produit\/stratifie-banc-3-1000-fen-dc-inox\/#primaryimage","url":"https:\/\/megdev01.com\/wp-content\/uploads\/2024\/09\/79557_01.jpg","contentUrl":"https:\/\/megdev01.com\/wp-content\/uploads\/2024\/09\/79557_01.jpg","width":600,"height":600},{"@type":"BreadcrumbList","@id":"https:\/\/megdev01.com\/fr\/produit\/stratifie-banc-3-1000-fen-dc-inox\/#breadcrumb","itemListElement":[{"@type":"ListItem","position":1,"name":"Portada","item":"https:\/\/megdev01.com\/fr\/"},{"@type":"ListItem","position":2,"name":"Boutique","item":"https:\/\/megdev01.com\/fr\/boutique\/"},{"@type":"ListItem","position":3,"name":"Banco fen\u00f3lico BANC-3-1000 FEN-DC INOX"}]},{"@type":"WebSite","@id":"https:\/\/megdev01.com\/fr\/#website","url":"https:\/\/megdev01.com\/fr\/","name":"Megablok","description":"Taquillas para vestuarios de empresas y organizaciones","publisher":{"@id":"https:\/\/megdev01.com\/fr\/#organization"},"potentialAction":[{"@type":"SearchAction","target":{"@type":"EntryPoint","urlTemplate":"https:\/\/megdev01.com\/fr\/?s={search_term_string}"},"query-input":{"@type":"PropertyValueSpecification","valueRequired":true,"valueName":"search_term_string"}}],"inLanguage":"fr-FR"},{"@type":"Organization","@id":"https:\/\/megdev01.com\/fr\/#organization","name":"Megablok","url":"https:\/\/megdev01.com\/fr\/","logo":{"@type":"ImageObject","inLanguage":"fr-FR","@id":"https:\/\/megdev01.com\/fr\/#\/schema\/logo\/image\/","url":"https:\/\/megdev01.com\/wp-content\/uploads\/2024\/08\/270.png","contentUrl":"https:\/\/megdev01.com\/wp-content\/uploads\/2024\/08\/270.png","width":270,"height":270,"caption":"Megablok"},"image":{"@id":"https:\/\/megdev01.com\/fr\/#\/schema\/logo\/image\/"},"sameAs":["https:\/\/www.linkedin.com\/company\/megablok-s.a.\/","https:\/\/www.instagram.com\/megabloksa\/"]}]}},"jetpack_sharing_enabled":true,"_links":{"self":[{"href":"https:\/\/megdev01.com\/fr\/wp-json\/wp\/v2\/product\/36052","targetHints":{"allow":["GET"]}}],"collection":[{"href":"https:\/\/megdev01.com\/fr\/wp-json\/wp\/v2\/product"}],"about":[{"href":"https:\/\/megdev01.com\/fr\/wp-json\/wp\/v2\/types\/product"}],"wp:featuredmedia":[{"embeddable":true,"href":"https:\/\/megdev01.com\/fr\/wp-json\/wp\/v2\/media\/18335"}],"wp:attachment":[{"href":"https:\/\/megdev01.com\/fr\/wp-json\/wp\/v2\/media?parent=36052"}],"wp:term":[{"taxonomy":"product_brand","embeddable":true,"href":"https:\/\/megdev01.com\/fr\/wp-json\/wp\/v2\/product_brand?post=36052"},{"taxonomy":"product_cat","embeddable":true,"href":"https:\/\/megdev01.com\/fr\/wp-json\/wp\/v2\/product_cat?post=36052"},{"taxonomy":"product_tag","embeddable":true,"href":"https:\/\/megdev01.com\/fr\/wp-json\/wp\/v2\/product_tag?post=36052"}],"curies":[{"name":"wp","href":"https:\/\/api.w.org\/{rel}","templated":true}]}}