{"id":35307,"date":"2025-06-23T08:30:27","date_gmt":"2025-06-23T08:30:27","guid":{"rendered":"https:\/\/megdev01.com\/producto\/taquilla-fenolica-perfileria-fvp-40-3\/"},"modified":"2026-04-24T10:21:25","modified_gmt":"2026-04-24T10:21:25","slug":"vestiaires-stratifie-profiles-fvp-40-3","status":"publish","type":"product","link":"https:\/\/megdev01.com\/fr\/produit\/vestiaires-stratifie-profiles-fvp-40-3\/","title":{"rendered":"Vestiaire en stratifi\u00e9 compact avec profiles FVP-40\/3"},"content":{"rendered":"<p>Fabriqu\u00e9e en panneau compact en r\u00e9sines ph\u00e9noliques.<br \/>\nPortes de 12 mm d\u2019\u00e9paisseur avec profil\u00e9s stabilisateurs en aluminium. Corps blanc et porte selon options.<br \/>\nDos en ph\u00e9nolique perfor\u00e9 de 3 mm enti\u00e8rement encadr\u00e9.<br \/>\nSerrures standard : serrure \u00e0 glissemen avec cylindre amovible et cl\u00e9 passe-partout.<br \/>\nPieds en PVC r\u00e9glables en hauteur.<br \/>\nDispose d\u2019une tringle porte cintres en aluminium avec deux crochets et une \u00e9tag\u00e8re int\u00e9rieure.<br \/>\nPlaques de num\u00e9ration inclus.<br \/>\nLes dimensions sont 1 950 mm hauteur (1 800 + 150 pieds) x 1 192 mm largeur x 500 mm profondeur.<br \/>\nLivr\u00e9 mont\u00e9, sauf les pieds qui doivent \u00eatre install\u00e9s par le client.<br \/>\nLes socles, toit inclin\u00e9s, \u00e9tag\u00e8res suppl\u00e9mentaires et panneaux lat\u00e9raux doivent \u00eatre install\u00e9s par le client.<\/p>\n","protected":false},"excerpt":{"rendered":"<p>Casier fabriqu\u00e9 en panneau ph\u00e9nolique et profil\u00e9s en aluminium, sp\u00e9cialement con\u00e7u pour les environnements humides ou \u00e0 usage intensif. R\u00e9sistant, hygi\u00e9nique et facile \u00e0 entretenir.<\/p>\n","protected":false},"featured_media":25098,"template":"","meta":{"_joinchat":[]},"product_brand":[],"product_cat":[1031,1032,1003],"product_tag":[657,667,669],"class_list":{"0":"post-35307","1":"product","2":"type-product","3":"status-publish","4":"has-post-thumbnail","6":"product_cat-fvp","7":"product_cat-taquillas-fenolicas-con-perfileria","8":"product_cat-taquillas-nometalicas","9":"product_tag-2-puertas","10":"product_tag-3-columnas","11":"product_tag-400-mm","13":"first","14":"instock","15":"shipping-taxable","16":"purchasable","17":"product-type-simple"},"yoast_head":"<!-- This site is optimized with the Yoast SEO plugin v27.4 - https:\/\/yoast.com\/product\/yoast-seo-wordpress\/ -->\n<title>Vestiaire en stratifi\u00e9 compact avec profiles FVP-40\/3 - Megablok<\/title>\n<meta name=\"robots\" content=\"index, follow, max-snippet:-1, max-image-preview:large, max-video-preview:-1\" \/>\n<link rel=\"canonical\" href=\"https:\/\/megdev01.com\/fr\/produit\/vestiaires-stratifie-profiles-fvp-40-3\/\" \/>\n<meta property=\"og:locale\" content=\"fr_FR\" \/>\n<meta property=\"og:type\" content=\"article\" \/>\n<meta property=\"og:title\" content=\"Vestiaire en stratifi\u00e9 compact avec profiles FVP-40\/3 - Megablok\" \/>\n<meta property=\"og:description\" content=\"Casier fabriqu\u00e9 en panneau ph\u00e9nolique et profil\u00e9s en aluminium, sp\u00e9cialement con\u00e7u pour les environnements humides ou \u00e0 usage intensif. R\u00e9sistant, hygi\u00e9nique et facile \u00e0 entretenir.\" \/>\n<meta property=\"og:url\" content=\"https:\/\/megdev01.com\/fr\/produit\/vestiaires-stratifie-profiles-fvp-40-3\/\" \/>\n<meta property=\"og:site_name\" content=\"Megablok\" \/>\n<meta property=\"article:modified_time\" content=\"2026-04-24T10:21:25+00:00\" \/>\n<meta property=\"og:image\" content=\"http:\/\/megdev01.com\/wp-content\/uploads\/2025\/08\/FVP-40-3-F-085.jpg\" \/>\n\t<meta property=\"og:image:width\" content=\"1000\" \/>\n\t<meta property=\"og:image:height\" content=\"1000\" \/>\n\t<meta property=\"og:image:type\" content=\"image\/jpeg\" \/>\n<meta name=\"twitter:card\" content=\"summary_large_image\" \/>\n<meta name=\"twitter:label1\" content=\"Dur\u00e9e de lecture estim\u00e9e\" \/>\n\t<meta name=\"twitter:data1\" content=\"1 minute\" \/>\n<script type=\"application\/ld+json\" class=\"yoast-schema-graph\">{\"@context\":\"https:\\\/\\\/schema.org\",\"@graph\":[{\"@type\":\"WebPage\",\"@id\":\"https:\\\/\\\/megdev01.com\\\/fr\\\/produit\\\/vestiaires-stratifie-profiles-fvp-40-3\\\/\",\"url\":\"https:\\\/\\\/megdev01.com\\\/fr\\\/produit\\\/vestiaires-stratifie-profiles-fvp-40-3\\\/\",\"name\":\"Vestiaire en stratifi\u00e9 compact avec profiles FVP-40\\\/3 - Megablok\",\"isPartOf\":{\"@id\":\"https:\\\/\\\/megdev01.com\\\/fr\\\/#website\"},\"primaryImageOfPage\":{\"@id\":\"https:\\\/\\\/megdev01.com\\\/fr\\\/produit\\\/vestiaires-stratifie-profiles-fvp-40-3\\\/#primaryimage\"},\"image\":{\"@id\":\"https:\\\/\\\/megdev01.com\\\/fr\\\/produit\\\/vestiaires-stratifie-profiles-fvp-40-3\\\/#primaryimage\"},\"thumbnailUrl\":\"https:\\\/\\\/megdev01.com\\\/wp-content\\\/uploads\\\/2025\\\/08\\\/FVP-40-3-F-085.jpg\",\"datePublished\":\"2025-06-23T08:30:27+00:00\",\"dateModified\":\"2026-04-24T10:21:25+00:00\",\"breadcrumb\":{\"@id\":\"https:\\\/\\\/megdev01.com\\\/fr\\\/produit\\\/vestiaires-stratifie-profiles-fvp-40-3\\\/#breadcrumb\"},\"inLanguage\":\"fr-FR\",\"potentialAction\":[{\"@type\":\"ReadAction\",\"target\":[\"https:\\\/\\\/megdev01.com\\\/fr\\\/produit\\\/vestiaires-stratifie-profiles-fvp-40-3\\\/\"]}]},{\"@type\":\"ImageObject\",\"inLanguage\":\"fr-FR\",\"@id\":\"https:\\\/\\\/megdev01.com\\\/fr\\\/produit\\\/vestiaires-stratifie-profiles-fvp-40-3\\\/#primaryimage\",\"url\":\"https:\\\/\\\/megdev01.com\\\/wp-content\\\/uploads\\\/2025\\\/08\\\/FVP-40-3-F-085.jpg\",\"contentUrl\":\"https:\\\/\\\/megdev01.com\\\/wp-content\\\/uploads\\\/2025\\\/08\\\/FVP-40-3-F-085.jpg\",\"width\":1000,\"height\":1000,\"caption\":\"taquilla fenolica con perfileria\"},{\"@type\":\"BreadcrumbList\",\"@id\":\"https:\\\/\\\/megdev01.com\\\/fr\\\/produit\\\/vestiaires-stratifie-profiles-fvp-40-3\\\/#breadcrumb\",\"itemListElement\":[{\"@type\":\"ListItem\",\"position\":1,\"name\":\"Portada\",\"item\":\"https:\\\/\\\/megdev01.com\\\/fr\\\/\"},{\"@type\":\"ListItem\",\"position\":2,\"name\":\"Boutique\",\"item\":\"https:\\\/\\\/megdev01.com\\\/fr\\\/boutique\\\/\"},{\"@type\":\"ListItem\",\"position\":3,\"name\":\"Vestiaire en stratifi\u00e9 compact avec profiles FVP-40\\\/3\"}]},{\"@type\":\"WebSite\",\"@id\":\"https:\\\/\\\/megdev01.com\\\/fr\\\/#website\",\"url\":\"https:\\\/\\\/megdev01.com\\\/fr\\\/\",\"name\":\"Megablok\",\"description\":\"Taquillas para vestuarios de empresas y organizaciones\",\"publisher\":{\"@id\":\"https:\\\/\\\/megdev01.com\\\/fr\\\/#organization\"},\"potentialAction\":[{\"@type\":\"SearchAction\",\"target\":{\"@type\":\"EntryPoint\",\"urlTemplate\":\"https:\\\/\\\/megdev01.com\\\/fr\\\/?s={search_term_string}\"},\"query-input\":{\"@type\":\"PropertyValueSpecification\",\"valueRequired\":true,\"valueName\":\"search_term_string\"}}],\"inLanguage\":\"fr-FR\"},{\"@type\":\"Organization\",\"@id\":\"https:\\\/\\\/megdev01.com\\\/fr\\\/#organization\",\"name\":\"Megablok\",\"url\":\"https:\\\/\\\/megdev01.com\\\/fr\\\/\",\"logo\":{\"@type\":\"ImageObject\",\"inLanguage\":\"fr-FR\",\"@id\":\"https:\\\/\\\/megdev01.com\\\/fr\\\/#\\\/schema\\\/logo\\\/image\\\/\",\"url\":\"https:\\\/\\\/megdev01.com\\\/wp-content\\\/uploads\\\/2024\\\/08\\\/270.png\",\"contentUrl\":\"https:\\\/\\\/megdev01.com\\\/wp-content\\\/uploads\\\/2024\\\/08\\\/270.png\",\"width\":270,\"height\":270,\"caption\":\"Megablok\"},\"image\":{\"@id\":\"https:\\\/\\\/megdev01.com\\\/fr\\\/#\\\/schema\\\/logo\\\/image\\\/\"},\"sameAs\":[\"https:\\\/\\\/www.linkedin.com\\\/company\\\/megablok-s.a.\\\/\",\"https:\\\/\\\/www.instagram.com\\\/megabloksa\\\/\"]}]}<\/script>\n<!-- \/ Yoast SEO plugin. -->","yoast_head_json":{"title":"Vestiaire en stratifi\u00e9 compact avec profiles FVP-40\/3 - Megablok","robots":{"index":"index","follow":"follow","max-snippet":"max-snippet:-1","max-image-preview":"max-image-preview:large","max-video-preview":"max-video-preview:-1"},"canonical":"https:\/\/megdev01.com\/fr\/produit\/vestiaires-stratifie-profiles-fvp-40-3\/","og_locale":"fr_FR","og_type":"article","og_title":"Vestiaire en stratifi\u00e9 compact avec profiles FVP-40\/3 - Megablok","og_description":"Casier fabriqu\u00e9 en panneau ph\u00e9nolique et profil\u00e9s en aluminium, sp\u00e9cialement con\u00e7u pour les environnements humides ou \u00e0 usage intensif. R\u00e9sistant, hygi\u00e9nique et facile \u00e0 entretenir.","og_url":"https:\/\/megdev01.com\/fr\/produit\/vestiaires-stratifie-profiles-fvp-40-3\/","og_site_name":"Megablok","article_modified_time":"2026-04-24T10:21:25+00:00","og_image":[{"width":1000,"height":1000,"url":"http:\/\/megdev01.com\/wp-content\/uploads\/2025\/08\/FVP-40-3-F-085.jpg","type":"image\/jpeg"}],"twitter_card":"summary_large_image","twitter_misc":{"Dur\u00e9e de lecture estim\u00e9e":"1 minute"},"schema":{"@context":"https:\/\/schema.org","@graph":[{"@type":"WebPage","@id":"https:\/\/megdev01.com\/fr\/produit\/vestiaires-stratifie-profiles-fvp-40-3\/","url":"https:\/\/megdev01.com\/fr\/produit\/vestiaires-stratifie-profiles-fvp-40-3\/","name":"Vestiaire en stratifi\u00e9 compact avec profiles FVP-40\/3 - Megablok","isPartOf":{"@id":"https:\/\/megdev01.com\/fr\/#website"},"primaryImageOfPage":{"@id":"https:\/\/megdev01.com\/fr\/produit\/vestiaires-stratifie-profiles-fvp-40-3\/#primaryimage"},"image":{"@id":"https:\/\/megdev01.com\/fr\/produit\/vestiaires-stratifie-profiles-fvp-40-3\/#primaryimage"},"thumbnailUrl":"https:\/\/megdev01.com\/wp-content\/uploads\/2025\/08\/FVP-40-3-F-085.jpg","datePublished":"2025-06-23T08:30:27+00:00","dateModified":"2026-04-24T10:21:25+00:00","breadcrumb":{"@id":"https:\/\/megdev01.com\/fr\/produit\/vestiaires-stratifie-profiles-fvp-40-3\/#breadcrumb"},"inLanguage":"fr-FR","potentialAction":[{"@type":"ReadAction","target":["https:\/\/megdev01.com\/fr\/produit\/vestiaires-stratifie-profiles-fvp-40-3\/"]}]},{"@type":"ImageObject","inLanguage":"fr-FR","@id":"https:\/\/megdev01.com\/fr\/produit\/vestiaires-stratifie-profiles-fvp-40-3\/#primaryimage","url":"https:\/\/megdev01.com\/wp-content\/uploads\/2025\/08\/FVP-40-3-F-085.jpg","contentUrl":"https:\/\/megdev01.com\/wp-content\/uploads\/2025\/08\/FVP-40-3-F-085.jpg","width":1000,"height":1000,"caption":"taquilla fenolica con perfileria"},{"@type":"BreadcrumbList","@id":"https:\/\/megdev01.com\/fr\/produit\/vestiaires-stratifie-profiles-fvp-40-3\/#breadcrumb","itemListElement":[{"@type":"ListItem","position":1,"name":"Portada","item":"https:\/\/megdev01.com\/fr\/"},{"@type":"ListItem","position":2,"name":"Boutique","item":"https:\/\/megdev01.com\/fr\/boutique\/"},{"@type":"ListItem","position":3,"name":"Vestiaire en stratifi\u00e9 compact avec profiles FVP-40\/3"}]},{"@type":"WebSite","@id":"https:\/\/megdev01.com\/fr\/#website","url":"https:\/\/megdev01.com\/fr\/","name":"Megablok","description":"Taquillas para vestuarios de empresas y organizaciones","publisher":{"@id":"https:\/\/megdev01.com\/fr\/#organization"},"potentialAction":[{"@type":"SearchAction","target":{"@type":"EntryPoint","urlTemplate":"https:\/\/megdev01.com\/fr\/?s={search_term_string}"},"query-input":{"@type":"PropertyValueSpecification","valueRequired":true,"valueName":"search_term_string"}}],"inLanguage":"fr-FR"},{"@type":"Organization","@id":"https:\/\/megdev01.com\/fr\/#organization","name":"Megablok","url":"https:\/\/megdev01.com\/fr\/","logo":{"@type":"ImageObject","inLanguage":"fr-FR","@id":"https:\/\/megdev01.com\/fr\/#\/schema\/logo\/image\/","url":"https:\/\/megdev01.com\/wp-content\/uploads\/2024\/08\/270.png","contentUrl":"https:\/\/megdev01.com\/wp-content\/uploads\/2024\/08\/270.png","width":270,"height":270,"caption":"Megablok"},"image":{"@id":"https:\/\/megdev01.com\/fr\/#\/schema\/logo\/image\/"},"sameAs":["https:\/\/www.linkedin.com\/company\/megablok-s.a.\/","https:\/\/www.instagram.com\/megabloksa\/"]}]}},"jetpack_sharing_enabled":true,"_links":{"self":[{"href":"https:\/\/megdev01.com\/fr\/wp-json\/wp\/v2\/product\/35307","targetHints":{"allow":["GET"]}}],"collection":[{"href":"https:\/\/megdev01.com\/fr\/wp-json\/wp\/v2\/product"}],"about":[{"href":"https:\/\/megdev01.com\/fr\/wp-json\/wp\/v2\/types\/product"}],"wp:featuredmedia":[{"embeddable":true,"href":"https:\/\/megdev01.com\/fr\/wp-json\/wp\/v2\/media\/25098"}],"wp:attachment":[{"href":"https:\/\/megdev01.com\/fr\/wp-json\/wp\/v2\/media?parent=35307"}],"wp:term":[{"taxonomy":"product_brand","embeddable":true,"href":"https:\/\/megdev01.com\/fr\/wp-json\/wp\/v2\/product_brand?post=35307"},{"taxonomy":"product_cat","embeddable":true,"href":"https:\/\/megdev01.com\/fr\/wp-json\/wp\/v2\/product_cat?post=35307"},{"taxonomy":"product_tag","embeddable":true,"href":"https:\/\/megdev01.com\/fr\/wp-json\/wp\/v2\/product_tag?post=35307"}],"curies":[{"name":"wp","href":"https:\/\/api.w.org\/{rel}","templated":true}]}}