{"id":34387,"date":"2025-06-16T10:20:06","date_gmt":"2025-06-16T10:20:06","guid":{"rendered":"https:\/\/megdev01.com\/producto\/taquilla-de-acero-inoxidable-sv-25-2-inox\/"},"modified":"2026-04-13T14:59:02","modified_gmt":"2026-04-13T14:59:02","slug":"vestiaires-acier-inoxydable-sv-25-2-inox","status":"publish","type":"product","link":"https:\/\/megdev01.com\/fr\/produit\/vestiaires-acier-inoxydable-sv-25-2-inox\/","title":{"rendered":"Taquilla de acero inoxidable SV-25\/2 INOX"},"content":{"rendered":"<p>Taquilla soldada monoblok fabricada en chapa de acero inoxidable de 0,8 mm de espesor.<br \/>\nPuertas con doble plegado perimetral, etiquetero y rosetas de ventilaci\u00f3n.<br \/>\nCerraduras est\u00e1ndar: cerradura cromadas de cilindro con dos llaves.<br \/>\nBandeja interior con colgador para perchas.<br \/>\nPatas soldadas con conteras de polietileno.<br \/>\nSobretecho inclinado aprovechable desde el interior de la taquilla.<br \/>\nDimensiones: 1.900 mm de alto x 500 mm de ancho x 500 mm de fondo.<br \/>\n<a href=\"http:\/\/megdev01.com\/wp-content\/uploads\/2024\/08\/07-TAQUILLAS-INOX.pdf\">Descargar ficha t\u00e9cnica.<\/a><\/p>\n","protected":false},"excerpt":{"rendered":"<p>Taquilla met\u00e1lica fabricada \u00edntegramente en acero inoxidable, dise\u00f1ada para entornos con altos requerimientos higi\u00e9nicos. Resistente, funcional y f\u00e1cil de limpiar, ideal para uso intensivo en espacios profesionales.<\/p>\n","protected":false},"featured_media":13956,"template":"","meta":{"_joinchat":[]},"product_brand":[],"product_cat":[578,966,967],"product_tag":[799,657,582],"class_list":{"0":"post-34387","1":"product","2":"type-product","3":"status-publish","4":"has-post-thumbnail","6":"product_cat-casiers-metalliques","7":"product_cat-sv-inox","8":"product_cat-taquillas-inox","9":"product_tag-2-columnas","10":"product_tag-2-puertas","11":"product_tag-250-mm-fr","13":"first","14":"instock","15":"shipping-taxable","16":"purchasable","17":"product-type-simple"},"yoast_head":"<!-- This site is optimized with the Yoast SEO plugin v27.3 - https:\/\/yoast.com\/product\/yoast-seo-wordpress\/ -->\n<title>Taquilla de acero inoxidable SV-25\/2 INOX - Megablok<\/title>\n<meta name=\"robots\" content=\"index, follow, max-snippet:-1, max-image-preview:large, max-video-preview:-1\" \/>\n<link rel=\"canonical\" href=\"https:\/\/megdev01.com\/fr\/produit\/vestiaires-acier-inoxydable-sv-25-2-inox\/\" \/>\n<meta property=\"og:locale\" content=\"fr_FR\" \/>\n<meta property=\"og:type\" content=\"article\" \/>\n<meta property=\"og:title\" content=\"Taquilla de acero inoxidable SV-25\/2 INOX - Megablok\" \/>\n<meta property=\"og:description\" content=\"Taquilla met\u00e1lica fabricada \u00edntegramente en acero inoxidable, dise\u00f1ada para entornos con altos requerimientos higi\u00e9nicos. Resistente, funcional y f\u00e1cil de limpiar, ideal para uso intensivo en espacios profesionales.\" \/>\n<meta property=\"og:url\" content=\"https:\/\/megdev01.com\/fr\/produit\/vestiaires-acier-inoxydable-sv-25-2-inox\/\" \/>\n<meta property=\"og:site_name\" content=\"Megablok\" \/>\n<meta property=\"article:modified_time\" content=\"2026-04-13T14:59:02+00:00\" \/>\n<meta property=\"og:image\" content=\"http:\/\/megdev01.com\/wp-content\/uploads\/2024\/09\/82902_01.jpg\" \/>\n\t<meta property=\"og:image:width\" content=\"600\" \/>\n\t<meta property=\"og:image:height\" content=\"600\" \/>\n\t<meta property=\"og:image:type\" content=\"image\/jpeg\" \/>\n<meta name=\"twitter:card\" content=\"summary_large_image\" \/>\n<meta name=\"twitter:label1\" content=\"Dur\u00e9e de lecture estim\u00e9e\" \/>\n\t<meta name=\"twitter:data1\" content=\"1 minute\" \/>\n<script type=\"application\/ld+json\" class=\"yoast-schema-graph\">{\"@context\":\"https:\\\/\\\/schema.org\",\"@graph\":[{\"@type\":\"WebPage\",\"@id\":\"https:\\\/\\\/megdev01.com\\\/fr\\\/produit\\\/vestiaires-acier-inoxydable-sv-25-2-inox\\\/\",\"url\":\"https:\\\/\\\/megdev01.com\\\/fr\\\/produit\\\/vestiaires-acier-inoxydable-sv-25-2-inox\\\/\",\"name\":\"Taquilla de acero inoxidable SV-25\\\/2 INOX - Megablok\",\"isPartOf\":{\"@id\":\"https:\\\/\\\/megdev01.com\\\/fr\\\/#website\"},\"primaryImageOfPage\":{\"@id\":\"https:\\\/\\\/megdev01.com\\\/fr\\\/produit\\\/vestiaires-acier-inoxydable-sv-25-2-inox\\\/#primaryimage\"},\"image\":{\"@id\":\"https:\\\/\\\/megdev01.com\\\/fr\\\/produit\\\/vestiaires-acier-inoxydable-sv-25-2-inox\\\/#primaryimage\"},\"thumbnailUrl\":\"https:\\\/\\\/megdev01.com\\\/wp-content\\\/uploads\\\/2024\\\/09\\\/82902_01.jpg\",\"datePublished\":\"2025-06-16T10:20:06+00:00\",\"dateModified\":\"2026-04-13T14:59:02+00:00\",\"breadcrumb\":{\"@id\":\"https:\\\/\\\/megdev01.com\\\/fr\\\/produit\\\/vestiaires-acier-inoxydable-sv-25-2-inox\\\/#breadcrumb\"},\"inLanguage\":\"fr-FR\",\"potentialAction\":[{\"@type\":\"ReadAction\",\"target\":[\"https:\\\/\\\/megdev01.com\\\/fr\\\/produit\\\/vestiaires-acier-inoxydable-sv-25-2-inox\\\/\"]}]},{\"@type\":\"ImageObject\",\"inLanguage\":\"fr-FR\",\"@id\":\"https:\\\/\\\/megdev01.com\\\/fr\\\/produit\\\/vestiaires-acier-inoxydable-sv-25-2-inox\\\/#primaryimage\",\"url\":\"https:\\\/\\\/megdev01.com\\\/wp-content\\\/uploads\\\/2024\\\/09\\\/82902_01.jpg\",\"contentUrl\":\"https:\\\/\\\/megdev01.com\\\/wp-content\\\/uploads\\\/2024\\\/09\\\/82902_01.jpg\",\"width\":600,\"height\":600},{\"@type\":\"BreadcrumbList\",\"@id\":\"https:\\\/\\\/megdev01.com\\\/fr\\\/produit\\\/vestiaires-acier-inoxydable-sv-25-2-inox\\\/#breadcrumb\",\"itemListElement\":[{\"@type\":\"ListItem\",\"position\":1,\"name\":\"Portada\",\"item\":\"https:\\\/\\\/megdev01.com\\\/fr\\\/\"},{\"@type\":\"ListItem\",\"position\":2,\"name\":\"Boutique\",\"item\":\"https:\\\/\\\/megdev01.com\\\/fr\\\/boutique\\\/\"},{\"@type\":\"ListItem\",\"position\":3,\"name\":\"Taquilla de acero inoxidable SV-25\\\/2 INOX\"}]},{\"@type\":\"WebSite\",\"@id\":\"https:\\\/\\\/megdev01.com\\\/fr\\\/#website\",\"url\":\"https:\\\/\\\/megdev01.com\\\/fr\\\/\",\"name\":\"Megablok\",\"description\":\"Taquillas para vestuarios de empresas y organizaciones\",\"publisher\":{\"@id\":\"https:\\\/\\\/megdev01.com\\\/fr\\\/#organization\"},\"potentialAction\":[{\"@type\":\"SearchAction\",\"target\":{\"@type\":\"EntryPoint\",\"urlTemplate\":\"https:\\\/\\\/megdev01.com\\\/fr\\\/?s={search_term_string}\"},\"query-input\":{\"@type\":\"PropertyValueSpecification\",\"valueRequired\":true,\"valueName\":\"search_term_string\"}}],\"inLanguage\":\"fr-FR\"},{\"@type\":\"Organization\",\"@id\":\"https:\\\/\\\/megdev01.com\\\/fr\\\/#organization\",\"name\":\"Megablok\",\"url\":\"https:\\\/\\\/megdev01.com\\\/fr\\\/\",\"logo\":{\"@type\":\"ImageObject\",\"inLanguage\":\"fr-FR\",\"@id\":\"https:\\\/\\\/megdev01.com\\\/fr\\\/#\\\/schema\\\/logo\\\/image\\\/\",\"url\":\"https:\\\/\\\/megdev01.com\\\/wp-content\\\/uploads\\\/2024\\\/08\\\/270.png\",\"contentUrl\":\"https:\\\/\\\/megdev01.com\\\/wp-content\\\/uploads\\\/2024\\\/08\\\/270.png\",\"width\":270,\"height\":270,\"caption\":\"Megablok\"},\"image\":{\"@id\":\"https:\\\/\\\/megdev01.com\\\/fr\\\/#\\\/schema\\\/logo\\\/image\\\/\"},\"sameAs\":[\"https:\\\/\\\/www.linkedin.com\\\/company\\\/megablok-s.a.\\\/\",\"https:\\\/\\\/www.instagram.com\\\/megabloksa\\\/\"]}]}<\/script>\n<!-- \/ Yoast SEO plugin. -->","yoast_head_json":{"title":"Taquilla de acero inoxidable SV-25\/2 INOX - Megablok","robots":{"index":"index","follow":"follow","max-snippet":"max-snippet:-1","max-image-preview":"max-image-preview:large","max-video-preview":"max-video-preview:-1"},"canonical":"https:\/\/megdev01.com\/fr\/produit\/vestiaires-acier-inoxydable-sv-25-2-inox\/","og_locale":"fr_FR","og_type":"article","og_title":"Taquilla de acero inoxidable SV-25\/2 INOX - Megablok","og_description":"Taquilla met\u00e1lica fabricada \u00edntegramente en acero inoxidable, dise\u00f1ada para entornos con altos requerimientos higi\u00e9nicos. Resistente, funcional y f\u00e1cil de limpiar, ideal para uso intensivo en espacios profesionales.","og_url":"https:\/\/megdev01.com\/fr\/produit\/vestiaires-acier-inoxydable-sv-25-2-inox\/","og_site_name":"Megablok","article_modified_time":"2026-04-13T14:59:02+00:00","og_image":[{"width":600,"height":600,"url":"http:\/\/megdev01.com\/wp-content\/uploads\/2024\/09\/82902_01.jpg","type":"image\/jpeg"}],"twitter_card":"summary_large_image","twitter_misc":{"Dur\u00e9e de lecture estim\u00e9e":"1 minute"},"schema":{"@context":"https:\/\/schema.org","@graph":[{"@type":"WebPage","@id":"https:\/\/megdev01.com\/fr\/produit\/vestiaires-acier-inoxydable-sv-25-2-inox\/","url":"https:\/\/megdev01.com\/fr\/produit\/vestiaires-acier-inoxydable-sv-25-2-inox\/","name":"Taquilla de acero inoxidable SV-25\/2 INOX - Megablok","isPartOf":{"@id":"https:\/\/megdev01.com\/fr\/#website"},"primaryImageOfPage":{"@id":"https:\/\/megdev01.com\/fr\/produit\/vestiaires-acier-inoxydable-sv-25-2-inox\/#primaryimage"},"image":{"@id":"https:\/\/megdev01.com\/fr\/produit\/vestiaires-acier-inoxydable-sv-25-2-inox\/#primaryimage"},"thumbnailUrl":"https:\/\/megdev01.com\/wp-content\/uploads\/2024\/09\/82902_01.jpg","datePublished":"2025-06-16T10:20:06+00:00","dateModified":"2026-04-13T14:59:02+00:00","breadcrumb":{"@id":"https:\/\/megdev01.com\/fr\/produit\/vestiaires-acier-inoxydable-sv-25-2-inox\/#breadcrumb"},"inLanguage":"fr-FR","potentialAction":[{"@type":"ReadAction","target":["https:\/\/megdev01.com\/fr\/produit\/vestiaires-acier-inoxydable-sv-25-2-inox\/"]}]},{"@type":"ImageObject","inLanguage":"fr-FR","@id":"https:\/\/megdev01.com\/fr\/produit\/vestiaires-acier-inoxydable-sv-25-2-inox\/#primaryimage","url":"https:\/\/megdev01.com\/wp-content\/uploads\/2024\/09\/82902_01.jpg","contentUrl":"https:\/\/megdev01.com\/wp-content\/uploads\/2024\/09\/82902_01.jpg","width":600,"height":600},{"@type":"BreadcrumbList","@id":"https:\/\/megdev01.com\/fr\/produit\/vestiaires-acier-inoxydable-sv-25-2-inox\/#breadcrumb","itemListElement":[{"@type":"ListItem","position":1,"name":"Portada","item":"https:\/\/megdev01.com\/fr\/"},{"@type":"ListItem","position":2,"name":"Boutique","item":"https:\/\/megdev01.com\/fr\/boutique\/"},{"@type":"ListItem","position":3,"name":"Taquilla de acero inoxidable SV-25\/2 INOX"}]},{"@type":"WebSite","@id":"https:\/\/megdev01.com\/fr\/#website","url":"https:\/\/megdev01.com\/fr\/","name":"Megablok","description":"Taquillas para vestuarios de empresas y organizaciones","publisher":{"@id":"https:\/\/megdev01.com\/fr\/#organization"},"potentialAction":[{"@type":"SearchAction","target":{"@type":"EntryPoint","urlTemplate":"https:\/\/megdev01.com\/fr\/?s={search_term_string}"},"query-input":{"@type":"PropertyValueSpecification","valueRequired":true,"valueName":"search_term_string"}}],"inLanguage":"fr-FR"},{"@type":"Organization","@id":"https:\/\/megdev01.com\/fr\/#organization","name":"Megablok","url":"https:\/\/megdev01.com\/fr\/","logo":{"@type":"ImageObject","inLanguage":"fr-FR","@id":"https:\/\/megdev01.com\/fr\/#\/schema\/logo\/image\/","url":"https:\/\/megdev01.com\/wp-content\/uploads\/2024\/08\/270.png","contentUrl":"https:\/\/megdev01.com\/wp-content\/uploads\/2024\/08\/270.png","width":270,"height":270,"caption":"Megablok"},"image":{"@id":"https:\/\/megdev01.com\/fr\/#\/schema\/logo\/image\/"},"sameAs":["https:\/\/www.linkedin.com\/company\/megablok-s.a.\/","https:\/\/www.instagram.com\/megabloksa\/"]}]}},"jetpack_sharing_enabled":true,"_links":{"self":[{"href":"https:\/\/megdev01.com\/fr\/wp-json\/wp\/v2\/product\/34387","targetHints":{"allow":["GET"]}}],"collection":[{"href":"https:\/\/megdev01.com\/fr\/wp-json\/wp\/v2\/product"}],"about":[{"href":"https:\/\/megdev01.com\/fr\/wp-json\/wp\/v2\/types\/product"}],"wp:featuredmedia":[{"embeddable":true,"href":"https:\/\/megdev01.com\/fr\/wp-json\/wp\/v2\/media\/13956"}],"wp:attachment":[{"href":"https:\/\/megdev01.com\/fr\/wp-json\/wp\/v2\/media?parent=34387"}],"wp:term":[{"taxonomy":"product_brand","embeddable":true,"href":"https:\/\/megdev01.com\/fr\/wp-json\/wp\/v2\/product_brand?post=34387"},{"taxonomy":"product_cat","embeddable":true,"href":"https:\/\/megdev01.com\/fr\/wp-json\/wp\/v2\/product_cat?post=34387"},{"taxonomy":"product_tag","embeddable":true,"href":"https:\/\/megdev01.com\/fr\/wp-json\/wp\/v2\/product_tag?post=34387"}],"curies":[{"name":"wp","href":"https:\/\/api.w.org\/{rel}","templated":true}]}}