{"id":33412,"date":"2025-06-25T06:56:48","date_gmt":"2025-06-25T06:56:48","guid":{"rendered":"https:\/\/megdev01.com\/producto\/open-space-cubic-simple-c-40-3\/"},"modified":"2026-04-10T10:12:20","modified_gmt":"2026-04-10T10:12:20","slug":"open-space-cubic-simple-c-40-3","status":"publish","type":"product","link":"https:\/\/megdev01.com\/fr\/produit\/open-space-cubic-simple-c-40-3\/","title":{"rendered":"Open Space CUBIC-SIMPLE-C-40\/3"},"content":{"rendered":"<p>Cuerpo e interior fabricado en tablero de aglomerado hidr\u00f3fugo de 19 mm de espesor y recubierto de melamina.<br \/>\nCuerpo en melamina blanca y puerta seg\u00fan opciones: melamina (19mm), melamina hidr\u00f3fuga (19mm) o fen\u00f3lica (12mm).<br \/>\nTrasera en tablex perforado de 3 mm de grosor.<br \/>\nCerraduras est\u00e1ndar: Cerradura de resbal\u00f3n con bombillo extra\u00edble y llave maestra.<br \/>\nCon patas.<br \/>\nDimensiones: 1.022 mm (900+122 patas) de alto 1.193 mm de ancho x 500 mm de fondo.<\/p>\n","protected":false},"excerpt":{"rendered":"<p>Taquilla modular con cuerpo en melamina hidr\u00f3fuga y puertas a elegir en melamina o compacto fen\u00f3lico. Dise\u00f1ada para oficinas, coworkings y espacios de dise\u00f1o que buscan funcionalidad, est\u00e9tica y seguridad.<\/p>\n","protected":false},"featured_media":21428,"template":"","meta":{"_joinchat":[]},"product_brand":[],"product_cat":[900],"product_tag":[751,908],"class_list":{"0":"post-33412","1":"product","2":"type-product","3":"status-publish","4":"has-post-thumbnail","6":"product_cat-open_spaces","7":"product_tag-6-puertas","8":"product_tag-serie-c","10":"first","11":"instock","12":"shipping-taxable","13":"purchasable","14":"product-type-simple"},"yoast_head":"<!-- This site is optimized with the Yoast SEO plugin v27.3 - https:\/\/yoast.com\/product\/yoast-seo-wordpress\/ -->\n<title>Open Space CUBIC-SIMPLE-C-40\/3 - Megablok<\/title>\n<meta name=\"robots\" content=\"index, follow, max-snippet:-1, max-image-preview:large, max-video-preview:-1\" \/>\n<link rel=\"canonical\" href=\"https:\/\/megdev01.com\/fr\/produit\/open-space-cubic-simple-c-40-3\/\" \/>\n<meta property=\"og:locale\" content=\"fr_FR\" \/>\n<meta property=\"og:type\" content=\"article\" \/>\n<meta property=\"og:title\" content=\"Open Space CUBIC-SIMPLE-C-40\/3 - Megablok\" \/>\n<meta property=\"og:description\" content=\"Taquilla modular con cuerpo en melamina hidr\u00f3fuga y puertas a elegir en melamina o compacto fen\u00f3lico. Dise\u00f1ada para oficinas, coworkings y espacios de dise\u00f1o que buscan funcionalidad, est\u00e9tica y seguridad.\" \/>\n<meta property=\"og:url\" content=\"https:\/\/megdev01.com\/fr\/produit\/open-space-cubic-simple-c-40-3\/\" \/>\n<meta property=\"og:site_name\" content=\"Megablok\" \/>\n<meta property=\"article:modified_time\" content=\"2026-04-10T10:12:20+00:00\" \/>\n<meta property=\"og:image\" content=\"http:\/\/megdev01.com\/wp-content\/uploads\/2025\/05\/CUBIC-SIMPLE-C-40-3.jpg\" \/>\n\t<meta property=\"og:image:width\" content=\"600\" \/>\n\t<meta property=\"og:image:height\" content=\"600\" \/>\n\t<meta property=\"og:image:type\" content=\"image\/jpeg\" \/>\n<meta name=\"twitter:card\" content=\"summary_large_image\" \/>\n<meta name=\"twitter:label1\" content=\"Dur\u00e9e de lecture estim\u00e9e\" \/>\n\t<meta name=\"twitter:data1\" content=\"1 minute\" \/>\n<script type=\"application\/ld+json\" class=\"yoast-schema-graph\">{\"@context\":\"https:\\\/\\\/schema.org\",\"@graph\":[{\"@type\":\"WebPage\",\"@id\":\"https:\\\/\\\/megdev01.com\\\/fr\\\/produit\\\/open-space-cubic-simple-c-40-3\\\/\",\"url\":\"https:\\\/\\\/megdev01.com\\\/fr\\\/produit\\\/open-space-cubic-simple-c-40-3\\\/\",\"name\":\"Open Space CUBIC-SIMPLE-C-40\\\/3 - Megablok\",\"isPartOf\":{\"@id\":\"https:\\\/\\\/megdev01.com\\\/fr\\\/#website\"},\"primaryImageOfPage\":{\"@id\":\"https:\\\/\\\/megdev01.com\\\/fr\\\/produit\\\/open-space-cubic-simple-c-40-3\\\/#primaryimage\"},\"image\":{\"@id\":\"https:\\\/\\\/megdev01.com\\\/fr\\\/produit\\\/open-space-cubic-simple-c-40-3\\\/#primaryimage\"},\"thumbnailUrl\":\"https:\\\/\\\/megdev01.com\\\/wp-content\\\/uploads\\\/2025\\\/05\\\/CUBIC-SIMPLE-C-40-3.jpg\",\"datePublished\":\"2025-06-25T06:56:48+00:00\",\"dateModified\":\"2026-04-10T10:12:20+00:00\",\"breadcrumb\":{\"@id\":\"https:\\\/\\\/megdev01.com\\\/fr\\\/produit\\\/open-space-cubic-simple-c-40-3\\\/#breadcrumb\"},\"inLanguage\":\"fr-FR\",\"potentialAction\":[{\"@type\":\"ReadAction\",\"target\":[\"https:\\\/\\\/megdev01.com\\\/fr\\\/produit\\\/open-space-cubic-simple-c-40-3\\\/\"]}]},{\"@type\":\"ImageObject\",\"inLanguage\":\"fr-FR\",\"@id\":\"https:\\\/\\\/megdev01.com\\\/fr\\\/produit\\\/open-space-cubic-simple-c-40-3\\\/#primaryimage\",\"url\":\"https:\\\/\\\/megdev01.com\\\/wp-content\\\/uploads\\\/2025\\\/05\\\/CUBIC-SIMPLE-C-40-3.jpg\",\"contentUrl\":\"https:\\\/\\\/megdev01.com\\\/wp-content\\\/uploads\\\/2025\\\/05\\\/CUBIC-SIMPLE-C-40-3.jpg\",\"width\":600,\"height\":600,\"caption\":\"CUBIC-SIMPLE-C-40-3\"},{\"@type\":\"BreadcrumbList\",\"@id\":\"https:\\\/\\\/megdev01.com\\\/fr\\\/produit\\\/open-space-cubic-simple-c-40-3\\\/#breadcrumb\",\"itemListElement\":[{\"@type\":\"ListItem\",\"position\":1,\"name\":\"Portada\",\"item\":\"https:\\\/\\\/megdev01.com\\\/fr\\\/\"},{\"@type\":\"ListItem\",\"position\":2,\"name\":\"Boutique\",\"item\":\"https:\\\/\\\/megdev01.com\\\/fr\\\/boutique\\\/\"},{\"@type\":\"ListItem\",\"position\":3,\"name\":\"Open Space CUBIC-SIMPLE-C-40\\\/3\"}]},{\"@type\":\"WebSite\",\"@id\":\"https:\\\/\\\/megdev01.com\\\/fr\\\/#website\",\"url\":\"https:\\\/\\\/megdev01.com\\\/fr\\\/\",\"name\":\"Megablok\",\"description\":\"Taquillas para vestuarios de empresas y organizaciones\",\"publisher\":{\"@id\":\"https:\\\/\\\/megdev01.com\\\/fr\\\/#organization\"},\"potentialAction\":[{\"@type\":\"SearchAction\",\"target\":{\"@type\":\"EntryPoint\",\"urlTemplate\":\"https:\\\/\\\/megdev01.com\\\/fr\\\/?s={search_term_string}\"},\"query-input\":{\"@type\":\"PropertyValueSpecification\",\"valueRequired\":true,\"valueName\":\"search_term_string\"}}],\"inLanguage\":\"fr-FR\"},{\"@type\":\"Organization\",\"@id\":\"https:\\\/\\\/megdev01.com\\\/fr\\\/#organization\",\"name\":\"Megablok\",\"url\":\"https:\\\/\\\/megdev01.com\\\/fr\\\/\",\"logo\":{\"@type\":\"ImageObject\",\"inLanguage\":\"fr-FR\",\"@id\":\"https:\\\/\\\/megdev01.com\\\/fr\\\/#\\\/schema\\\/logo\\\/image\\\/\",\"url\":\"https:\\\/\\\/megdev01.com\\\/wp-content\\\/uploads\\\/2024\\\/08\\\/270.png\",\"contentUrl\":\"https:\\\/\\\/megdev01.com\\\/wp-content\\\/uploads\\\/2024\\\/08\\\/270.png\",\"width\":270,\"height\":270,\"caption\":\"Megablok\"},\"image\":{\"@id\":\"https:\\\/\\\/megdev01.com\\\/fr\\\/#\\\/schema\\\/logo\\\/image\\\/\"},\"sameAs\":[\"https:\\\/\\\/www.linkedin.com\\\/company\\\/megablok-s.a.\\\/\",\"https:\\\/\\\/www.instagram.com\\\/megabloksa\\\/\"]}]}<\/script>\n<!-- \/ Yoast SEO plugin. -->","yoast_head_json":{"title":"Open Space CUBIC-SIMPLE-C-40\/3 - Megablok","robots":{"index":"index","follow":"follow","max-snippet":"max-snippet:-1","max-image-preview":"max-image-preview:large","max-video-preview":"max-video-preview:-1"},"canonical":"https:\/\/megdev01.com\/fr\/produit\/open-space-cubic-simple-c-40-3\/","og_locale":"fr_FR","og_type":"article","og_title":"Open Space CUBIC-SIMPLE-C-40\/3 - Megablok","og_description":"Taquilla modular con cuerpo en melamina hidr\u00f3fuga y puertas a elegir en melamina o compacto fen\u00f3lico. Dise\u00f1ada para oficinas, coworkings y espacios de dise\u00f1o que buscan funcionalidad, est\u00e9tica y seguridad.","og_url":"https:\/\/megdev01.com\/fr\/produit\/open-space-cubic-simple-c-40-3\/","og_site_name":"Megablok","article_modified_time":"2026-04-10T10:12:20+00:00","og_image":[{"width":600,"height":600,"url":"http:\/\/megdev01.com\/wp-content\/uploads\/2025\/05\/CUBIC-SIMPLE-C-40-3.jpg","type":"image\/jpeg"}],"twitter_card":"summary_large_image","twitter_misc":{"Dur\u00e9e de lecture estim\u00e9e":"1 minute"},"schema":{"@context":"https:\/\/schema.org","@graph":[{"@type":"WebPage","@id":"https:\/\/megdev01.com\/fr\/produit\/open-space-cubic-simple-c-40-3\/","url":"https:\/\/megdev01.com\/fr\/produit\/open-space-cubic-simple-c-40-3\/","name":"Open Space CUBIC-SIMPLE-C-40\/3 - Megablok","isPartOf":{"@id":"https:\/\/megdev01.com\/fr\/#website"},"primaryImageOfPage":{"@id":"https:\/\/megdev01.com\/fr\/produit\/open-space-cubic-simple-c-40-3\/#primaryimage"},"image":{"@id":"https:\/\/megdev01.com\/fr\/produit\/open-space-cubic-simple-c-40-3\/#primaryimage"},"thumbnailUrl":"https:\/\/megdev01.com\/wp-content\/uploads\/2025\/05\/CUBIC-SIMPLE-C-40-3.jpg","datePublished":"2025-06-25T06:56:48+00:00","dateModified":"2026-04-10T10:12:20+00:00","breadcrumb":{"@id":"https:\/\/megdev01.com\/fr\/produit\/open-space-cubic-simple-c-40-3\/#breadcrumb"},"inLanguage":"fr-FR","potentialAction":[{"@type":"ReadAction","target":["https:\/\/megdev01.com\/fr\/produit\/open-space-cubic-simple-c-40-3\/"]}]},{"@type":"ImageObject","inLanguage":"fr-FR","@id":"https:\/\/megdev01.com\/fr\/produit\/open-space-cubic-simple-c-40-3\/#primaryimage","url":"https:\/\/megdev01.com\/wp-content\/uploads\/2025\/05\/CUBIC-SIMPLE-C-40-3.jpg","contentUrl":"https:\/\/megdev01.com\/wp-content\/uploads\/2025\/05\/CUBIC-SIMPLE-C-40-3.jpg","width":600,"height":600,"caption":"CUBIC-SIMPLE-C-40-3"},{"@type":"BreadcrumbList","@id":"https:\/\/megdev01.com\/fr\/produit\/open-space-cubic-simple-c-40-3\/#breadcrumb","itemListElement":[{"@type":"ListItem","position":1,"name":"Portada","item":"https:\/\/megdev01.com\/fr\/"},{"@type":"ListItem","position":2,"name":"Boutique","item":"https:\/\/megdev01.com\/fr\/boutique\/"},{"@type":"ListItem","position":3,"name":"Open Space CUBIC-SIMPLE-C-40\/3"}]},{"@type":"WebSite","@id":"https:\/\/megdev01.com\/fr\/#website","url":"https:\/\/megdev01.com\/fr\/","name":"Megablok","description":"Taquillas para vestuarios de empresas y organizaciones","publisher":{"@id":"https:\/\/megdev01.com\/fr\/#organization"},"potentialAction":[{"@type":"SearchAction","target":{"@type":"EntryPoint","urlTemplate":"https:\/\/megdev01.com\/fr\/?s={search_term_string}"},"query-input":{"@type":"PropertyValueSpecification","valueRequired":true,"valueName":"search_term_string"}}],"inLanguage":"fr-FR"},{"@type":"Organization","@id":"https:\/\/megdev01.com\/fr\/#organization","name":"Megablok","url":"https:\/\/megdev01.com\/fr\/","logo":{"@type":"ImageObject","inLanguage":"fr-FR","@id":"https:\/\/megdev01.com\/fr\/#\/schema\/logo\/image\/","url":"https:\/\/megdev01.com\/wp-content\/uploads\/2024\/08\/270.png","contentUrl":"https:\/\/megdev01.com\/wp-content\/uploads\/2024\/08\/270.png","width":270,"height":270,"caption":"Megablok"},"image":{"@id":"https:\/\/megdev01.com\/fr\/#\/schema\/logo\/image\/"},"sameAs":["https:\/\/www.linkedin.com\/company\/megablok-s.a.\/","https:\/\/www.instagram.com\/megabloksa\/"]}]}},"jetpack_sharing_enabled":true,"_links":{"self":[{"href":"https:\/\/megdev01.com\/fr\/wp-json\/wp\/v2\/product\/33412","targetHints":{"allow":["GET"]}}],"collection":[{"href":"https:\/\/megdev01.com\/fr\/wp-json\/wp\/v2\/product"}],"about":[{"href":"https:\/\/megdev01.com\/fr\/wp-json\/wp\/v2\/types\/product"}],"wp:featuredmedia":[{"embeddable":true,"href":"https:\/\/megdev01.com\/fr\/wp-json\/wp\/v2\/media\/21428"}],"wp:attachment":[{"href":"https:\/\/megdev01.com\/fr\/wp-json\/wp\/v2\/media?parent=33412"}],"wp:term":[{"taxonomy":"product_brand","embeddable":true,"href":"https:\/\/megdev01.com\/fr\/wp-json\/wp\/v2\/product_brand?post=33412"},{"taxonomy":"product_cat","embeddable":true,"href":"https:\/\/megdev01.com\/fr\/wp-json\/wp\/v2\/product_cat?post=33412"},{"taxonomy":"product_tag","embeddable":true,"href":"https:\/\/megdev01.com\/fr\/wp-json\/wp\/v2\/product_tag?post=33412"}],"curies":[{"name":"wp","href":"https:\/\/api.w.org\/{rel}","templated":true}]}}