{"id":29926,"date":"2026-01-21T12:13:53","date_gmt":"2026-01-21T12:13:53","guid":{"rendered":"https:\/\/megdev01.com\/serie-stv6\/"},"modified":"2026-03-20T12:26:55","modified_gmt":"2026-03-20T12:26:55","slug":"serie-stv6","status":"publish","type":"page","link":"https:\/\/megdev01.com\/fr\/serie-stv6\/","title":{"rendered":"S\u00e9rie STV6"},"content":{"rendered":"<div class=\"fusion-fullwidth fullwidth-box fusion-builder-row-1 fusion-flex-container has-pattern-background has-mask-background nonhundred-percent-fullwidth non-hundred-percent-height-scrolling\" style=\"--awb-border-radius-top-left:0px;--awb-border-radius-top-right:0px;--awb-border-radius-bottom-right:0px;--awb-border-radius-bottom-left:0px;--awb-flex-wrap:wrap;\" ><div class=\"fusion-builder-row fusion-row fusion-flex-align-items-flex-start fusion-flex-content-wrap\" style=\"max-width:1372.8px;margin-left: calc(-4% \/ 2 );margin-right: calc(-4% \/ 2 );\"><div class=\"fusion-layout-column fusion_builder_column fusion-builder-column-0 fusion_builder_column_1_1 1_1 fusion-flex-column\" style=\"--awb-bg-size:cover;--awb-width-large:100%;--awb-margin-top-large:0px;--awb-spacing-right-large:1.92%;--awb-margin-bottom-large:20px;--awb-spacing-left-large:1.92%;--awb-width-medium:100%;--awb-order-medium:0;--awb-spacing-right-medium:1.92%;--awb-spacing-left-medium:1.92%;--awb-width-small:100%;--awb-order-small:0;--awb-spacing-right-small:1.92%;--awb-spacing-left-small:1.92%;\"><div class=\"fusion-column-wrapper fusion-column-has-shadow fusion-flex-justify-content-flex-start fusion-content-layout-column\"><\/div><\/div><div class=\"fusion-layout-column fusion_builder_column fusion-builder-column-1 fusion_builder_column_1_1 1_1 fusion-flex-column\" style=\"--awb-bg-size:cover;--awb-width-large:100%;--awb-margin-top-large:0px;--awb-spacing-right-large:1.92%;--awb-margin-bottom-large:20px;--awb-spacing-left-large:1.92%;--awb-width-medium:100%;--awb-order-medium:0;--awb-spacing-right-medium:1.92%;--awb-spacing-left-medium:1.92%;--awb-width-small:100%;--awb-order-small:0;--awb-spacing-right-small:1.92%;--awb-spacing-left-small:1.92%;\"><div class=\"fusion-column-wrapper fusion-column-has-shadow fusion-flex-justify-content-flex-start fusion-content-layout-column\"><div class=\"fusion-text fusion-text-1\"><p>Las taquillas <b>multipuertas de Megablok<\/b> ofrecen una soluci\u00f3n pr\u00e1ctica y eficiente para <b>entornos donde es necesario acceder a varios compartimentos con una sola llave.<\/b> Fabricadas en acero soldado, estas taquillas met\u00e1licas garantizan m\u00e1xima resistencia, seguridad y durabilidad, siendo ideales para <b>vestuarios que requieren una gesti\u00f3n r\u00e1pida y ordenada del espacio.<\/b><\/p>\n<p>Su dise\u00f1o funcional est\u00e1 pensado para equipar <b>empresas industriales, hospitales, cl\u00ednicas, hoteles, lavander\u00edas o el sector agroalimentario,<\/b> facilitando la recogida y entrega de ropa limpia o sucia, o el almacenamiento centralizado de materiales. Con estructura robusta y bajo mantenimiento, las taquillas multipuertas de Megablok cumplen con las normativas de <b>higiene y seguridad,<\/b> asegurando un vestuario organizado y eficiente. Una opci\u00f3n vers\u00e1til y fiable que optimiza los procesos y mejora la gesti\u00f3n de los espacios de trabajo.<\/p>\n<\/div><\/div><\/div><\/div><\/div>\n","protected":false},"excerpt":{"rendered":"","protected":false},"author":1,"featured_media":27035,"parent":0,"menu_order":0,"comment_status":"closed","ping_status":"closed","template":"100-width.php","meta":{"_joinchat":[],"footnotes":""},"class_list":["post-29926","page","type-page","status-publish","has-post-thumbnail","hentry"],"yoast_head":"<!-- This site is optimized with the Yoast SEO plugin v27.3 - https:\/\/yoast.com\/product\/yoast-seo-wordpress\/ -->\n<title>S\u00e9rie STV6 - Megablok<\/title>\n<meta name=\"description\" content=\"Casier en m\u00e9tal pour casier monobloc. Structure soud\u00e9e avec pieds inclus. Il a demand\u00e9 un budget sans engagement.\" \/>\n<meta name=\"robots\" content=\"index, follow, max-snippet:-1, max-image-preview:large, max-video-preview:-1\" \/>\n<link rel=\"canonical\" href=\"https:\/\/megdev01.com\/fr\/serie-stv6\/\" \/>\n<meta property=\"og:locale\" content=\"fr_FR\" \/>\n<meta property=\"og:type\" content=\"article\" \/>\n<meta property=\"og:title\" content=\"S\u00e9rie STV6 - Megablok\" \/>\n<meta property=\"og:description\" content=\"Casier en m\u00e9tal pour casier monobloc. Structure soud\u00e9e avec pieds inclus. Il a demand\u00e9 un budget sans engagement.\" \/>\n<meta property=\"og:url\" content=\"https:\/\/megdev01.com\/fr\/serie-stv6\/\" \/>\n<meta property=\"og:site_name\" content=\"Megablok\" \/>\n<meta property=\"article:modified_time\" content=\"2026-03-20T12:26:55+00:00\" \/>\n<meta property=\"og:image\" content=\"http:\/\/megdev01.com\/wp-content\/uploads\/2026\/01\/STV6-40-1.png\" \/>\n\t<meta property=\"og:image:width\" content=\"287\" \/>\n\t<meta property=\"og:image:height\" content=\"1000\" \/>\n\t<meta property=\"og:image:type\" content=\"image\/png\" \/>\n<meta name=\"twitter:card\" content=\"summary_large_image\" \/>\n<meta name=\"twitter:label1\" content=\"Dur\u00e9e de lecture estim\u00e9e\" \/>\n\t<meta name=\"twitter:data1\" content=\"5 minutes\" \/>\n<script type=\"application\/ld+json\" class=\"yoast-schema-graph\">{\"@context\":\"https:\\\/\\\/schema.org\",\"@graph\":[{\"@type\":\"WebPage\",\"@id\":\"https:\\\/\\\/megdev01.com\\\/fr\\\/serie-stv6\\\/\",\"url\":\"https:\\\/\\\/megdev01.com\\\/fr\\\/serie-stv6\\\/\",\"name\":\"S\u00e9rie STV6 - Megablok\",\"isPartOf\":{\"@id\":\"https:\\\/\\\/megdev01.com\\\/fr\\\/#website\"},\"primaryImageOfPage\":{\"@id\":\"https:\\\/\\\/megdev01.com\\\/fr\\\/serie-stv6\\\/#primaryimage\"},\"image\":{\"@id\":\"https:\\\/\\\/megdev01.com\\\/fr\\\/serie-stv6\\\/#primaryimage\"},\"thumbnailUrl\":\"https:\\\/\\\/megdev01.com\\\/wp-content\\\/uploads\\\/2026\\\/01\\\/STV6-40-1.png\",\"datePublished\":\"2026-01-21T12:13:53+00:00\",\"dateModified\":\"2026-03-20T12:26:55+00:00\",\"description\":\"Casier en m\u00e9tal pour casier monobloc. Structure soud\u00e9e avec pieds inclus. Il a demand\u00e9 un budget sans engagement.\",\"breadcrumb\":{\"@id\":\"https:\\\/\\\/megdev01.com\\\/fr\\\/serie-stv6\\\/#breadcrumb\"},\"inLanguage\":\"fr-FR\",\"potentialAction\":[{\"@type\":\"ReadAction\",\"target\":[\"https:\\\/\\\/megdev01.com\\\/fr\\\/serie-stv6\\\/\"]}]},{\"@type\":\"ImageObject\",\"inLanguage\":\"fr-FR\",\"@id\":\"https:\\\/\\\/megdev01.com\\\/fr\\\/serie-stv6\\\/#primaryimage\",\"url\":\"https:\\\/\\\/megdev01.com\\\/wp-content\\\/uploads\\\/2026\\\/01\\\/STV6-40-1.png\",\"contentUrl\":\"https:\\\/\\\/megdev01.com\\\/wp-content\\\/uploads\\\/2026\\\/01\\\/STV6-40-1.png\",\"width\":287,\"height\":1000,\"caption\":\"taquilla multipuerta\"},{\"@type\":\"BreadcrumbList\",\"@id\":\"https:\\\/\\\/megdev01.com\\\/fr\\\/serie-stv6\\\/#breadcrumb\",\"itemListElement\":[{\"@type\":\"ListItem\",\"position\":1,\"name\":\"Portada\",\"item\":\"https:\\\/\\\/megdev01.com\\\/fr\\\/\"},{\"@type\":\"ListItem\",\"position\":2,\"name\":\"S\u00e9rie STV6\"}]},{\"@type\":\"WebSite\",\"@id\":\"https:\\\/\\\/megdev01.com\\\/fr\\\/#website\",\"url\":\"https:\\\/\\\/megdev01.com\\\/fr\\\/\",\"name\":\"Megablok\",\"description\":\"Taquillas para vestuarios de empresas y organizaciones\",\"publisher\":{\"@id\":\"https:\\\/\\\/megdev01.com\\\/fr\\\/#organization\"},\"potentialAction\":[{\"@type\":\"SearchAction\",\"target\":{\"@type\":\"EntryPoint\",\"urlTemplate\":\"https:\\\/\\\/megdev01.com\\\/fr\\\/?s={search_term_string}\"},\"query-input\":{\"@type\":\"PropertyValueSpecification\",\"valueRequired\":true,\"valueName\":\"search_term_string\"}}],\"inLanguage\":\"fr-FR\"},{\"@type\":\"Organization\",\"@id\":\"https:\\\/\\\/megdev01.com\\\/fr\\\/#organization\",\"name\":\"Megablok\",\"url\":\"https:\\\/\\\/megdev01.com\\\/fr\\\/\",\"logo\":{\"@type\":\"ImageObject\",\"inLanguage\":\"fr-FR\",\"@id\":\"https:\\\/\\\/megdev01.com\\\/fr\\\/#\\\/schema\\\/logo\\\/image\\\/\",\"url\":\"https:\\\/\\\/megdev01.com\\\/wp-content\\\/uploads\\\/2024\\\/08\\\/270.png\",\"contentUrl\":\"https:\\\/\\\/megdev01.com\\\/wp-content\\\/uploads\\\/2024\\\/08\\\/270.png\",\"width\":270,\"height\":270,\"caption\":\"Megablok\"},\"image\":{\"@id\":\"https:\\\/\\\/megdev01.com\\\/fr\\\/#\\\/schema\\\/logo\\\/image\\\/\"},\"sameAs\":[\"https:\\\/\\\/www.linkedin.com\\\/company\\\/megablok-s.a.\\\/\",\"https:\\\/\\\/www.instagram.com\\\/megabloksa\\\/\"]}]}<\/script>\n<!-- \/ Yoast SEO plugin. -->","yoast_head_json":{"title":"S\u00e9rie STV6 - Megablok","description":"Casier en m\u00e9tal pour casier monobloc. Structure soud\u00e9e avec pieds inclus. Il a demand\u00e9 un budget sans engagement.","robots":{"index":"index","follow":"follow","max-snippet":"max-snippet:-1","max-image-preview":"max-image-preview:large","max-video-preview":"max-video-preview:-1"},"canonical":"https:\/\/megdev01.com\/fr\/serie-stv6\/","og_locale":"fr_FR","og_type":"article","og_title":"S\u00e9rie STV6 - Megablok","og_description":"Casier en m\u00e9tal pour casier monobloc. Structure soud\u00e9e avec pieds inclus. Il a demand\u00e9 un budget sans engagement.","og_url":"https:\/\/megdev01.com\/fr\/serie-stv6\/","og_site_name":"Megablok","article_modified_time":"2026-03-20T12:26:55+00:00","og_image":[{"width":287,"height":1000,"url":"http:\/\/megdev01.com\/wp-content\/uploads\/2026\/01\/STV6-40-1.png","type":"image\/png"}],"twitter_card":"summary_large_image","twitter_misc":{"Dur\u00e9e de lecture estim\u00e9e":"5 minutes"},"schema":{"@context":"https:\/\/schema.org","@graph":[{"@type":"WebPage","@id":"https:\/\/megdev01.com\/fr\/serie-stv6\/","url":"https:\/\/megdev01.com\/fr\/serie-stv6\/","name":"S\u00e9rie STV6 - Megablok","isPartOf":{"@id":"https:\/\/megdev01.com\/fr\/#website"},"primaryImageOfPage":{"@id":"https:\/\/megdev01.com\/fr\/serie-stv6\/#primaryimage"},"image":{"@id":"https:\/\/megdev01.com\/fr\/serie-stv6\/#primaryimage"},"thumbnailUrl":"https:\/\/megdev01.com\/wp-content\/uploads\/2026\/01\/STV6-40-1.png","datePublished":"2026-01-21T12:13:53+00:00","dateModified":"2026-03-20T12:26:55+00:00","description":"Casier en m\u00e9tal pour casier monobloc. Structure soud\u00e9e avec pieds inclus. Il a demand\u00e9 un budget sans engagement.","breadcrumb":{"@id":"https:\/\/megdev01.com\/fr\/serie-stv6\/#breadcrumb"},"inLanguage":"fr-FR","potentialAction":[{"@type":"ReadAction","target":["https:\/\/megdev01.com\/fr\/serie-stv6\/"]}]},{"@type":"ImageObject","inLanguage":"fr-FR","@id":"https:\/\/megdev01.com\/fr\/serie-stv6\/#primaryimage","url":"https:\/\/megdev01.com\/wp-content\/uploads\/2026\/01\/STV6-40-1.png","contentUrl":"https:\/\/megdev01.com\/wp-content\/uploads\/2026\/01\/STV6-40-1.png","width":287,"height":1000,"caption":"taquilla multipuerta"},{"@type":"BreadcrumbList","@id":"https:\/\/megdev01.com\/fr\/serie-stv6\/#breadcrumb","itemListElement":[{"@type":"ListItem","position":1,"name":"Portada","item":"https:\/\/megdev01.com\/fr\/"},{"@type":"ListItem","position":2,"name":"S\u00e9rie STV6"}]},{"@type":"WebSite","@id":"https:\/\/megdev01.com\/fr\/#website","url":"https:\/\/megdev01.com\/fr\/","name":"Megablok","description":"Taquillas para vestuarios de empresas y organizaciones","publisher":{"@id":"https:\/\/megdev01.com\/fr\/#organization"},"potentialAction":[{"@type":"SearchAction","target":{"@type":"EntryPoint","urlTemplate":"https:\/\/megdev01.com\/fr\/?s={search_term_string}"},"query-input":{"@type":"PropertyValueSpecification","valueRequired":true,"valueName":"search_term_string"}}],"inLanguage":"fr-FR"},{"@type":"Organization","@id":"https:\/\/megdev01.com\/fr\/#organization","name":"Megablok","url":"https:\/\/megdev01.com\/fr\/","logo":{"@type":"ImageObject","inLanguage":"fr-FR","@id":"https:\/\/megdev01.com\/fr\/#\/schema\/logo\/image\/","url":"https:\/\/megdev01.com\/wp-content\/uploads\/2024\/08\/270.png","contentUrl":"https:\/\/megdev01.com\/wp-content\/uploads\/2024\/08\/270.png","width":270,"height":270,"caption":"Megablok"},"image":{"@id":"https:\/\/megdev01.com\/fr\/#\/schema\/logo\/image\/"},"sameAs":["https:\/\/www.linkedin.com\/company\/megablok-s.a.\/","https:\/\/www.instagram.com\/megabloksa\/"]}]}},"jetpack_sharing_enabled":true,"_links":{"self":[{"href":"https:\/\/megdev01.com\/fr\/wp-json\/wp\/v2\/pages\/29926","targetHints":{"allow":["GET"]}}],"collection":[{"href":"https:\/\/megdev01.com\/fr\/wp-json\/wp\/v2\/pages"}],"about":[{"href":"https:\/\/megdev01.com\/fr\/wp-json\/wp\/v2\/types\/page"}],"author":[{"embeddable":true,"href":"https:\/\/megdev01.com\/fr\/wp-json\/wp\/v2\/users\/1"}],"replies":[{"embeddable":true,"href":"https:\/\/megdev01.com\/fr\/wp-json\/wp\/v2\/comments?post=29926"}],"version-history":[{"count":1,"href":"https:\/\/megdev01.com\/fr\/wp-json\/wp\/v2\/pages\/29926\/revisions"}],"predecessor-version":[{"id":29927,"href":"https:\/\/megdev01.com\/fr\/wp-json\/wp\/v2\/pages\/29926\/revisions\/29927"}],"wp:featuredmedia":[{"embeddable":true,"href":"https:\/\/megdev01.com\/fr\/wp-json\/wp\/v2\/media\/27035"}],"wp:attachment":[{"href":"https:\/\/megdev01.com\/fr\/wp-json\/wp\/v2\/media?parent=29926"}],"curies":[{"name":"wp","href":"https:\/\/api.w.org\/{rel}","templated":true}]}}