{"id":29367,"date":"2025-07-11T11:55:40","date_gmt":"2025-07-11T11:55:40","guid":{"rendered":"https:\/\/megdev01.com\/serie-sc\/"},"modified":"2026-03-20T11:59:06","modified_gmt":"2026-03-20T11:59:06","slug":"serie-sc","status":"publish","type":"page","link":"https:\/\/megdev01.com\/fr\/serie-sc\/","title":{"rendered":"S\u00e9rie SC"},"content":{"rendered":"<div class=\"fusion-fullwidth fullwidth-box fusion-builder-row-1 fusion-flex-container has-pattern-background has-mask-background nonhundred-percent-fullwidth non-hundred-percent-height-scrolling\" style=\"--awb-border-radius-top-left:0px;--awb-border-radius-top-right:0px;--awb-border-radius-bottom-right:0px;--awb-border-radius-bottom-left:0px;--awb-flex-wrap:wrap;\" ><div class=\"fusion-builder-row fusion-row fusion-flex-align-items-flex-start fusion-flex-content-wrap\" style=\"max-width:1372.8px;margin-left: calc(-4% \/ 2 );margin-right: calc(-4% \/ 2 );\"><div class=\"fusion-layout-column fusion_builder_column fusion-builder-column-0 fusion_builder_column_1_1 1_1 fusion-flex-column\" style=\"--awb-bg-size:cover;--awb-width-large:100%;--awb-margin-top-large:0px;--awb-spacing-right-large:1.92%;--awb-margin-bottom-large:20px;--awb-spacing-left-large:1.92%;--awb-width-medium:100%;--awb-order-medium:0;--awb-spacing-right-medium:1.92%;--awb-spacing-left-medium:1.92%;--awb-width-small:100%;--awb-order-small:0;--awb-spacing-right-small:1.92%;--awb-spacing-left-small:1.92%;\"><div class=\"fusion-column-wrapper fusion-column-has-shadow fusion-flex-justify-content-flex-start fusion-content-layout-column\"><div class=\"fusion-woo-product-grid fusion-product-archive fusion-woo-product-grid-1 hide-rating hide-buttons has-load-more\" style=\"--awb-grid-border-color:rgba(135,135,135,0.33);\"><ul class=\"products products-4 fusion-products-container-infinite\" data-pages=\"1\"><li class=\"product type-product post-33645 status-publish first instock product_cat-casiers-metalliques product_cat-sc product_cat-taquillas-monoblok product_tag-1-colonne product_tag-250-mm-fr product_tag-4-puertas has-post-thumbnail shipping-taxable purchasable product-type-simple product-grid-view\">\n\t<div class=\"fusion-product-wrapper\">\n<a href=\"https:\/\/megdev01.com\/fr\/produit\/vestiaires-monoblok-sc-25-1\/\" class=\"product-images\" aria-label=\"Taquilla met\u00e1lica soldada SC-25\/1\">\n\n<div class=\"featured-image\">\n\t\t<img decoding=\"async\" width=\"500\" height=\"500\" src=\"https:\/\/megdev01.com\/wp-content\/uploads\/2025\/05\/SC-25-1-500x500.jpg\" class=\"attachment-woocommerce_thumbnail size-woocommerce_thumbnail lazyload wp-post-image\" alt=\"Taquilla soldada SC-25\/1\" srcset=\"data:image\/svg+xml,%3Csvg%20xmlns%3D%27http%3A%2F%2Fwww.w3.org%2F2000%2Fsvg%27%20width%3D%271000%27%20height%3D%271000%27%20viewBox%3D%270%200%201000%201000%27%3E%3Crect%20width%3D%271000%27%20height%3D%271000%27%20fill-opacity%3D%220%22%2F%3E%3C%2Fsvg%3E\" data-orig-src=\"https:\/\/megdev01.com\/wp-content\/uploads\/2025\/05\/SC-25-1-500x500.jpg\" data-srcset=\"https:\/\/megdev01.com\/wp-content\/uploads\/2025\/05\/SC-25-1-66x66.jpg 66w, https:\/\/megdev01.com\/wp-content\/uploads\/2025\/05\/SC-25-1-150x150.jpg 150w, https:\/\/megdev01.com\/wp-content\/uploads\/2025\/05\/SC-25-1-200x200.jpg 200w, https:\/\/megdev01.com\/wp-content\/uploads\/2025\/05\/SC-25-1-300x300.jpg 300w, https:\/\/megdev01.com\/wp-content\/uploads\/2025\/05\/SC-25-1-400x400.jpg 400w, https:\/\/megdev01.com\/wp-content\/uploads\/2025\/05\/SC-25-1-500x500.jpg 500w, https:\/\/megdev01.com\/wp-content\/uploads\/2025\/05\/SC-25-1-600x600.jpg 600w, https:\/\/megdev01.com\/wp-content\/uploads\/2025\/05\/SC-25-1-700x700.jpg 700w, https:\/\/megdev01.com\/wp-content\/uploads\/2025\/05\/SC-25-1-768x768.jpg 768w, https:\/\/megdev01.com\/wp-content\/uploads\/2025\/05\/SC-25-1-800x800.jpg 800w, https:\/\/megdev01.com\/wp-content\/uploads\/2025\/05\/SC-25-1.jpg 1000w\" data-sizes=\"auto\" \/>\n\t\t\t\t\t\t<div class=\"cart-loading\"><i class=\"awb-icon-spinner\" aria-hidden=\"true\"><\/i><\/div>\n\t\t\t<\/div>\n<\/a>\n<div class=\"fusion-product-content\">\n\t<div class=\"product-details\">\n\t\t<div class=\"product-details-container\">\n<h3 class=\"product-title\">\n\t<a href=\"https:\/\/megdev01.com\/fr\/produit\/vestiaires-monoblok-sc-25-1\/\">\n\t\tTaquilla met\u00e1lica soldada SC-25\/1\t<\/a>\n<\/h3>\n<div class=\"fusion-price-rating\">\n\n\t<span class=\"price\"><span class=\"woocommerce-Price-amount amount\"><bdi>230,91&nbsp;<span class=\"woocommerce-Price-currencySymbol\">&euro;<\/span><\/bdi><\/span><\/span>\n\t\t<\/div>\n\t<\/div>\n<\/div>\n\n\n\t<div class=\"product-buttons\">\n\t\t<div class=\"fusion-content-sep sep-double sep-solid\"><\/div>\n\t\t<div class=\"product-buttons-container clearfix\">\n<a href=\"\/fr\/wp-json\/wp\/v2\/pages\/29367?add-to-cart=33645\" aria-describedby=\"woocommerce_loop_add_to_cart_link_describedby_33645\" data-quantity=\"1\" class=\"button product_type_simple add_to_cart_button ajax_add_to_cart\" data-product_id=\"33645\" data-product_sku=\"SC-25\/1\" aria-label=\"Ajouter au panier\u00a0: &ldquo;Taquilla met\u00e1lica soldada SC-25\/1&rdquo;\" rel=\"nofollow\">Ajouter au panier<\/a>\t<span id=\"woocommerce_loop_add_to_cart_link_describedby_33645\" class=\"screen-reader-text\">\n\t\t\t<\/span>\n\n<a href=\"https:\/\/megdev01.com\/fr\/produit\/vestiaires-monoblok-sc-25-1\/\" class=\"show_details_button\">\n\tDetails<\/a>\n\n\n\t<\/div>\n\t<\/div>\n\n\t<\/div> <\/div>\n<\/li>\n<li class=\"product type-product post-33657 status-publish instock product_cat-casiers-metalliques product_cat-sc product_cat-taquillas-monoblok product_tag-2-columnas product_tag-250-mm-fr product_tag-8-puertas has-post-thumbnail shipping-taxable purchasable product-type-simple product-grid-view\">\n\t<div class=\"fusion-product-wrapper\">\n<a href=\"https:\/\/megdev01.com\/fr\/produit\/vestiaires-monoblok-sc-25-2\/\" class=\"product-images\" aria-label=\"Taquilla met\u00e1lica soldada SC-25\/2\">\n\n<div class=\"featured-image\">\n\t\t<img decoding=\"async\" width=\"500\" height=\"500\" src=\"https:\/\/megdev01.com\/wp-content\/uploads\/2025\/05\/SC-25-2-500x500.jpg\" class=\"attachment-woocommerce_thumbnail size-woocommerce_thumbnail lazyload wp-post-image\" alt=\"Taquilla soldada SC-25\/2\" srcset=\"data:image\/svg+xml,%3Csvg%20xmlns%3D%27http%3A%2F%2Fwww.w3.org%2F2000%2Fsvg%27%20width%3D%271000%27%20height%3D%271000%27%20viewBox%3D%270%200%201000%201000%27%3E%3Crect%20width%3D%271000%27%20height%3D%271000%27%20fill-opacity%3D%220%22%2F%3E%3C%2Fsvg%3E\" data-orig-src=\"https:\/\/megdev01.com\/wp-content\/uploads\/2025\/05\/SC-25-2-500x500.jpg\" data-srcset=\"https:\/\/megdev01.com\/wp-content\/uploads\/2025\/05\/SC-25-2-66x66.jpg 66w, https:\/\/megdev01.com\/wp-content\/uploads\/2025\/05\/SC-25-2-150x150.jpg 150w, https:\/\/megdev01.com\/wp-content\/uploads\/2025\/05\/SC-25-2-200x200.jpg 200w, https:\/\/megdev01.com\/wp-content\/uploads\/2025\/05\/SC-25-2-300x300.jpg 300w, https:\/\/megdev01.com\/wp-content\/uploads\/2025\/05\/SC-25-2-400x400.jpg 400w, https:\/\/megdev01.com\/wp-content\/uploads\/2025\/05\/SC-25-2-500x500.jpg 500w, https:\/\/megdev01.com\/wp-content\/uploads\/2025\/05\/SC-25-2-600x600.jpg 600w, https:\/\/megdev01.com\/wp-content\/uploads\/2025\/05\/SC-25-2-700x700.jpg 700w, https:\/\/megdev01.com\/wp-content\/uploads\/2025\/05\/SC-25-2-768x768.jpg 768w, https:\/\/megdev01.com\/wp-content\/uploads\/2025\/05\/SC-25-2-800x800.jpg 800w, https:\/\/megdev01.com\/wp-content\/uploads\/2025\/05\/SC-25-2.jpg 1000w\" data-sizes=\"auto\" \/>\n\t\t\t\t\t\t<div class=\"cart-loading\"><i class=\"awb-icon-spinner\" aria-hidden=\"true\"><\/i><\/div>\n\t\t\t<\/div>\n<\/a>\n<div class=\"fusion-product-content\">\n\t<div class=\"product-details\">\n\t\t<div class=\"product-details-container\">\n<h3 class=\"product-title\">\n\t<a href=\"https:\/\/megdev01.com\/fr\/produit\/vestiaires-monoblok-sc-25-2\/\">\n\t\tTaquilla met\u00e1lica soldada SC-25\/2\t<\/a>\n<\/h3>\n<div class=\"fusion-price-rating\">\n\n\t<span class=\"price\"><span class=\"woocommerce-Price-amount amount\"><bdi>418,15&nbsp;<span class=\"woocommerce-Price-currencySymbol\">&euro;<\/span><\/bdi><\/span><\/span>\n\t\t<\/div>\n\t<\/div>\n<\/div>\n\n\n\t<div class=\"product-buttons\">\n\t\t<div class=\"fusion-content-sep sep-double sep-solid\"><\/div>\n\t\t<div class=\"product-buttons-container clearfix\">\n<a href=\"\/fr\/wp-json\/wp\/v2\/pages\/29367?add-to-cart=33657\" aria-describedby=\"woocommerce_loop_add_to_cart_link_describedby_33657\" data-quantity=\"1\" class=\"button product_type_simple add_to_cart_button ajax_add_to_cart\" data-product_id=\"33657\" data-product_sku=\"SC-25\/2\" aria-label=\"Ajouter au panier\u00a0: &ldquo;Taquilla met\u00e1lica soldada SC-25\/2&rdquo;\" rel=\"nofollow\">Ajouter au panier<\/a>\t<span id=\"woocommerce_loop_add_to_cart_link_describedby_33657\" class=\"screen-reader-text\">\n\t\t\t<\/span>\n\n<a href=\"https:\/\/megdev01.com\/fr\/produit\/vestiaires-monoblok-sc-25-2\/\" class=\"show_details_button\">\n\tDetails<\/a>\n\n\n\t<\/div>\n\t<\/div>\n\n\t<\/div> <\/div>\n<\/li>\n<\/ul><div class=\"fusion-woo-product-grid-pagination fusion-clearfix infinite-scroll infinite-scroll-hide\"><\/div><\/div><\/div><\/div><div class=\"fusion-layout-column fusion_builder_column fusion-builder-column-1 fusion_builder_column_1_1 1_1 fusion-flex-column\" style=\"--awb-bg-size:cover;--awb-width-large:100%;--awb-margin-top-large:0px;--awb-spacing-right-large:1.92%;--awb-margin-bottom-large:20px;--awb-spacing-left-large:1.92%;--awb-width-medium:100%;--awb-order-medium:0;--awb-spacing-right-medium:1.92%;--awb-spacing-left-medium:1.92%;--awb-width-small:100%;--awb-order-small:0;--awb-spacing-right-small:1.92%;--awb-spacing-left-small:1.92%;\"><div class=\"fusion-column-wrapper fusion-column-has-shadow fusion-flex-justify-content-flex-start fusion-content-layout-column\"><div class=\"fusion-text fusion-text-1\"><p>Les <b>Casiers monoblocs<\/b> des <b>M\u00e9gablok <\/b>sont les <b>Solution durable et durable parfaite pour les vestiaires n\u00e9cessitant une utilisation intensive et quotidienne.<\/b> En acier soud\u00e9, ils offrent une structure robuste, sans ar\u00eates de coupe, et facile \u00e0 entretenir, id\u00e9al pour les environnements o\u00f9 la s\u00e9curit\u00e9 et la fonctionnalit\u00e9 sont essentielles. Ces casiers m\u00e9talliques sont sp\u00e9cialement con\u00e7us pour <b>d&rsquo;\u00e9quiper des entreprises industrielles, des h\u00f4pitaux, des centres de sant\u00e9, des \u00e9coles, des instituts, des universit\u00e9s, des gymnases ou des centres sportifs,<\/b> fournir un espace d&rsquo;image s\u00fbr, ordonn\u00e9 et professionnel. Disponibles en diff\u00e9rentes largeurs et configurations, les casiers Monoblok sont adapt\u00e9s aux besoins de chaque projet, garantissant <b>qualit\u00e9, r\u00e9sistance et durabilit\u00e9<\/b> au meilleur prix. Un choix fiable pour ceux qui recherchent une solution compl\u00e8te, polyvalente et pr\u00eate \u00e0 l&#8217;emploi d\u00e8s le premier jour.<\/p>\n<\/div><\/div><\/div><\/div><\/div>\n","protected":false},"excerpt":{"rendered":"","protected":false},"author":1,"featured_media":11836,"parent":0,"menu_order":0,"comment_status":"closed","ping_status":"closed","template":"100-width.php","meta":{"_joinchat":[],"footnotes":""},"class_list":["post-29367","page","type-page","status-publish","has-post-thumbnail","hentry"],"yoast_head":"<!-- This site is optimized with the Yoast SEO plugin v27.3 - https:\/\/yoast.com\/product\/yoast-seo-wordpress\/ -->\n<title>S\u00e9rie SC - Megablok<\/title>\n<meta name=\"description\" content=\"Casier en m\u00e9tal pour casier monobloc. Structure soud\u00e9e avec pieds inclus. Il a demand\u00e9 un budget sans engagement.\" \/>\n<meta name=\"robots\" content=\"index, follow, max-snippet:-1, max-image-preview:large, max-video-preview:-1\" \/>\n<link rel=\"canonical\" href=\"https:\/\/megdev01.com\/fr\/serie-sc\/\" \/>\n<meta property=\"og:locale\" content=\"fr_FR\" \/>\n<meta property=\"og:type\" content=\"article\" \/>\n<meta property=\"og:title\" content=\"S\u00e9rie SC - Megablok\" \/>\n<meta property=\"og:description\" content=\"Casier en m\u00e9tal pour casier monobloc. Structure soud\u00e9e avec pieds inclus. Il a demand\u00e9 un budget sans engagement.\" \/>\n<meta property=\"og:url\" content=\"https:\/\/megdev01.com\/fr\/serie-sc\/\" \/>\n<meta property=\"og:site_name\" content=\"Megablok\" \/>\n<meta property=\"article:modified_time\" content=\"2026-03-20T11:59:06+00:00\" \/>\n<meta property=\"og:image\" content=\"http:\/\/megdev01.com\/wp-content\/uploads\/2024\/09\/42501_01.jpg\" \/>\n\t<meta property=\"og:image:width\" content=\"600\" \/>\n\t<meta property=\"og:image:height\" content=\"600\" \/>\n\t<meta property=\"og:image:type\" content=\"image\/jpeg\" \/>\n<meta name=\"twitter:card\" content=\"summary_large_image\" \/>\n<meta name=\"twitter:label1\" content=\"Dur\u00e9e de lecture estim\u00e9e\" \/>\n\t<meta name=\"twitter:data1\" content=\"5 minutes\" \/>\n<script type=\"application\/ld+json\" class=\"yoast-schema-graph\">{\"@context\":\"https:\\\/\\\/schema.org\",\"@graph\":[{\"@type\":\"WebPage\",\"@id\":\"https:\\\/\\\/megdev01.com\\\/fr\\\/serie-sc\\\/\",\"url\":\"https:\\\/\\\/megdev01.com\\\/fr\\\/serie-sc\\\/\",\"name\":\"S\u00e9rie SC - Megablok\",\"isPartOf\":{\"@id\":\"https:\\\/\\\/megdev01.com\\\/fr\\\/#website\"},\"primaryImageOfPage\":{\"@id\":\"https:\\\/\\\/megdev01.com\\\/fr\\\/serie-sc\\\/#primaryimage\"},\"image\":{\"@id\":\"https:\\\/\\\/megdev01.com\\\/fr\\\/serie-sc\\\/#primaryimage\"},\"thumbnailUrl\":\"https:\\\/\\\/megdev01.com\\\/wp-content\\\/uploads\\\/2024\\\/09\\\/42501_01.jpg\",\"datePublished\":\"2025-07-11T11:55:40+00:00\",\"dateModified\":\"2026-03-20T11:59:06+00:00\",\"description\":\"Casier en m\u00e9tal pour casier monobloc. Structure soud\u00e9e avec pieds inclus. Il a demand\u00e9 un budget sans engagement.\",\"breadcrumb\":{\"@id\":\"https:\\\/\\\/megdev01.com\\\/fr\\\/serie-sc\\\/#breadcrumb\"},\"inLanguage\":\"fr-FR\",\"potentialAction\":[{\"@type\":\"ReadAction\",\"target\":[\"https:\\\/\\\/megdev01.com\\\/fr\\\/serie-sc\\\/\"]}]},{\"@type\":\"ImageObject\",\"inLanguage\":\"fr-FR\",\"@id\":\"https:\\\/\\\/megdev01.com\\\/fr\\\/serie-sc\\\/#primaryimage\",\"url\":\"https:\\\/\\\/megdev01.com\\\/wp-content\\\/uploads\\\/2024\\\/09\\\/42501_01.jpg\",\"contentUrl\":\"https:\\\/\\\/megdev01.com\\\/wp-content\\\/uploads\\\/2024\\\/09\\\/42501_01.jpg\",\"width\":600,\"height\":600,\"caption\":\"taquillas monoblok\"},{\"@type\":\"BreadcrumbList\",\"@id\":\"https:\\\/\\\/megdev01.com\\\/fr\\\/serie-sc\\\/#breadcrumb\",\"itemListElement\":[{\"@type\":\"ListItem\",\"position\":1,\"name\":\"Portada\",\"item\":\"https:\\\/\\\/megdev01.com\\\/fr\\\/\"},{\"@type\":\"ListItem\",\"position\":2,\"name\":\"S\u00e9rie SC\"}]},{\"@type\":\"WebSite\",\"@id\":\"https:\\\/\\\/megdev01.com\\\/fr\\\/#website\",\"url\":\"https:\\\/\\\/megdev01.com\\\/fr\\\/\",\"name\":\"Megablok\",\"description\":\"Taquillas para vestuarios de empresas y organizaciones\",\"publisher\":{\"@id\":\"https:\\\/\\\/megdev01.com\\\/fr\\\/#organization\"},\"potentialAction\":[{\"@type\":\"SearchAction\",\"target\":{\"@type\":\"EntryPoint\",\"urlTemplate\":\"https:\\\/\\\/megdev01.com\\\/fr\\\/?s={search_term_string}\"},\"query-input\":{\"@type\":\"PropertyValueSpecification\",\"valueRequired\":true,\"valueName\":\"search_term_string\"}}],\"inLanguage\":\"fr-FR\"},{\"@type\":\"Organization\",\"@id\":\"https:\\\/\\\/megdev01.com\\\/fr\\\/#organization\",\"name\":\"Megablok\",\"url\":\"https:\\\/\\\/megdev01.com\\\/fr\\\/\",\"logo\":{\"@type\":\"ImageObject\",\"inLanguage\":\"fr-FR\",\"@id\":\"https:\\\/\\\/megdev01.com\\\/fr\\\/#\\\/schema\\\/logo\\\/image\\\/\",\"url\":\"https:\\\/\\\/megdev01.com\\\/wp-content\\\/uploads\\\/2024\\\/08\\\/270.png\",\"contentUrl\":\"https:\\\/\\\/megdev01.com\\\/wp-content\\\/uploads\\\/2024\\\/08\\\/270.png\",\"width\":270,\"height\":270,\"caption\":\"Megablok\"},\"image\":{\"@id\":\"https:\\\/\\\/megdev01.com\\\/fr\\\/#\\\/schema\\\/logo\\\/image\\\/\"},\"sameAs\":[\"https:\\\/\\\/www.linkedin.com\\\/company\\\/megablok-s.a.\\\/\",\"https:\\\/\\\/www.instagram.com\\\/megabloksa\\\/\"]}]}<\/script>\n<!-- \/ Yoast SEO plugin. -->","yoast_head_json":{"title":"S\u00e9rie SC - Megablok","description":"Casier en m\u00e9tal pour casier monobloc. Structure soud\u00e9e avec pieds inclus. Il a demand\u00e9 un budget sans engagement.","robots":{"index":"index","follow":"follow","max-snippet":"max-snippet:-1","max-image-preview":"max-image-preview:large","max-video-preview":"max-video-preview:-1"},"canonical":"https:\/\/megdev01.com\/fr\/serie-sc\/","og_locale":"fr_FR","og_type":"article","og_title":"S\u00e9rie SC - Megablok","og_description":"Casier en m\u00e9tal pour casier monobloc. Structure soud\u00e9e avec pieds inclus. Il a demand\u00e9 un budget sans engagement.","og_url":"https:\/\/megdev01.com\/fr\/serie-sc\/","og_site_name":"Megablok","article_modified_time":"2026-03-20T11:59:06+00:00","og_image":[{"width":600,"height":600,"url":"http:\/\/megdev01.com\/wp-content\/uploads\/2024\/09\/42501_01.jpg","type":"image\/jpeg"}],"twitter_card":"summary_large_image","twitter_misc":{"Dur\u00e9e de lecture estim\u00e9e":"5 minutes"},"schema":{"@context":"https:\/\/schema.org","@graph":[{"@type":"WebPage","@id":"https:\/\/megdev01.com\/fr\/serie-sc\/","url":"https:\/\/megdev01.com\/fr\/serie-sc\/","name":"S\u00e9rie SC - Megablok","isPartOf":{"@id":"https:\/\/megdev01.com\/fr\/#website"},"primaryImageOfPage":{"@id":"https:\/\/megdev01.com\/fr\/serie-sc\/#primaryimage"},"image":{"@id":"https:\/\/megdev01.com\/fr\/serie-sc\/#primaryimage"},"thumbnailUrl":"https:\/\/megdev01.com\/wp-content\/uploads\/2024\/09\/42501_01.jpg","datePublished":"2025-07-11T11:55:40+00:00","dateModified":"2026-03-20T11:59:06+00:00","description":"Casier en m\u00e9tal pour casier monobloc. Structure soud\u00e9e avec pieds inclus. Il a demand\u00e9 un budget sans engagement.","breadcrumb":{"@id":"https:\/\/megdev01.com\/fr\/serie-sc\/#breadcrumb"},"inLanguage":"fr-FR","potentialAction":[{"@type":"ReadAction","target":["https:\/\/megdev01.com\/fr\/serie-sc\/"]}]},{"@type":"ImageObject","inLanguage":"fr-FR","@id":"https:\/\/megdev01.com\/fr\/serie-sc\/#primaryimage","url":"https:\/\/megdev01.com\/wp-content\/uploads\/2024\/09\/42501_01.jpg","contentUrl":"https:\/\/megdev01.com\/wp-content\/uploads\/2024\/09\/42501_01.jpg","width":600,"height":600,"caption":"taquillas monoblok"},{"@type":"BreadcrumbList","@id":"https:\/\/megdev01.com\/fr\/serie-sc\/#breadcrumb","itemListElement":[{"@type":"ListItem","position":1,"name":"Portada","item":"https:\/\/megdev01.com\/fr\/"},{"@type":"ListItem","position":2,"name":"S\u00e9rie SC"}]},{"@type":"WebSite","@id":"https:\/\/megdev01.com\/fr\/#website","url":"https:\/\/megdev01.com\/fr\/","name":"Megablok","description":"Taquillas para vestuarios de empresas y organizaciones","publisher":{"@id":"https:\/\/megdev01.com\/fr\/#organization"},"potentialAction":[{"@type":"SearchAction","target":{"@type":"EntryPoint","urlTemplate":"https:\/\/megdev01.com\/fr\/?s={search_term_string}"},"query-input":{"@type":"PropertyValueSpecification","valueRequired":true,"valueName":"search_term_string"}}],"inLanguage":"fr-FR"},{"@type":"Organization","@id":"https:\/\/megdev01.com\/fr\/#organization","name":"Megablok","url":"https:\/\/megdev01.com\/fr\/","logo":{"@type":"ImageObject","inLanguage":"fr-FR","@id":"https:\/\/megdev01.com\/fr\/#\/schema\/logo\/image\/","url":"https:\/\/megdev01.com\/wp-content\/uploads\/2024\/08\/270.png","contentUrl":"https:\/\/megdev01.com\/wp-content\/uploads\/2024\/08\/270.png","width":270,"height":270,"caption":"Megablok"},"image":{"@id":"https:\/\/megdev01.com\/fr\/#\/schema\/logo\/image\/"},"sameAs":["https:\/\/www.linkedin.com\/company\/megablok-s.a.\/","https:\/\/www.instagram.com\/megabloksa\/"]}]}},"jetpack_sharing_enabled":true,"_links":{"self":[{"href":"https:\/\/megdev01.com\/fr\/wp-json\/wp\/v2\/pages\/29367","targetHints":{"allow":["GET"]}}],"collection":[{"href":"https:\/\/megdev01.com\/fr\/wp-json\/wp\/v2\/pages"}],"about":[{"href":"https:\/\/megdev01.com\/fr\/wp-json\/wp\/v2\/types\/page"}],"author":[{"embeddable":true,"href":"https:\/\/megdev01.com\/fr\/wp-json\/wp\/v2\/users\/1"}],"replies":[{"embeddable":true,"href":"https:\/\/megdev01.com\/fr\/wp-json\/wp\/v2\/comments?post=29367"}],"version-history":[{"count":5,"href":"https:\/\/megdev01.com\/fr\/wp-json\/wp\/v2\/pages\/29367\/revisions"}],"predecessor-version":[{"id":29747,"href":"https:\/\/megdev01.com\/fr\/wp-json\/wp\/v2\/pages\/29367\/revisions\/29747"}],"wp:featuredmedia":[{"embeddable":true,"href":"https:\/\/megdev01.com\/fr\/wp-json\/wp\/v2\/media\/11836"}],"wp:attachment":[{"href":"https:\/\/megdev01.com\/fr\/wp-json\/wp\/v2\/media?parent=29367"}],"curies":[{"name":"wp","href":"https:\/\/api.w.org\/{rel}","templated":true}]}}