{"id":29323,"date":"2024-09-17T13:03:22","date_gmt":"2024-09-17T13:03:22","guid":{"rendered":"https:\/\/megdev01.com\/serrures-non-metalliques\/"},"modified":"2026-04-13T10:26:21","modified_gmt":"2026-04-13T10:26:21","slug":"serrures-non-metalliques","status":"publish","type":"page","link":"https:\/\/megdev01.com\/fr\/serrures-non-metalliques\/","title":{"rendered":"Serrures non m\u00e9talliques"},"content":{"rendered":"<p><div class=\"fusion-fullwidth fullwidth-box fusion-builder-row-1 fusion-flex-container has-pattern-background has-mask-background nonhundred-percent-fullwidth non-hundred-percent-height-scrolling\" style=\"--awb-border-radius-top-left:0px;--awb-border-radius-top-right:0px;--awb-border-radius-bottom-right:0px;--awb-border-radius-bottom-left:0px;--awb-flex-wrap:wrap;\" ><div class=\"fusion-builder-row fusion-row fusion-flex-align-items-flex-start fusion-flex-justify-content-center fusion-flex-content-wrap\" style=\"max-width:1372.8px;margin-left: calc(-4% \/ 2 );margin-right: calc(-4% \/ 2 );\"><div class=\"fusion-layout-column fusion_builder_column fusion-builder-column-0 fusion_builder_column_1_2 1_2 fusion-flex-column\" style=\"--awb-bg-size:cover;--awb-width-large:50%;--awb-margin-top-large:0px;--awb-spacing-right-large:3.84%;--awb-margin-bottom-large:20px;--awb-spacing-left-large:3.84%;--awb-width-medium:50%;--awb-order-medium:0;--awb-spacing-right-medium:3.84%;--awb-spacing-left-medium:3.84%;--awb-width-small:100%;--awb-order-small:0;--awb-spacing-right-small:1.92%;--awb-spacing-left-small:1.92%;\"><div class=\"fusion-column-wrapper fusion-column-has-shadow fusion-flex-justify-content-flex-start fusion-content-layout-column\"><div class=\"fusion-image-element \" style=\"--awb-caption-title-color:var(--awb-color8);--awb-caption-text-color:var(--awb-color8);--awb-caption-border-color:var(--awb-color4);--awb-caption-overlay-color:var(--awb-color1);--awb-caption-title-font-family:&quot;Montserrat&quot;;--awb-caption-title-font-weight:700;--awb-caption-title-font-style:italic;--awb-caption-title-size:var(--h3_typography-font-size);--awb-caption-title-transform:var(--h3_typography-text-transform);--awb-caption-title-line-height:var(--h3_typography-line-height);--awb-caption-title-letter-spacing:var(--h3_typography-letter-spacing);\"><span class=\" fusion-imageframe imageframe-none imageframe-1 awb-imageframe-style awb-imageframe-style-dario\"><a class=\"fusion-no-lightbox\" href=\"\/fr\/serrures-a-melamine\/\" target=\"_self\" aria-label=\"taquillas-melamina\"><img decoding=\"async\" width=\"600\" height=\"450\" alt=\"taquillas melamina\" src=\"https:\/\/megdev01.com\/wp-content\/uploads\/2026\/03\/taquillas-melamina.jpg\" data-orig-src=\"http:\/\/megdev01.com\/wp-content\/uploads\/2026\/03\/taquillas-melamina.jpg\" class=\"lazyload img-responsive wp-image-28925\" srcset=\"data:image\/svg+xml,%3Csvg%20xmlns%3D%27http%3A%2F%2Fwww.w3.org%2F2000%2Fsvg%27%20width%3D%27600%27%20height%3D%27450%27%20viewBox%3D%270%200%20600%20450%27%3E%3Crect%20width%3D%27600%27%20height%3D%27450%27%20fill-opacity%3D%220%22%2F%3E%3C%2Fsvg%3E\" data-srcset=\"https:\/\/megdev01.com\/wp-content\/uploads\/2026\/03\/taquillas-melamina-200x150.jpg 200w, https:\/\/megdev01.com\/wp-content\/uploads\/2026\/03\/taquillas-melamina-400x300.jpg 400w, https:\/\/megdev01.com\/wp-content\/uploads\/2026\/03\/taquillas-melamina.jpg 600w\" data-sizes=\"auto\" data-orig-sizes=\"(max-width: 850px) 100vw, 600px\" \/><div class=\"awb-imageframe-caption-container\"><div class=\"awb-imageframe-caption\"><h3 class=\"awb-imageframe-caption-title\">Vestiaires m\u00e9lamine<\/h3><p class=\"awb-imageframe-caption-text\">Solution \u00e9l\u00e9gante, robuste et parfaite pour l\u2019int\u00e9rieur.<\/p><\/div><\/div><\/a><\/span><\/div><\/div><\/div><div class=\"fusion-layout-column fusion_builder_column fusion-builder-column-1 fusion_builder_column_1_2 1_2 fusion-flex-column\" style=\"--awb-bg-size:cover;--awb-width-large:50%;--awb-margin-top-large:0px;--awb-spacing-right-large:3.84%;--awb-margin-bottom-large:20px;--awb-spacing-left-large:3.84%;--awb-width-medium:50%;--awb-order-medium:0;--awb-spacing-right-medium:3.84%;--awb-spacing-left-medium:3.84%;--awb-width-small:100%;--awb-order-small:0;--awb-spacing-right-small:1.92%;--awb-spacing-left-small:1.92%;\"><div class=\"fusion-column-wrapper fusion-column-has-shadow fusion-flex-justify-content-flex-start fusion-content-layout-column\"><div class=\"fusion-image-element \" style=\"--awb-caption-title-color:var(--awb-color8);--awb-caption-text-color:var(--awb-color8);--awb-caption-border-color:var(--awb-color4);--awb-caption-overlay-color:var(--awb-color1);--awb-caption-title-font-family:&quot;Montserrat&quot;;--awb-caption-title-font-weight:700;--awb-caption-title-font-style:italic;--awb-caption-title-size:var(--h3_typography-font-size);--awb-caption-title-transform:var(--h3_typography-text-transform);--awb-caption-title-line-height:var(--h3_typography-line-height);--awb-caption-title-letter-spacing:var(--h3_typography-letter-spacing);\"><span class=\" fusion-imageframe imageframe-none imageframe-2 awb-imageframe-style awb-imageframe-style-dario\"><a class=\"fusion-no-lightbox\" href=\"\/fr\/serrures-phenoliques-avec-profil\/\" target=\"_self\" aria-label=\"fenolicas-perfileria\"><img decoding=\"async\" width=\"600\" height=\"450\" alt=\"taquillas fen\u00f3licas con perfiler\u00eda\" src=\"https:\/\/megdev01.com\/wp-content\/uploads\/2026\/03\/fenolicas-perfileria.jpg\" data-orig-src=\"http:\/\/megdev01.com\/wp-content\/uploads\/2026\/03\/fenolicas-perfileria.jpg\" class=\"lazyload img-responsive wp-image-28917\" srcset=\"data:image\/svg+xml,%3Csvg%20xmlns%3D%27http%3A%2F%2Fwww.w3.org%2F2000%2Fsvg%27%20width%3D%27600%27%20height%3D%27450%27%20viewBox%3D%270%200%20600%20450%27%3E%3Crect%20width%3D%27600%27%20height%3D%27450%27%20fill-opacity%3D%220%22%2F%3E%3C%2Fsvg%3E\" data-srcset=\"https:\/\/megdev01.com\/wp-content\/uploads\/2026\/03\/fenolicas-perfileria-200x150.jpg 200w, https:\/\/megdev01.com\/wp-content\/uploads\/2026\/03\/fenolicas-perfileria-400x300.jpg 400w, https:\/\/megdev01.com\/wp-content\/uploads\/2026\/03\/fenolicas-perfileria.jpg 600w\" data-sizes=\"auto\" data-orig-sizes=\"(max-width: 850px) 100vw, 600px\" \/><div class=\"awb-imageframe-caption-container\"><div class=\"awb-imageframe-caption\"><h3 class=\"awb-imageframe-caption-title\">Vestiaires en stratifi\u00e9 avec profiles<\/h3><p class=\"awb-imageframe-caption-text\">R\u00e9sistants \u00e0 l\u2019humidit\u00e9, hygi\u00e8ne et durabilit\u00e9.<\/p><\/div><\/div><\/a><\/span><\/div><\/div><\/div><div class=\"fusion-layout-column fusion_builder_column fusion-builder-column-2 fusion_builder_column_1_2 1_2 fusion-flex-column\" style=\"--awb-bg-size:cover;--awb-width-large:50%;--awb-margin-top-large:0px;--awb-spacing-right-large:3.84%;--awb-margin-bottom-large:20px;--awb-spacing-left-large:3.84%;--awb-width-medium:50%;--awb-order-medium:0;--awb-spacing-right-medium:3.84%;--awb-spacing-left-medium:3.84%;--awb-width-small:100%;--awb-order-small:0;--awb-spacing-right-small:1.92%;--awb-spacing-left-small:1.92%;\"><div class=\"fusion-column-wrapper fusion-column-has-shadow fusion-flex-justify-content-flex-start fusion-content-layout-column\"><div class=\"fusion-image-element \" style=\"--awb-caption-title-color:var(--awb-color8);--awb-caption-text-color:var(--awb-color8);--awb-caption-border-color:var(--awb-color4);--awb-caption-overlay-color:var(--awb-color1);--awb-caption-title-font-family:&quot;Montserrat&quot;;--awb-caption-title-font-weight:700;--awb-caption-title-font-style:italic;--awb-caption-title-size:var(--h3_typography-font-size);--awb-caption-title-transform:var(--h3_typography-text-transform);--awb-caption-title-line-height:var(--h3_typography-line-height);--awb-caption-title-letter-spacing:var(--h3_typography-letter-spacing);\"><span class=\" fusion-imageframe imageframe-none imageframe-3 awb-imageframe-style awb-imageframe-style-dario\"><a class=\"fusion-no-lightbox\" href=\"\/fr\/serrures-phenoliques\/\" target=\"_self\" aria-label=\"taquillas-fenolicas\"><img decoding=\"async\" width=\"600\" height=\"450\" alt=\"taquillas fen\u00f3licas\" src=\"https:\/\/megdev01.com\/wp-content\/uploads\/2026\/03\/taquillas-fenolicas.jpg\" data-orig-src=\"http:\/\/megdev01.com\/wp-content\/uploads\/2026\/03\/taquillas-fenolicas.jpg\" class=\"lazyload img-responsive wp-image-28921\" srcset=\"data:image\/svg+xml,%3Csvg%20xmlns%3D%27http%3A%2F%2Fwww.w3.org%2F2000%2Fsvg%27%20width%3D%27600%27%20height%3D%27450%27%20viewBox%3D%270%200%20600%20450%27%3E%3Crect%20width%3D%27600%27%20height%3D%27450%27%20fill-opacity%3D%220%22%2F%3E%3C%2Fsvg%3E\" data-srcset=\"https:\/\/megdev01.com\/wp-content\/uploads\/2026\/03\/taquillas-fenolicas-200x150.jpg 200w, https:\/\/megdev01.com\/wp-content\/uploads\/2026\/03\/taquillas-fenolicas-400x300.jpg 400w, https:\/\/megdev01.com\/wp-content\/uploads\/2026\/03\/taquillas-fenolicas.jpg 600w\" data-sizes=\"auto\" data-orig-sizes=\"(max-width: 850px) 100vw, 600px\" \/><div class=\"awb-imageframe-caption-container\"><div class=\"awb-imageframe-caption\"><h3 class=\"awb-imageframe-caption-title\">Vestiaires en stratifi\u00e9<\/h3><p class=\"awb-imageframe-caption-text\">R\u00e9sistance et durabilit\u00e9 pour les espaces humides.<\/p><\/div><\/div><\/a><\/span><\/div><\/div><\/div><\/div><\/div><div class=\"fusion-fullwidth fullwidth-box fusion-builder-row-2 fusion-flex-container has-pattern-background has-mask-background nonhundred-percent-fullwidth non-hundred-percent-height-scrolling\" style=\"--awb-border-radius-top-left:0px;--awb-border-radius-top-right:0px;--awb-border-radius-bottom-right:0px;--awb-border-radius-bottom-left:0px;--awb-background-color:#ffefef;--awb-flex-wrap:wrap;\" ><div class=\"fusion-builder-row fusion-row fusion-flex-align-items-flex-start fusion-flex-content-wrap\" style=\"max-width:1372.8px;margin-left: calc(-4% \/ 2 );margin-right: calc(-4% \/ 2 );\"><div class=\"fusion-layout-column fusion_builder_column fusion-builder-column-3 fusion_builder_column_1_1 1_1 fusion-flex-column\" style=\"--awb-bg-size:cover;--awb-width-large:100%;--awb-margin-top-large:0px;--awb-spacing-right-large:1.92%;--awb-margin-bottom-large:20px;--awb-spacing-left-large:1.92%;--awb-width-medium:100%;--awb-order-medium:0;--awb-spacing-right-medium:1.92%;--awb-spacing-left-medium:1.92%;--awb-width-small:100%;--awb-order-small:0;--awb-spacing-right-small:1.92%;--awb-spacing-left-small:1.92%;\"><div class=\"fusion-column-wrapper fusion-column-has-shadow fusion-flex-justify-content-flex-start fusion-content-layout-column\"><div class=\"fusion-separator fusion-full-width-sep\" style=\"align-self: center;margin-left: auto;margin-right: auto;margin-bottom:10px;width:100%;\"><\/div><div class=\"fusion-text fusion-text-1\"><p style=\"text-align: center;\"><strong style=\"font-size: 20px;\" data-fusion-font=\"true\">Acc\u00e9dez aux images de certaines de nos installations r\u00e9alis\u00e9es :<\/strong><\/p>\n<\/div><div style=\"text-align:center;\"><a class=\"fusion-button button-flat fusion-button-default-size button-default fusion-button-default button-1 fusion-button-default-span fusion-button-default-type\" target=\"_self\" href=\"\/fr\/leaders-equipement-vestiaires\/\"><span class=\"fusion-button-text awb-button__text awb-button__text--default\">VOIR LES IMAGES<\/span><\/a><\/div><\/div><\/div><\/div><\/div><div class=\"fusion-fullwidth fullwidth-box fusion-builder-row-3 fusion-flex-container has-pattern-background has-mask-background nonhundred-percent-fullwidth non-hundred-percent-height-scrolling\" style=\"--awb-border-radius-top-left:0px;--awb-border-radius-top-right:0px;--awb-border-radius-bottom-right:0px;--awb-border-radius-bottom-left:0px;--awb-flex-wrap:wrap;\" ><div class=\"fusion-builder-row fusion-row fusion-flex-align-items-flex-start fusion-flex-content-wrap\" style=\"max-width:1372.8px;margin-left: calc(-4% \/ 2 );margin-right: calc(-4% \/ 2 );\"><div class=\"fusion-layout-column fusion_builder_column fusion-builder-column-4 fusion_builder_column_1_1 1_1 fusion-flex-column\" style=\"--awb-bg-size:cover;--awb-width-large:100%;--awb-margin-top-large:0px;--awb-spacing-right-large:1.92%;--awb-margin-bottom-large:20px;--awb-spacing-left-large:1.92%;--awb-width-medium:100%;--awb-order-medium:0;--awb-spacing-right-medium:1.92%;--awb-spacing-left-medium:1.92%;--awb-width-small:100%;--awb-order-small:0;--awb-spacing-right-small:1.92%;--awb-spacing-left-small:1.92%;\"><div class=\"fusion-column-wrapper fusion-column-has-shadow fusion-flex-justify-content-flex-start fusion-content-layout-column\"><div class=\"fusion-text fusion-text-2\" style=\"--awb-margin-top:30px;\"><p>Les casiers non m\u00e9talliques de Megablok offrent des solutions diff\u00e9renci\u00e9es pour les espaces o\u00f9 l\u2019esth\u00e9tique, la r\u00e9sistance \u00e0 l\u2019humidit\u00e9 ou les propri\u00e9t\u00e9s hygi\u00e9niques sont prioritaires. Cette gamme comprend des casiers fabriqu\u00e9s en m\u00e9lamine, en ph\u00e9nolique ou en plastique, des mat\u00e9riaux id\u00e9aux pour les environnements o\u00f9 l\u2019acier n\u2019est pas l\u2019option la plus appropri\u00e9e.<\/p>\n<p>Ils sont parfaits pour les piscines, spas, centres de bien-\u00eatre, h\u00f4pitaux, \u00e9coles, bureaux et h\u00f4tels, o\u00f9 l\u2019on recherche un mobilier apportant design, propret\u00e9 visuelle et fonctionnalit\u00e9 adapt\u00e9e \u00e0 l\u2019environnement.<\/p>\n<p>Les casiers ph\u00e9noliques sont tr\u00e8s r\u00e9sistants \u00e0 l\u2019eau et poss\u00e8dent des propri\u00e9t\u00e9s antibact\u00e9riennes, tandis que les casiers en m\u00e9lamine offrent une finition plus chaleureuse et plus adapt\u00e9e aux espaces int\u00e9rieurs secs. Les casiers en plastique, quant \u00e0 eux, sont parfaits pour les environnements tr\u00e8s humides ou ext\u00e9rieurs. Megablok met \u00e0 votre disposition une gamme non m\u00e9tallique polyvalente et de haute qualit\u00e9, con\u00e7ue pour durer et s\u2019adapter \u00e0 chaque besoin.<\/p>\n<\/div><\/div><\/div><\/div><\/div><\/p>\n","protected":false},"excerpt":{"rendered":"","protected":false},"author":1,"featured_media":0,"parent":0,"menu_order":0,"comment_status":"closed","ping_status":"closed","template":"100-width.php","meta":{"_joinchat":[],"footnotes":""},"class_list":["post-29323","page","type-page","status-publish","hentry"],"yoast_head":"<!-- This site is optimized with the Yoast SEO plugin v27.3 - https:\/\/yoast.com\/product\/yoast-seo-wordpress\/ -->\n<title>Serrures non m\u00e9talliques - Megablok<\/title>\n<meta name=\"robots\" content=\"index, follow, max-snippet:-1, max-image-preview:large, max-video-preview:-1\" \/>\n<link rel=\"canonical\" href=\"https:\/\/megdev01.com\/fr\/serrures-non-metalliques\/\" \/>\n<meta property=\"og:locale\" content=\"fr_FR\" \/>\n<meta property=\"og:type\" content=\"article\" \/>\n<meta property=\"og:title\" content=\"Serrures non m\u00e9talliques - Megablok\" \/>\n<meta property=\"og:url\" content=\"https:\/\/megdev01.com\/fr\/serrures-non-metalliques\/\" \/>\n<meta property=\"og:site_name\" content=\"Megablok\" \/>\n<meta property=\"article:modified_time\" content=\"2026-04-13T10:26:21+00:00\" \/>\n<meta name=\"twitter:card\" content=\"summary_large_image\" \/>\n<meta name=\"twitter:label1\" content=\"Dur\u00e9e de lecture estim\u00e9e\" \/>\n\t<meta name=\"twitter:data1\" content=\"2 minutes\" \/>\n<script type=\"application\/ld+json\" class=\"yoast-schema-graph\">{\"@context\":\"https:\\\/\\\/schema.org\",\"@graph\":[{\"@type\":\"WebPage\",\"@id\":\"https:\\\/\\\/megdev01.com\\\/fr\\\/serrures-non-metalliques\\\/\",\"url\":\"https:\\\/\\\/megdev01.com\\\/fr\\\/serrures-non-metalliques\\\/\",\"name\":\"Serrures non m\u00e9talliques - Megablok\",\"isPartOf\":{\"@id\":\"https:\\\/\\\/megdev01.com\\\/fr\\\/#website\"},\"datePublished\":\"2024-09-17T13:03:22+00:00\",\"dateModified\":\"2026-04-13T10:26:21+00:00\",\"breadcrumb\":{\"@id\":\"https:\\\/\\\/megdev01.com\\\/fr\\\/serrures-non-metalliques\\\/#breadcrumb\"},\"inLanguage\":\"fr-FR\",\"potentialAction\":[{\"@type\":\"ReadAction\",\"target\":[\"https:\\\/\\\/megdev01.com\\\/fr\\\/serrures-non-metalliques\\\/\"]}]},{\"@type\":\"BreadcrumbList\",\"@id\":\"https:\\\/\\\/megdev01.com\\\/fr\\\/serrures-non-metalliques\\\/#breadcrumb\",\"itemListElement\":[{\"@type\":\"ListItem\",\"position\":1,\"name\":\"Portada\",\"item\":\"https:\\\/\\\/megdev01.com\\\/fr\\\/\"},{\"@type\":\"ListItem\",\"position\":2,\"name\":\"Serrures non m\u00e9talliques\"}]},{\"@type\":\"WebSite\",\"@id\":\"https:\\\/\\\/megdev01.com\\\/fr\\\/#website\",\"url\":\"https:\\\/\\\/megdev01.com\\\/fr\\\/\",\"name\":\"Megablok\",\"description\":\"Taquillas para vestuarios de empresas y organizaciones\",\"publisher\":{\"@id\":\"https:\\\/\\\/megdev01.com\\\/fr\\\/#organization\"},\"potentialAction\":[{\"@type\":\"SearchAction\",\"target\":{\"@type\":\"EntryPoint\",\"urlTemplate\":\"https:\\\/\\\/megdev01.com\\\/fr\\\/?s={search_term_string}\"},\"query-input\":{\"@type\":\"PropertyValueSpecification\",\"valueRequired\":true,\"valueName\":\"search_term_string\"}}],\"inLanguage\":\"fr-FR\"},{\"@type\":\"Organization\",\"@id\":\"https:\\\/\\\/megdev01.com\\\/fr\\\/#organization\",\"name\":\"Megablok\",\"url\":\"https:\\\/\\\/megdev01.com\\\/fr\\\/\",\"logo\":{\"@type\":\"ImageObject\",\"inLanguage\":\"fr-FR\",\"@id\":\"https:\\\/\\\/megdev01.com\\\/fr\\\/#\\\/schema\\\/logo\\\/image\\\/\",\"url\":\"https:\\\/\\\/megdev01.com\\\/wp-content\\\/uploads\\\/2024\\\/08\\\/270.png\",\"contentUrl\":\"https:\\\/\\\/megdev01.com\\\/wp-content\\\/uploads\\\/2024\\\/08\\\/270.png\",\"width\":270,\"height\":270,\"caption\":\"Megablok\"},\"image\":{\"@id\":\"https:\\\/\\\/megdev01.com\\\/fr\\\/#\\\/schema\\\/logo\\\/image\\\/\"},\"sameAs\":[\"https:\\\/\\\/www.linkedin.com\\\/company\\\/megablok-s.a.\\\/\",\"https:\\\/\\\/www.instagram.com\\\/megabloksa\\\/\"]}]}<\/script>\n<!-- \/ Yoast SEO plugin. -->","yoast_head_json":{"title":"Serrures non m\u00e9talliques - Megablok","robots":{"index":"index","follow":"follow","max-snippet":"max-snippet:-1","max-image-preview":"max-image-preview:large","max-video-preview":"max-video-preview:-1"},"canonical":"https:\/\/megdev01.com\/fr\/serrures-non-metalliques\/","og_locale":"fr_FR","og_type":"article","og_title":"Serrures non m\u00e9talliques - Megablok","og_url":"https:\/\/megdev01.com\/fr\/serrures-non-metalliques\/","og_site_name":"Megablok","article_modified_time":"2026-04-13T10:26:21+00:00","twitter_card":"summary_large_image","twitter_misc":{"Dur\u00e9e de lecture estim\u00e9e":"2 minutes"},"schema":{"@context":"https:\/\/schema.org","@graph":[{"@type":"WebPage","@id":"https:\/\/megdev01.com\/fr\/serrures-non-metalliques\/","url":"https:\/\/megdev01.com\/fr\/serrures-non-metalliques\/","name":"Serrures non m\u00e9talliques - Megablok","isPartOf":{"@id":"https:\/\/megdev01.com\/fr\/#website"},"datePublished":"2024-09-17T13:03:22+00:00","dateModified":"2026-04-13T10:26:21+00:00","breadcrumb":{"@id":"https:\/\/megdev01.com\/fr\/serrures-non-metalliques\/#breadcrumb"},"inLanguage":"fr-FR","potentialAction":[{"@type":"ReadAction","target":["https:\/\/megdev01.com\/fr\/serrures-non-metalliques\/"]}]},{"@type":"BreadcrumbList","@id":"https:\/\/megdev01.com\/fr\/serrures-non-metalliques\/#breadcrumb","itemListElement":[{"@type":"ListItem","position":1,"name":"Portada","item":"https:\/\/megdev01.com\/fr\/"},{"@type":"ListItem","position":2,"name":"Serrures non m\u00e9talliques"}]},{"@type":"WebSite","@id":"https:\/\/megdev01.com\/fr\/#website","url":"https:\/\/megdev01.com\/fr\/","name":"Megablok","description":"Taquillas para vestuarios de empresas y organizaciones","publisher":{"@id":"https:\/\/megdev01.com\/fr\/#organization"},"potentialAction":[{"@type":"SearchAction","target":{"@type":"EntryPoint","urlTemplate":"https:\/\/megdev01.com\/fr\/?s={search_term_string}"},"query-input":{"@type":"PropertyValueSpecification","valueRequired":true,"valueName":"search_term_string"}}],"inLanguage":"fr-FR"},{"@type":"Organization","@id":"https:\/\/megdev01.com\/fr\/#organization","name":"Megablok","url":"https:\/\/megdev01.com\/fr\/","logo":{"@type":"ImageObject","inLanguage":"fr-FR","@id":"https:\/\/megdev01.com\/fr\/#\/schema\/logo\/image\/","url":"https:\/\/megdev01.com\/wp-content\/uploads\/2024\/08\/270.png","contentUrl":"https:\/\/megdev01.com\/wp-content\/uploads\/2024\/08\/270.png","width":270,"height":270,"caption":"Megablok"},"image":{"@id":"https:\/\/megdev01.com\/fr\/#\/schema\/logo\/image\/"},"sameAs":["https:\/\/www.linkedin.com\/company\/megablok-s.a.\/","https:\/\/www.instagram.com\/megabloksa\/"]}]}},"jetpack_sharing_enabled":true,"_links":{"self":[{"href":"https:\/\/megdev01.com\/fr\/wp-json\/wp\/v2\/pages\/29323","targetHints":{"allow":["GET"]}}],"collection":[{"href":"https:\/\/megdev01.com\/fr\/wp-json\/wp\/v2\/pages"}],"about":[{"href":"https:\/\/megdev01.com\/fr\/wp-json\/wp\/v2\/types\/page"}],"author":[{"embeddable":true,"href":"https:\/\/megdev01.com\/fr\/wp-json\/wp\/v2\/users\/1"}],"replies":[{"embeddable":true,"href":"https:\/\/megdev01.com\/fr\/wp-json\/wp\/v2\/comments?post=29323"}],"version-history":[{"count":10,"href":"https:\/\/megdev01.com\/fr\/wp-json\/wp\/v2\/pages\/29323\/revisions"}],"predecessor-version":[{"id":34044,"href":"https:\/\/megdev01.com\/fr\/wp-json\/wp\/v2\/pages\/29323\/revisions\/34044"}],"wp:attachment":[{"href":"https:\/\/megdev01.com\/fr\/wp-json\/wp\/v2\/media?parent=29323"}],"curies":[{"name":"wp","href":"https:\/\/api.w.org\/{rel}","templated":true}]}}