{"id":25303,"date":"2024-08-28T11:56:27","date_gmt":"2024-08-28T11:56:27","guid":{"rendered":"https:\/\/megdev01.com\/conditions-generales-dutilisation\/"},"modified":"2025-08-29T11:46:20","modified_gmt":"2025-08-29T11:46:20","slug":"termes-et-conditions","status":"publish","type":"page","link":"https:\/\/megdev01.com\/fr\/termes-et-conditions\/","title":{"rendered":"Conditions g\u00e9n\u00e9rales de ventes"},"content":{"rendered":"<div class=\"fusion-fullwidth fullwidth-box fusion-builder-row-1 fusion-flex-container has-pattern-background has-mask-background nonhundred-percent-fullwidth non-hundred-percent-height-scrolling\" style=\"--awb-border-radius-top-left:0px;--awb-border-radius-top-right:0px;--awb-border-radius-bottom-right:0px;--awb-border-radius-bottom-left:0px;--awb-flex-wrap:wrap;\" ><div class=\"fusion-builder-row fusion-row fusion-flex-align-items-flex-start fusion-flex-content-wrap\" style=\"max-width:1372.8px;margin-left: calc(-4% \/ 2 );margin-right: calc(-4% \/ 2 );\"><div class=\"fusion-layout-column fusion_builder_column fusion-builder-column-0 fusion_builder_column_1_1 1_1 fusion-flex-column\" style=\"--awb-bg-size:cover;--awb-width-large:100%;--awb-margin-top-large:0px;--awb-spacing-right-large:1.92%;--awb-margin-bottom-large:20px;--awb-spacing-left-large:1.92%;--awb-width-medium:100%;--awb-order-medium:0;--awb-spacing-right-medium:1.92%;--awb-spacing-left-medium:1.92%;--awb-width-small:100%;--awb-order-small:0;--awb-spacing-right-small:1.92%;--awb-spacing-left-small:1.92%;\"><div class=\"fusion-column-wrapper fusion-column-has-shadow fusion-flex-justify-content-flex-start fusion-content-layout-column\"><div class=\"fusion-text fusion-text-1\"><p>Ces Prix et conditions ont pour objet de supprimer, modifier et de remplacer tous les autres tarifs et toutes les conditions pr\u00e9c\u00e9demment publi\u00e9es.<br \/>\nLes prix sont indiqu\u00e9s \u00e0 l\u2019unit\u00e9.<br \/>\nLes prix sont stipul\u00e9s \u00e0 l\u2019unit\u00e9 et HT (hors taxe).<br \/>\nLes frais de transport sont sur demande.<\/p>\n<p><strong>TRANSPORT DES LIVRAISONS N\u00c9GOCI\u00c9ES:<\/strong><br \/>\nToutes les livraisons qui sont conditionn\u00e9es par un horaire (heure convenue, avant 10H00, nuit, jours f\u00e9ri\u00e9s etc..) une localisation (centre commercial, zone pi\u00e9tonni\u00e8re, centre-ville etc..) sont susceptibles de comporter un surco\u00fbt, suppl\u00e9ment ou majoration. La d\u00e9livrance de permis, licence ou autorisation n\u00e9cessaires \u00e0 la circulation, de m\u00eame que le d\u00e9chargement sur le lieu de destination, sont \u00e0 la charge et frais du client. Les \u00e9quipements de chargement, de d\u00e9chargement et d\u2019installation sont exclus du prix du devis. Si vous souhaitez obtenir et avoir recours \u00e0 un ou plusieurs de ces services et que nous soyons en mesure de pouvoir les g\u00e9rer, nous vous invitons \u00e0 nous faire parvenir un courriel \u00e0 l\u2019adresse comercial@megablok.com pour une estimation<strong>.<\/strong><\/p>\n<p><strong>EMBALLAGE:<\/strong><br \/>\nL\u2019emballage de chaque produit est inclus dans le prix.<br \/>\nLe prix du tarif fait toujours r\u00e9f\u00e9rence \u00e0 l\u2019achat de la quantit\u00e9 d\u2019unit\u00e9s ou de multiples d\u2019unit\u00e9s contenues dans un conditionnement complet.<\/p>\n<p><strong>DEVIS\/COTISATION:<\/strong><br \/>\nNous recevons vos demandes de devis et cotisation par courriel : presupuestos@megablok.com<\/p>\n<p><strong>COMMANDE MINIMUN:<\/strong><br \/>\nPour toute commandes d\u2019un montant net inf\u00e9rieur \u00e0 200\u20ac (hors transport et montage), nous appliquons un montant suppl\u00e9mentaire de 20\u20ac correspondant \u00e0 des frais de gestion\/traitement relatifs \u00e0 la commande.<\/p>\n<p><strong>COMMANDE:<\/strong><br \/>\nVous pouvez nous faire parvenir vos commandes \u00e0 l\u2019adresse courriel suivante : pedidos@megablok.com<\/p>\n<p><strong>R\u00c9CEPTION DU MAT\u00c9RIEL ERRON\u00c9 OU ENDOMMAG\u00c9:<\/strong><br \/>\nSi l\u2019emballage ou le produits pr\u00e9sente des d\u00e9g\u00e2ts, dommages visibles, il est n\u00e9cessaire de le d\u00e9clarer \u00e0 la r\u00e9ception sur le bon de livraison de transport ou de ne pas r\u00e9ceptionner la marchandise.<br \/>\nSi les dommages sont cach\u00e9s, peu visible ou difficilement identifiables, vous disposez au maximum de 24 heures pour notifier et informer MEGABLOK S.A.U par courriel :\u00a0 incidencias@megablok.com en attachant une photocopie des dommages pour une \u00e9valuation. Le non-respect de ces conditions \u00e9quivaut \u00e0 l\u2019acceptation de la r\u00e9ception des marchandises dans des conditions optimales et par cons\u00e9quent, ne donne lieu \u00e0 aucune r\u00e9clamation.<\/p>\n<p><strong>RETOUR DU MAT\u00c9RIEL:<\/strong><br \/>\nD\u00fb \u00e0 une erreur commise par le client pendant sa commande :<br \/>\nPour le retour de ce mat\u00e9riel, veuillez envoyer un courriel \u00e0 : incidencias@megablok.com pour accord et acceptation.<br \/>\nIl ne sera en aucun cas autoris\u00e9, admis et accept\u00e9 le retour de produits de fabrications sp\u00e9ciales sur mesure, de produits \u00e9limin\u00e9s du catalogue ou de casiers de s\u00e9rie MODULAR ET \u00c9CO pr\u00e9alablement assembl\u00e9s d\u00e9part usine ou assembl\u00e9 sur le lieu de destination.<br \/>\nUne fois que notre d\u00e9partement commercial acceptera le retour et que le client aura re\u00e7u la commande franco-port, nous effectuerons une analyse et v\u00e9rification. Si le mat\u00e9riel est en parfait \u00e9tat et dans son emballage d\u2019origine, nous proc\u00e8derons au remboursement du 80% du co\u00fbt du mat\u00e9riel.<\/p>\n<p>AUCUN RETOUR DE MARCHANDISE NE POURRA \u00caTRE ENVISAG\u00c9 SANS AVOIR \u00c9T\u00c9 PR\u00c9ALABLEMENT CONSULT\u00c9 ET ACCEPT\u00c9 PAR NOTRE D\u00c9PARTEMENT COMMERCIAL.<\/p>\n<p><strong>R\u00c9SERVE DE PROPRI\u00c9T\u00c9:\u00a0<\/strong>Le mat\u00e9riel est la propri\u00e9t\u00e9 de MEGABLOK S.A.U et ce tant et aussi longtemps que le client ne r\u00e8gle pas le 100% du montant de la facture.<\/p>\n<p><strong>INCIDENCES:<br \/>\n<\/strong>Le client convient et accepte express\u00e9ment de se soumette \u00e0 la comp\u00e9tence et \u00e0 la juridiction des tribunaux de la ville de Zaragoza (Espagne) renon\u00e7ant express\u00e9ment et explicitement \u00e0 toute autre juridiction ou instance qui pourrait leur correspondre.<\/p>\n<\/div><\/div><\/div><\/div><\/div>\n","protected":false},"excerpt":{"rendered":"","protected":false},"author":1,"featured_media":0,"parent":0,"menu_order":0,"comment_status":"closed","ping_status":"closed","template":"100-width.php","meta":{"_joinchat":[],"footnotes":""},"class_list":["post-25303","page","type-page","status-publish","hentry"],"yoast_head":"<!-- This site is optimized with the Yoast SEO plugin v27.3 - https:\/\/yoast.com\/product\/yoast-seo-wordpress\/ -->\n<title>Conditions g\u00e9n\u00e9rales de ventes - Megablok<\/title>\n<meta name=\"robots\" content=\"index, follow, max-snippet:-1, max-image-preview:large, max-video-preview:-1\" \/>\n<link rel=\"canonical\" href=\"https:\/\/megdev01.com\/fr\/termes-et-conditions\/\" \/>\n<meta property=\"og:locale\" content=\"fr_FR\" \/>\n<meta property=\"og:type\" content=\"article\" \/>\n<meta property=\"og:title\" content=\"Conditions g\u00e9n\u00e9rales de ventes - Megablok\" \/>\n<meta property=\"og:url\" content=\"https:\/\/megdev01.com\/fr\/termes-et-conditions\/\" \/>\n<meta property=\"og:site_name\" content=\"Megablok\" \/>\n<meta property=\"article:modified_time\" content=\"2025-08-29T11:46:20+00:00\" \/>\n<meta name=\"twitter:card\" content=\"summary_large_image\" \/>\n<meta name=\"twitter:label1\" content=\"Dur\u00e9e de lecture estim\u00e9e\" \/>\n\t<meta name=\"twitter:data1\" content=\"19 minutes\" \/>\n<script type=\"application\/ld+json\" class=\"yoast-schema-graph\">{\"@context\":\"https:\\\/\\\/schema.org\",\"@graph\":[{\"@type\":\"WebPage\",\"@id\":\"https:\\\/\\\/megdev01.com\\\/fr\\\/termes-et-conditions\\\/\",\"url\":\"https:\\\/\\\/megdev01.com\\\/fr\\\/termes-et-conditions\\\/\",\"name\":\"Conditions g\u00e9n\u00e9rales de ventes - Megablok\",\"isPartOf\":{\"@id\":\"https:\\\/\\\/megdev01.com\\\/fr\\\/#website\"},\"datePublished\":\"2024-08-28T11:56:27+00:00\",\"dateModified\":\"2025-08-29T11:46:20+00:00\",\"breadcrumb\":{\"@id\":\"https:\\\/\\\/megdev01.com\\\/fr\\\/termes-et-conditions\\\/#breadcrumb\"},\"inLanguage\":\"fr-FR\",\"potentialAction\":[{\"@type\":\"ReadAction\",\"target\":[\"https:\\\/\\\/megdev01.com\\\/fr\\\/termes-et-conditions\\\/\"]}]},{\"@type\":\"BreadcrumbList\",\"@id\":\"https:\\\/\\\/megdev01.com\\\/fr\\\/termes-et-conditions\\\/#breadcrumb\",\"itemListElement\":[{\"@type\":\"ListItem\",\"position\":1,\"name\":\"Portada\",\"item\":\"https:\\\/\\\/megdev01.com\\\/fr\\\/\"},{\"@type\":\"ListItem\",\"position\":2,\"name\":\"Conditions g\u00e9n\u00e9rales de ventes\"}]},{\"@type\":\"WebSite\",\"@id\":\"https:\\\/\\\/megdev01.com\\\/fr\\\/#website\",\"url\":\"https:\\\/\\\/megdev01.com\\\/fr\\\/\",\"name\":\"Megablok\",\"description\":\"Taquillas para vestuarios de empresas y organizaciones\",\"publisher\":{\"@id\":\"https:\\\/\\\/megdev01.com\\\/fr\\\/#organization\"},\"potentialAction\":[{\"@type\":\"SearchAction\",\"target\":{\"@type\":\"EntryPoint\",\"urlTemplate\":\"https:\\\/\\\/megdev01.com\\\/fr\\\/?s={search_term_string}\"},\"query-input\":{\"@type\":\"PropertyValueSpecification\",\"valueRequired\":true,\"valueName\":\"search_term_string\"}}],\"inLanguage\":\"fr-FR\"},{\"@type\":\"Organization\",\"@id\":\"https:\\\/\\\/megdev01.com\\\/fr\\\/#organization\",\"name\":\"Megablok\",\"url\":\"https:\\\/\\\/megdev01.com\\\/fr\\\/\",\"logo\":{\"@type\":\"ImageObject\",\"inLanguage\":\"fr-FR\",\"@id\":\"https:\\\/\\\/megdev01.com\\\/fr\\\/#\\\/schema\\\/logo\\\/image\\\/\",\"url\":\"https:\\\/\\\/megdev01.com\\\/wp-content\\\/uploads\\\/2024\\\/08\\\/270.png\",\"contentUrl\":\"https:\\\/\\\/megdev01.com\\\/wp-content\\\/uploads\\\/2024\\\/08\\\/270.png\",\"width\":270,\"height\":270,\"caption\":\"Megablok\"},\"image\":{\"@id\":\"https:\\\/\\\/megdev01.com\\\/fr\\\/#\\\/schema\\\/logo\\\/image\\\/\"},\"sameAs\":[\"https:\\\/\\\/www.linkedin.com\\\/company\\\/megablok-s.a.\\\/\",\"https:\\\/\\\/www.instagram.com\\\/megabloksa\\\/\"]}]}<\/script>\n<!-- \/ Yoast SEO plugin. -->","yoast_head_json":{"title":"Conditions g\u00e9n\u00e9rales de ventes - Megablok","robots":{"index":"index","follow":"follow","max-snippet":"max-snippet:-1","max-image-preview":"max-image-preview:large","max-video-preview":"max-video-preview:-1"},"canonical":"https:\/\/megdev01.com\/fr\/termes-et-conditions\/","og_locale":"fr_FR","og_type":"article","og_title":"Conditions g\u00e9n\u00e9rales de ventes - Megablok","og_url":"https:\/\/megdev01.com\/fr\/termes-et-conditions\/","og_site_name":"Megablok","article_modified_time":"2025-08-29T11:46:20+00:00","twitter_card":"summary_large_image","twitter_misc":{"Dur\u00e9e de lecture estim\u00e9e":"19 minutes"},"schema":{"@context":"https:\/\/schema.org","@graph":[{"@type":"WebPage","@id":"https:\/\/megdev01.com\/fr\/termes-et-conditions\/","url":"https:\/\/megdev01.com\/fr\/termes-et-conditions\/","name":"Conditions g\u00e9n\u00e9rales de ventes - Megablok","isPartOf":{"@id":"https:\/\/megdev01.com\/fr\/#website"},"datePublished":"2024-08-28T11:56:27+00:00","dateModified":"2025-08-29T11:46:20+00:00","breadcrumb":{"@id":"https:\/\/megdev01.com\/fr\/termes-et-conditions\/#breadcrumb"},"inLanguage":"fr-FR","potentialAction":[{"@type":"ReadAction","target":["https:\/\/megdev01.com\/fr\/termes-et-conditions\/"]}]},{"@type":"BreadcrumbList","@id":"https:\/\/megdev01.com\/fr\/termes-et-conditions\/#breadcrumb","itemListElement":[{"@type":"ListItem","position":1,"name":"Portada","item":"https:\/\/megdev01.com\/fr\/"},{"@type":"ListItem","position":2,"name":"Conditions g\u00e9n\u00e9rales de ventes"}]},{"@type":"WebSite","@id":"https:\/\/megdev01.com\/fr\/#website","url":"https:\/\/megdev01.com\/fr\/","name":"Megablok","description":"Taquillas para vestuarios de empresas y organizaciones","publisher":{"@id":"https:\/\/megdev01.com\/fr\/#organization"},"potentialAction":[{"@type":"SearchAction","target":{"@type":"EntryPoint","urlTemplate":"https:\/\/megdev01.com\/fr\/?s={search_term_string}"},"query-input":{"@type":"PropertyValueSpecification","valueRequired":true,"valueName":"search_term_string"}}],"inLanguage":"fr-FR"},{"@type":"Organization","@id":"https:\/\/megdev01.com\/fr\/#organization","name":"Megablok","url":"https:\/\/megdev01.com\/fr\/","logo":{"@type":"ImageObject","inLanguage":"fr-FR","@id":"https:\/\/megdev01.com\/fr\/#\/schema\/logo\/image\/","url":"https:\/\/megdev01.com\/wp-content\/uploads\/2024\/08\/270.png","contentUrl":"https:\/\/megdev01.com\/wp-content\/uploads\/2024\/08\/270.png","width":270,"height":270,"caption":"Megablok"},"image":{"@id":"https:\/\/megdev01.com\/fr\/#\/schema\/logo\/image\/"},"sameAs":["https:\/\/www.linkedin.com\/company\/megablok-s.a.\/","https:\/\/www.instagram.com\/megabloksa\/"]}]}},"jetpack_sharing_enabled":true,"_links":{"self":[{"href":"https:\/\/megdev01.com\/fr\/wp-json\/wp\/v2\/pages\/25303","targetHints":{"allow":["GET"]}}],"collection":[{"href":"https:\/\/megdev01.com\/fr\/wp-json\/wp\/v2\/pages"}],"about":[{"href":"https:\/\/megdev01.com\/fr\/wp-json\/wp\/v2\/types\/page"}],"author":[{"embeddable":true,"href":"https:\/\/megdev01.com\/fr\/wp-json\/wp\/v2\/users\/1"}],"replies":[{"embeddable":true,"href":"https:\/\/megdev01.com\/fr\/wp-json\/wp\/v2\/comments?post=25303"}],"version-history":[{"count":4,"href":"https:\/\/megdev01.com\/fr\/wp-json\/wp\/v2\/pages\/25303\/revisions"}],"predecessor-version":[{"id":25308,"href":"https:\/\/megdev01.com\/fr\/wp-json\/wp\/v2\/pages\/25303\/revisions\/25308"}],"wp:attachment":[{"href":"https:\/\/megdev01.com\/fr\/wp-json\/wp\/v2\/media?parent=25303"}],"curies":[{"name":"wp","href":"https:\/\/api.w.org\/{rel}","templated":true}]}}