{"id":34535,"date":"2025-06-17T07:15:11","date_gmt":"2025-06-17T07:15:11","guid":{"rendered":"https:\/\/megdev01.com\/producto\/taquilla-soldada-ski-1\/"},"modified":"2026-04-14T08:01:35","modified_gmt":"2026-04-14T08:01:35","slug":"locker-ski-1","status":"publish","type":"product","link":"https:\/\/megdev01.com\/en\/producto\/locker-ski-1\/","title":{"rendered":"Taquilla Guarda Esqu\u00eds SKI-1"},"content":{"rendered":"<p>Taquilla soldada monoblok fabricada en chapa de acero electrocincado.<br \/>\nPintada con Epoxi-Poli\u00e9ster en polvo en gris RAL 9010.<br \/>\nPuerta con refuerzo longitudinal, ventilaci\u00f3n y bisagras ocultas.<br \/>\nCerradura est\u00e1ndar: manecilla encastrable de tres puntos con dos llaves.<br \/>\nBandeja interior regulable a tres alturas con huecos para los esqu\u00eds.<br \/>\nColgadores interiores soldados.<br \/>\nRosetas de ventilaci\u00f3n en el interior.<br \/>\nSuelo perforado.<br \/>\nPatas de acero galvanizado con conteras regulables en altura.<br \/>\nDimensiones: 2.200 mm de alto x 500 mm de ancho x 500 mm de fondo.<br \/>\n<a href=\"http:\/\/megdev01.com\/wp-content\/uploads\/2024\/08\/11-TAQUILLAS-SKI.pdf\">Descargar ficha t\u00e9cnica.<\/a><\/p>\n","protected":false},"excerpt":{"rendered":"<p>Taquilla SKI con estructura met\u00e1lica reforzada y dise\u00f1o interior adaptado al almacenamiento de esqu\u00eds, botas y accesorios. Soluci\u00f3n ideal para estaciones de esqu\u00ed, hoteles o centros deportivos.<\/p>\n","protected":false},"featured_media":13834,"template":"","meta":{"_joinchat":[]},"product_brand":[],"product_cat":[615,616],"product_tag":[617],"class_list":{"0":"post-34535","1":"product","2":"type-product","3":"status-publish","4":"has-post-thumbnail","6":"product_cat-taquillas-metalicas","7":"product_cat-taquillas-ski","8":"product_tag-1-puerta","10":"first","11":"instock","12":"shipping-taxable","13":"purchasable","14":"product-type-simple"},"yoast_head":"<!-- This site is optimized with the Yoast SEO plugin v27.3 - https:\/\/yoast.com\/product\/yoast-seo-wordpress\/ -->\n<title>Taquilla Guarda Esqu\u00eds SKI-1 - Megablok<\/title>\n<meta name=\"robots\" content=\"index, follow, max-snippet:-1, max-image-preview:large, max-video-preview:-1\" \/>\n<link rel=\"canonical\" href=\"https:\/\/megdev01.com\/en\/producto\/locker-ski-1\/\" \/>\n<meta property=\"og:locale\" content=\"en_US\" \/>\n<meta property=\"og:type\" content=\"article\" \/>\n<meta property=\"og:title\" content=\"Taquilla Guarda Esqu\u00eds SKI-1 - Megablok\" \/>\n<meta property=\"og:description\" content=\"Taquilla SKI con estructura met\u00e1lica reforzada y dise\u00f1o interior adaptado al almacenamiento de esqu\u00eds, botas y accesorios. Soluci\u00f3n ideal para estaciones de esqu\u00ed, hoteles o centros deportivos.\" \/>\n<meta property=\"og:url\" content=\"https:\/\/megdev01.com\/en\/producto\/locker-ski-1\/\" \/>\n<meta property=\"og:site_name\" content=\"Megablok\" \/>\n<meta property=\"article:modified_time\" content=\"2026-04-14T08:01:35+00:00\" \/>\n<meta property=\"og:image\" content=\"http:\/\/megdev01.com\/wp-content\/uploads\/2024\/09\/42500_01.jpg\" \/>\n\t<meta property=\"og:image:width\" content=\"600\" \/>\n\t<meta property=\"og:image:height\" content=\"600\" \/>\n\t<meta property=\"og:image:type\" content=\"image\/jpeg\" \/>\n<meta name=\"twitter:card\" content=\"summary_large_image\" \/>\n<meta name=\"twitter:label1\" content=\"Est. reading time\" \/>\n\t<meta name=\"twitter:data1\" content=\"1 minute\" \/>\n<script type=\"application\/ld+json\" class=\"yoast-schema-graph\">{\"@context\":\"https:\\\/\\\/schema.org\",\"@graph\":[{\"@type\":\"WebPage\",\"@id\":\"https:\\\/\\\/megdev01.com\\\/en\\\/producto\\\/locker-ski-1\\\/\",\"url\":\"https:\\\/\\\/megdev01.com\\\/en\\\/producto\\\/locker-ski-1\\\/\",\"name\":\"Taquilla Guarda Esqu\u00eds SKI-1 - Megablok\",\"isPartOf\":{\"@id\":\"https:\\\/\\\/megdev01.com\\\/en\\\/#website\"},\"primaryImageOfPage\":{\"@id\":\"https:\\\/\\\/megdev01.com\\\/en\\\/producto\\\/locker-ski-1\\\/#primaryimage\"},\"image\":{\"@id\":\"https:\\\/\\\/megdev01.com\\\/en\\\/producto\\\/locker-ski-1\\\/#primaryimage\"},\"thumbnailUrl\":\"https:\\\/\\\/megdev01.com\\\/wp-content\\\/uploads\\\/2024\\\/09\\\/42500_01.jpg\",\"datePublished\":\"2025-06-17T07:15:11+00:00\",\"dateModified\":\"2026-04-14T08:01:35+00:00\",\"breadcrumb\":{\"@id\":\"https:\\\/\\\/megdev01.com\\\/en\\\/producto\\\/locker-ski-1\\\/#breadcrumb\"},\"inLanguage\":\"en-US\",\"potentialAction\":[{\"@type\":\"ReadAction\",\"target\":[\"https:\\\/\\\/megdev01.com\\\/en\\\/producto\\\/locker-ski-1\\\/\"]}]},{\"@type\":\"ImageObject\",\"inLanguage\":\"en-US\",\"@id\":\"https:\\\/\\\/megdev01.com\\\/en\\\/producto\\\/locker-ski-1\\\/#primaryimage\",\"url\":\"https:\\\/\\\/megdev01.com\\\/wp-content\\\/uploads\\\/2024\\\/09\\\/42500_01.jpg\",\"contentUrl\":\"https:\\\/\\\/megdev01.com\\\/wp-content\\\/uploads\\\/2024\\\/09\\\/42500_01.jpg\",\"width\":600,\"height\":600,\"caption\":\"taquillas ski\"},{\"@type\":\"BreadcrumbList\",\"@id\":\"https:\\\/\\\/megdev01.com\\\/en\\\/producto\\\/locker-ski-1\\\/#breadcrumb\",\"itemListElement\":[{\"@type\":\"ListItem\",\"position\":1,\"name\":\"Portada\",\"item\":\"https:\\\/\\\/megdev01.com\\\/en\\\/\"},{\"@type\":\"ListItem\",\"position\":2,\"name\":\"Shop\",\"item\":\"https:\\\/\\\/megdev01.com\\\/en\\\/shop\\\/\"},{\"@type\":\"ListItem\",\"position\":3,\"name\":\"Taquilla Guarda Esqu\u00eds SKI-1\"}]},{\"@type\":\"WebSite\",\"@id\":\"https:\\\/\\\/megdev01.com\\\/en\\\/#website\",\"url\":\"https:\\\/\\\/megdev01.com\\\/en\\\/\",\"name\":\"Megablok\",\"description\":\"Taquillas para vestuarios de empresas y organizaciones\",\"publisher\":{\"@id\":\"https:\\\/\\\/megdev01.com\\\/en\\\/#organization\"},\"potentialAction\":[{\"@type\":\"SearchAction\",\"target\":{\"@type\":\"EntryPoint\",\"urlTemplate\":\"https:\\\/\\\/megdev01.com\\\/en\\\/?s={search_term_string}\"},\"query-input\":{\"@type\":\"PropertyValueSpecification\",\"valueRequired\":true,\"valueName\":\"search_term_string\"}}],\"inLanguage\":\"en-US\"},{\"@type\":\"Organization\",\"@id\":\"https:\\\/\\\/megdev01.com\\\/en\\\/#organization\",\"name\":\"Megablok\",\"url\":\"https:\\\/\\\/megdev01.com\\\/en\\\/\",\"logo\":{\"@type\":\"ImageObject\",\"inLanguage\":\"en-US\",\"@id\":\"https:\\\/\\\/megdev01.com\\\/en\\\/#\\\/schema\\\/logo\\\/image\\\/\",\"url\":\"https:\\\/\\\/megdev01.com\\\/wp-content\\\/uploads\\\/2024\\\/08\\\/270.png\",\"contentUrl\":\"https:\\\/\\\/megdev01.com\\\/wp-content\\\/uploads\\\/2024\\\/08\\\/270.png\",\"width\":270,\"height\":270,\"caption\":\"Megablok\"},\"image\":{\"@id\":\"https:\\\/\\\/megdev01.com\\\/en\\\/#\\\/schema\\\/logo\\\/image\\\/\"},\"sameAs\":[\"https:\\\/\\\/www.linkedin.com\\\/company\\\/megablok-s.a.\\\/\",\"https:\\\/\\\/www.instagram.com\\\/megabloksa\\\/\"]}]}<\/script>\n<!-- \/ Yoast SEO plugin. -->","yoast_head_json":{"title":"Taquilla Guarda Esqu\u00eds SKI-1 - Megablok","robots":{"index":"index","follow":"follow","max-snippet":"max-snippet:-1","max-image-preview":"max-image-preview:large","max-video-preview":"max-video-preview:-1"},"canonical":"https:\/\/megdev01.com\/en\/producto\/locker-ski-1\/","og_locale":"en_US","og_type":"article","og_title":"Taquilla Guarda Esqu\u00eds SKI-1 - Megablok","og_description":"Taquilla SKI con estructura met\u00e1lica reforzada y dise\u00f1o interior adaptado al almacenamiento de esqu\u00eds, botas y accesorios. Soluci\u00f3n ideal para estaciones de esqu\u00ed, hoteles o centros deportivos.","og_url":"https:\/\/megdev01.com\/en\/producto\/locker-ski-1\/","og_site_name":"Megablok","article_modified_time":"2026-04-14T08:01:35+00:00","og_image":[{"width":600,"height":600,"url":"http:\/\/megdev01.com\/wp-content\/uploads\/2024\/09\/42500_01.jpg","type":"image\/jpeg"}],"twitter_card":"summary_large_image","twitter_misc":{"Est. reading time":"1 minute"},"schema":{"@context":"https:\/\/schema.org","@graph":[{"@type":"WebPage","@id":"https:\/\/megdev01.com\/en\/producto\/locker-ski-1\/","url":"https:\/\/megdev01.com\/en\/producto\/locker-ski-1\/","name":"Taquilla Guarda Esqu\u00eds SKI-1 - Megablok","isPartOf":{"@id":"https:\/\/megdev01.com\/en\/#website"},"primaryImageOfPage":{"@id":"https:\/\/megdev01.com\/en\/producto\/locker-ski-1\/#primaryimage"},"image":{"@id":"https:\/\/megdev01.com\/en\/producto\/locker-ski-1\/#primaryimage"},"thumbnailUrl":"https:\/\/megdev01.com\/wp-content\/uploads\/2024\/09\/42500_01.jpg","datePublished":"2025-06-17T07:15:11+00:00","dateModified":"2026-04-14T08:01:35+00:00","breadcrumb":{"@id":"https:\/\/megdev01.com\/en\/producto\/locker-ski-1\/#breadcrumb"},"inLanguage":"en-US","potentialAction":[{"@type":"ReadAction","target":["https:\/\/megdev01.com\/en\/producto\/locker-ski-1\/"]}]},{"@type":"ImageObject","inLanguage":"en-US","@id":"https:\/\/megdev01.com\/en\/producto\/locker-ski-1\/#primaryimage","url":"https:\/\/megdev01.com\/wp-content\/uploads\/2024\/09\/42500_01.jpg","contentUrl":"https:\/\/megdev01.com\/wp-content\/uploads\/2024\/09\/42500_01.jpg","width":600,"height":600,"caption":"taquillas ski"},{"@type":"BreadcrumbList","@id":"https:\/\/megdev01.com\/en\/producto\/locker-ski-1\/#breadcrumb","itemListElement":[{"@type":"ListItem","position":1,"name":"Portada","item":"https:\/\/megdev01.com\/en\/"},{"@type":"ListItem","position":2,"name":"Shop","item":"https:\/\/megdev01.com\/en\/shop\/"},{"@type":"ListItem","position":3,"name":"Taquilla Guarda Esqu\u00eds SKI-1"}]},{"@type":"WebSite","@id":"https:\/\/megdev01.com\/en\/#website","url":"https:\/\/megdev01.com\/en\/","name":"Megablok","description":"Taquillas para vestuarios de empresas y organizaciones","publisher":{"@id":"https:\/\/megdev01.com\/en\/#organization"},"potentialAction":[{"@type":"SearchAction","target":{"@type":"EntryPoint","urlTemplate":"https:\/\/megdev01.com\/en\/?s={search_term_string}"},"query-input":{"@type":"PropertyValueSpecification","valueRequired":true,"valueName":"search_term_string"}}],"inLanguage":"en-US"},{"@type":"Organization","@id":"https:\/\/megdev01.com\/en\/#organization","name":"Megablok","url":"https:\/\/megdev01.com\/en\/","logo":{"@type":"ImageObject","inLanguage":"en-US","@id":"https:\/\/megdev01.com\/en\/#\/schema\/logo\/image\/","url":"https:\/\/megdev01.com\/wp-content\/uploads\/2024\/08\/270.png","contentUrl":"https:\/\/megdev01.com\/wp-content\/uploads\/2024\/08\/270.png","width":270,"height":270,"caption":"Megablok"},"image":{"@id":"https:\/\/megdev01.com\/en\/#\/schema\/logo\/image\/"},"sameAs":["https:\/\/www.linkedin.com\/company\/megablok-s.a.\/","https:\/\/www.instagram.com\/megabloksa\/"]}]}},"jetpack_sharing_enabled":true,"_links":{"self":[{"href":"https:\/\/megdev01.com\/en\/wp-json\/wp\/v2\/product\/34535","targetHints":{"allow":["GET"]}}],"collection":[{"href":"https:\/\/megdev01.com\/en\/wp-json\/wp\/v2\/product"}],"about":[{"href":"https:\/\/megdev01.com\/en\/wp-json\/wp\/v2\/types\/product"}],"wp:featuredmedia":[{"embeddable":true,"href":"https:\/\/megdev01.com\/en\/wp-json\/wp\/v2\/media\/13834"}],"wp:attachment":[{"href":"https:\/\/megdev01.com\/en\/wp-json\/wp\/v2\/media?parent=34535"}],"wp:term":[{"taxonomy":"product_brand","embeddable":true,"href":"https:\/\/megdev01.com\/en\/wp-json\/wp\/v2\/product_brand?post=34535"},{"taxonomy":"product_cat","embeddable":true,"href":"https:\/\/megdev01.com\/en\/wp-json\/wp\/v2\/product_cat?post=34535"},{"taxonomy":"product_tag","embeddable":true,"href":"https:\/\/megdev01.com\/en\/wp-json\/wp\/v2\/product_tag?post=34535"}],"curies":[{"name":"wp","href":"https:\/\/api.w.org\/{rel}","templated":true}]}}