{"id":32595,"date":"2026-01-20T14:25:38","date_gmt":"2026-01-20T14:25:38","guid":{"rendered":"https:\/\/megdev01.com\/producto\/serie-cb5\/"},"modified":"2026-04-08T14:22:49","modified_gmt":"2026-04-08T14:22:49","slug":"serie-cb5","status":"publish","type":"product","link":"https:\/\/megdev01.com\/en\/producto\/serie-cb5\/","title":{"rendered":"Serie CB5"},"content":{"rendered":"<p>Consigna soldada monoblok fabricada en chapa de acero laminado en fr\u00edo.<br \/>\nPintado con Epoxi-poli\u00e9ster en polvo, acabado microtexturado.<br \/>\nColor est\u00e1ndar: Cuerpo y puerta gris RAL 7035.<br \/>\nCerraduras est\u00e1ndar: cerradura cromada de cilindro con dos llaves.<br \/>\nDimensiones: 760 mm de alto x 200 mm de ancho x 200 mm de fondo.<\/p>\n","protected":false},"excerpt":{"rendered":"<p>Consigna met\u00e1lica de compartimentos m\u00faltiples en formato compacto. Vers\u00e1til y funcional, se adapta a una amplia variedad de espacios colectivos.<\/p>\n","protected":false},"featured_media":27116,"template":"","meta":{"_joinchat":[]},"product_brand":[],"product_cat":[631,853],"product_tag":[855,857],"class_list":{"0":"post-32595","1":"product","2":"type-product","3":"status-publish","4":"has-post-thumbnail","6":"product_cat-consignas-metalicas","7":"product_cat-serie-cb11","8":"product_tag-200mm","9":"product_tag-5-puertas","11":"first","12":"instock","13":"shipping-taxable","14":"purchasable","15":"product-type-simple"},"yoast_head":"<!-- This site is optimized with the Yoast SEO plugin v27.3 - https:\/\/yoast.com\/product\/yoast-seo-wordpress\/ -->\n<title>Serie CB5 - Megablok<\/title>\n<meta name=\"robots\" content=\"index, follow, max-snippet:-1, max-image-preview:large, max-video-preview:-1\" \/>\n<link rel=\"canonical\" href=\"https:\/\/megdev01.com\/en\/producto\/serie-cb5\/\" \/>\n<meta property=\"og:locale\" content=\"en_US\" \/>\n<meta property=\"og:type\" content=\"article\" \/>\n<meta property=\"og:title\" content=\"Serie CB5 - Megablok\" \/>\n<meta property=\"og:description\" content=\"Consigna met\u00e1lica de compartimentos m\u00faltiples en formato compacto. Vers\u00e1til y funcional, se adapta a una amplia variedad de espacios colectivos.\" \/>\n<meta property=\"og:url\" content=\"https:\/\/megdev01.com\/en\/producto\/serie-cb5\/\" \/>\n<meta property=\"og:site_name\" content=\"Megablok\" \/>\n<meta property=\"article:modified_time\" content=\"2026-04-08T14:22:49+00:00\" \/>\n<meta property=\"og:image\" content=\"http:\/\/megdev01.com\/wp-content\/uploads\/2026\/01\/CB5P-20-1.jpg\" \/>\n\t<meta property=\"og:image:width\" content=\"1000\" \/>\n\t<meta property=\"og:image:height\" content=\"1000\" \/>\n\t<meta property=\"og:image:type\" content=\"image\/jpeg\" \/>\n<meta name=\"twitter:card\" content=\"summary_large_image\" \/>\n<meta name=\"twitter:label1\" content=\"Est. reading time\" \/>\n\t<meta name=\"twitter:data1\" content=\"1 minute\" \/>\n<script type=\"application\/ld+json\" class=\"yoast-schema-graph\">{\"@context\":\"https:\\\/\\\/schema.org\",\"@graph\":[{\"@type\":\"WebPage\",\"@id\":\"https:\\\/\\\/megdev01.com\\\/en\\\/producto\\\/serie-cb5\\\/\",\"url\":\"https:\\\/\\\/megdev01.com\\\/en\\\/producto\\\/serie-cb5\\\/\",\"name\":\"Serie CB5 - Megablok\",\"isPartOf\":{\"@id\":\"https:\\\/\\\/megdev01.com\\\/en\\\/#website\"},\"primaryImageOfPage\":{\"@id\":\"https:\\\/\\\/megdev01.com\\\/en\\\/producto\\\/serie-cb5\\\/#primaryimage\"},\"image\":{\"@id\":\"https:\\\/\\\/megdev01.com\\\/en\\\/producto\\\/serie-cb5\\\/#primaryimage\"},\"thumbnailUrl\":\"https:\\\/\\\/megdev01.com\\\/wp-content\\\/uploads\\\/2026\\\/01\\\/CB5P-20-1.jpg\",\"datePublished\":\"2026-01-20T14:25:38+00:00\",\"dateModified\":\"2026-04-08T14:22:49+00:00\",\"breadcrumb\":{\"@id\":\"https:\\\/\\\/megdev01.com\\\/en\\\/producto\\\/serie-cb5\\\/#breadcrumb\"},\"inLanguage\":\"en-US\",\"potentialAction\":[{\"@type\":\"ReadAction\",\"target\":[\"https:\\\/\\\/megdev01.com\\\/en\\\/producto\\\/serie-cb5\\\/\"]}]},{\"@type\":\"ImageObject\",\"inLanguage\":\"en-US\",\"@id\":\"https:\\\/\\\/megdev01.com\\\/en\\\/producto\\\/serie-cb5\\\/#primaryimage\",\"url\":\"https:\\\/\\\/megdev01.com\\\/wp-content\\\/uploads\\\/2026\\\/01\\\/CB5P-20-1.jpg\",\"contentUrl\":\"https:\\\/\\\/megdev01.com\\\/wp-content\\\/uploads\\\/2026\\\/01\\\/CB5P-20-1.jpg\",\"width\":1000,\"height\":1000,\"caption\":\"consigna\"},{\"@type\":\"BreadcrumbList\",\"@id\":\"https:\\\/\\\/megdev01.com\\\/en\\\/producto\\\/serie-cb5\\\/#breadcrumb\",\"itemListElement\":[{\"@type\":\"ListItem\",\"position\":1,\"name\":\"Portada\",\"item\":\"https:\\\/\\\/megdev01.com\\\/en\\\/\"},{\"@type\":\"ListItem\",\"position\":2,\"name\":\"Shop\",\"item\":\"https:\\\/\\\/megdev01.com\\\/en\\\/shop\\\/\"},{\"@type\":\"ListItem\",\"position\":3,\"name\":\"Serie CB5\"}]},{\"@type\":\"WebSite\",\"@id\":\"https:\\\/\\\/megdev01.com\\\/en\\\/#website\",\"url\":\"https:\\\/\\\/megdev01.com\\\/en\\\/\",\"name\":\"Megablok\",\"description\":\"Taquillas para vestuarios de empresas y organizaciones\",\"publisher\":{\"@id\":\"https:\\\/\\\/megdev01.com\\\/en\\\/#organization\"},\"potentialAction\":[{\"@type\":\"SearchAction\",\"target\":{\"@type\":\"EntryPoint\",\"urlTemplate\":\"https:\\\/\\\/megdev01.com\\\/en\\\/?s={search_term_string}\"},\"query-input\":{\"@type\":\"PropertyValueSpecification\",\"valueRequired\":true,\"valueName\":\"search_term_string\"}}],\"inLanguage\":\"en-US\"},{\"@type\":\"Organization\",\"@id\":\"https:\\\/\\\/megdev01.com\\\/en\\\/#organization\",\"name\":\"Megablok\",\"url\":\"https:\\\/\\\/megdev01.com\\\/en\\\/\",\"logo\":{\"@type\":\"ImageObject\",\"inLanguage\":\"en-US\",\"@id\":\"https:\\\/\\\/megdev01.com\\\/en\\\/#\\\/schema\\\/logo\\\/image\\\/\",\"url\":\"https:\\\/\\\/megdev01.com\\\/wp-content\\\/uploads\\\/2024\\\/08\\\/270.png\",\"contentUrl\":\"https:\\\/\\\/megdev01.com\\\/wp-content\\\/uploads\\\/2024\\\/08\\\/270.png\",\"width\":270,\"height\":270,\"caption\":\"Megablok\"},\"image\":{\"@id\":\"https:\\\/\\\/megdev01.com\\\/en\\\/#\\\/schema\\\/logo\\\/image\\\/\"},\"sameAs\":[\"https:\\\/\\\/www.linkedin.com\\\/company\\\/megablok-s.a.\\\/\",\"https:\\\/\\\/www.instagram.com\\\/megabloksa\\\/\"]}]}<\/script>\n<!-- \/ Yoast SEO plugin. -->","yoast_head_json":{"title":"Serie CB5 - Megablok","robots":{"index":"index","follow":"follow","max-snippet":"max-snippet:-1","max-image-preview":"max-image-preview:large","max-video-preview":"max-video-preview:-1"},"canonical":"https:\/\/megdev01.com\/en\/producto\/serie-cb5\/","og_locale":"en_US","og_type":"article","og_title":"Serie CB5 - Megablok","og_description":"Consigna met\u00e1lica de compartimentos m\u00faltiples en formato compacto. Vers\u00e1til y funcional, se adapta a una amplia variedad de espacios colectivos.","og_url":"https:\/\/megdev01.com\/en\/producto\/serie-cb5\/","og_site_name":"Megablok","article_modified_time":"2026-04-08T14:22:49+00:00","og_image":[{"width":1000,"height":1000,"url":"http:\/\/megdev01.com\/wp-content\/uploads\/2026\/01\/CB5P-20-1.jpg","type":"image\/jpeg"}],"twitter_card":"summary_large_image","twitter_misc":{"Est. reading time":"1 minute"},"schema":{"@context":"https:\/\/schema.org","@graph":[{"@type":"WebPage","@id":"https:\/\/megdev01.com\/en\/producto\/serie-cb5\/","url":"https:\/\/megdev01.com\/en\/producto\/serie-cb5\/","name":"Serie CB5 - Megablok","isPartOf":{"@id":"https:\/\/megdev01.com\/en\/#website"},"primaryImageOfPage":{"@id":"https:\/\/megdev01.com\/en\/producto\/serie-cb5\/#primaryimage"},"image":{"@id":"https:\/\/megdev01.com\/en\/producto\/serie-cb5\/#primaryimage"},"thumbnailUrl":"https:\/\/megdev01.com\/wp-content\/uploads\/2026\/01\/CB5P-20-1.jpg","datePublished":"2026-01-20T14:25:38+00:00","dateModified":"2026-04-08T14:22:49+00:00","breadcrumb":{"@id":"https:\/\/megdev01.com\/en\/producto\/serie-cb5\/#breadcrumb"},"inLanguage":"en-US","potentialAction":[{"@type":"ReadAction","target":["https:\/\/megdev01.com\/en\/producto\/serie-cb5\/"]}]},{"@type":"ImageObject","inLanguage":"en-US","@id":"https:\/\/megdev01.com\/en\/producto\/serie-cb5\/#primaryimage","url":"https:\/\/megdev01.com\/wp-content\/uploads\/2026\/01\/CB5P-20-1.jpg","contentUrl":"https:\/\/megdev01.com\/wp-content\/uploads\/2026\/01\/CB5P-20-1.jpg","width":1000,"height":1000,"caption":"consigna"},{"@type":"BreadcrumbList","@id":"https:\/\/megdev01.com\/en\/producto\/serie-cb5\/#breadcrumb","itemListElement":[{"@type":"ListItem","position":1,"name":"Portada","item":"https:\/\/megdev01.com\/en\/"},{"@type":"ListItem","position":2,"name":"Shop","item":"https:\/\/megdev01.com\/en\/shop\/"},{"@type":"ListItem","position":3,"name":"Serie CB5"}]},{"@type":"WebSite","@id":"https:\/\/megdev01.com\/en\/#website","url":"https:\/\/megdev01.com\/en\/","name":"Megablok","description":"Taquillas para vestuarios de empresas y organizaciones","publisher":{"@id":"https:\/\/megdev01.com\/en\/#organization"},"potentialAction":[{"@type":"SearchAction","target":{"@type":"EntryPoint","urlTemplate":"https:\/\/megdev01.com\/en\/?s={search_term_string}"},"query-input":{"@type":"PropertyValueSpecification","valueRequired":true,"valueName":"search_term_string"}}],"inLanguage":"en-US"},{"@type":"Organization","@id":"https:\/\/megdev01.com\/en\/#organization","name":"Megablok","url":"https:\/\/megdev01.com\/en\/","logo":{"@type":"ImageObject","inLanguage":"en-US","@id":"https:\/\/megdev01.com\/en\/#\/schema\/logo\/image\/","url":"https:\/\/megdev01.com\/wp-content\/uploads\/2024\/08\/270.png","contentUrl":"https:\/\/megdev01.com\/wp-content\/uploads\/2024\/08\/270.png","width":270,"height":270,"caption":"Megablok"},"image":{"@id":"https:\/\/megdev01.com\/en\/#\/schema\/logo\/image\/"},"sameAs":["https:\/\/www.linkedin.com\/company\/megablok-s.a.\/","https:\/\/www.instagram.com\/megabloksa\/"]}]}},"jetpack_sharing_enabled":true,"_links":{"self":[{"href":"https:\/\/megdev01.com\/en\/wp-json\/wp\/v2\/product\/32595","targetHints":{"allow":["GET"]}}],"collection":[{"href":"https:\/\/megdev01.com\/en\/wp-json\/wp\/v2\/product"}],"about":[{"href":"https:\/\/megdev01.com\/en\/wp-json\/wp\/v2\/types\/product"}],"wp:featuredmedia":[{"embeddable":true,"href":"https:\/\/megdev01.com\/en\/wp-json\/wp\/v2\/media\/27116"}],"wp:attachment":[{"href":"https:\/\/megdev01.com\/en\/wp-json\/wp\/v2\/media?parent=32595"}],"wp:term":[{"taxonomy":"product_brand","embeddable":true,"href":"https:\/\/megdev01.com\/en\/wp-json\/wp\/v2\/product_brand?post=32595"},{"taxonomy":"product_cat","embeddable":true,"href":"https:\/\/megdev01.com\/en\/wp-json\/wp\/v2\/product_cat?post=32595"},{"taxonomy":"product_tag","embeddable":true,"href":"https:\/\/megdev01.com\/en\/wp-json\/wp\/v2\/product_tag?post=32595"}],"curies":[{"name":"wp","href":"https:\/\/api.w.org\/{rel}","templated":true}]}}