{"id":32262,"date":"2025-01-26T09:49:23","date_gmt":"2025-01-26T09:49:23","guid":{"rendered":"https:\/\/megdev01.com\/producto\/consigna-ct1-40-1-40\/"},"modified":"2026-04-08T07:32:13","modified_gmt":"2026-04-08T07:32:13","slug":"cube-lockers-ct1-40-1-40","status":"publish","type":"product","link":"https:\/\/megdev01.com\/en\/producto\/cube-lockers-ct1-40-1-40\/","title":{"rendered":"Consigna CT1-40\/1-40"},"content":{"rendered":"<p><span data-teams=\"true\">Consigna soldada monoblok fabricada en chapa de acero laminado en fr\u00edo.<br \/>\nPintado con Epoxi-poli\u00e9ster en polvo, acabado microtexturado.<br \/>\nColor est\u00e1ndar: Cuerpo y puerta gris RAL 7035.<br \/>\nPuertas con doble plegado perimetral, etiquetero y rosetas de ventilaci\u00f3n.<br \/>\nBordes sin aristas cortantes y bisagras ocultas.<br \/>\nCerraduras est\u00e1ndar: cerradura cromadas de cilindro con dos llaves.<br \/>\nDimensiones: 930 mm de alto x 400 mm de ancho x 400 mm de fondo.<br \/>\nSi se selecciona la cerradura monedero la puerta no incluye etiquetero y roseta de ventilaci\u00f3n.\u00a0<\/span><\/p>\n<p>&nbsp;<\/p>\n<p>&nbsp;<\/p>\n<p>&nbsp;<\/p>\n","protected":false},"excerpt":{"rendered":"<p><span data-teams=\"true\">Consigna met\u00e1lica ideal para objetos personales de tama\u00f1o medio. Dise\u00f1ada para entornos como centros educativos, deportivos, laborales o comerciales que requieren soluciones funcionales y seguras de almacenamiento.<\/span><\/p>\n","protected":false},"featured_media":27301,"template":"","meta":{"_joinchat":[]},"product_brand":[],"product_cat":[631,818],"product_tag":[617,830,827],"class_list":{"0":"post-32262","1":"product","2":"type-product","3":"status-publish","4":"has-post-thumbnail","6":"product_cat-consignas-metalicas","7":"product_cat-consignas-serie-banco","8":"product_tag-1-puerta","9":"product_tag-400-mm-ancho","10":"product_tag-400-mm-fondo","12":"first","13":"instock","14":"shipping-taxable","15":"purchasable","16":"product-type-simple"},"yoast_head":"<!-- This site is optimized with the Yoast SEO plugin v27.3 - https:\/\/yoast.com\/product\/yoast-seo-wordpress\/ -->\n<title>Consigna CT1-40\/1-40 - Megablok<\/title>\n<meta name=\"robots\" content=\"index, follow, max-snippet:-1, max-image-preview:large, max-video-preview:-1\" \/>\n<link rel=\"canonical\" href=\"https:\/\/megdev01.com\/en\/producto\/cube-lockers-ct1-40-1-40\/\" \/>\n<meta property=\"og:locale\" content=\"en_US\" \/>\n<meta property=\"og:type\" content=\"article\" \/>\n<meta property=\"og:title\" content=\"Consigna CT1-40\/1-40 - Megablok\" \/>\n<meta property=\"og:description\" content=\"Consigna met\u00e1lica ideal para objetos personales de tama\u00f1o medio. Dise\u00f1ada para entornos como centros educativos, deportivos, laborales o comerciales que requieren soluciones funcionales y seguras de almacenamiento.\" \/>\n<meta property=\"og:url\" content=\"https:\/\/megdev01.com\/en\/producto\/cube-lockers-ct1-40-1-40\/\" \/>\n<meta property=\"og:site_name\" content=\"Megablok\" \/>\n<meta property=\"article:modified_time\" content=\"2026-04-08T07:32:13+00:00\" \/>\n<meta property=\"og:image\" content=\"http:\/\/megdev01.com\/wp-content\/uploads\/2026\/01\/CT1-40-1-40.jpg\" \/>\n\t<meta property=\"og:image:width\" content=\"1920\" \/>\n\t<meta property=\"og:image:height\" content=\"1920\" \/>\n\t<meta property=\"og:image:type\" content=\"image\/jpeg\" \/>\n<meta name=\"twitter:card\" content=\"summary_large_image\" \/>\n<meta name=\"twitter:label1\" content=\"Est. reading time\" \/>\n\t<meta name=\"twitter:data1\" content=\"1 minute\" \/>\n<script type=\"application\/ld+json\" class=\"yoast-schema-graph\">{\"@context\":\"https:\\\/\\\/schema.org\",\"@graph\":[{\"@type\":\"WebPage\",\"@id\":\"https:\\\/\\\/megdev01.com\\\/en\\\/producto\\\/cube-lockers-ct1-40-1-40\\\/\",\"url\":\"https:\\\/\\\/megdev01.com\\\/en\\\/producto\\\/cube-lockers-ct1-40-1-40\\\/\",\"name\":\"Consigna CT1-40\\\/1-40 - Megablok\",\"isPartOf\":{\"@id\":\"https:\\\/\\\/megdev01.com\\\/en\\\/#website\"},\"primaryImageOfPage\":{\"@id\":\"https:\\\/\\\/megdev01.com\\\/en\\\/producto\\\/cube-lockers-ct1-40-1-40\\\/#primaryimage\"},\"image\":{\"@id\":\"https:\\\/\\\/megdev01.com\\\/en\\\/producto\\\/cube-lockers-ct1-40-1-40\\\/#primaryimage\"},\"thumbnailUrl\":\"https:\\\/\\\/megdev01.com\\\/wp-content\\\/uploads\\\/2026\\\/01\\\/CT1-40-1-40.jpg\",\"datePublished\":\"2025-01-26T09:49:23+00:00\",\"dateModified\":\"2026-04-08T07:32:13+00:00\",\"breadcrumb\":{\"@id\":\"https:\\\/\\\/megdev01.com\\\/en\\\/producto\\\/cube-lockers-ct1-40-1-40\\\/#breadcrumb\"},\"inLanguage\":\"en-US\",\"potentialAction\":[{\"@type\":\"ReadAction\",\"target\":[\"https:\\\/\\\/megdev01.com\\\/en\\\/producto\\\/cube-lockers-ct1-40-1-40\\\/\"]}]},{\"@type\":\"ImageObject\",\"inLanguage\":\"en-US\",\"@id\":\"https:\\\/\\\/megdev01.com\\\/en\\\/producto\\\/cube-lockers-ct1-40-1-40\\\/#primaryimage\",\"url\":\"https:\\\/\\\/megdev01.com\\\/wp-content\\\/uploads\\\/2026\\\/01\\\/CT1-40-1-40.jpg\",\"contentUrl\":\"https:\\\/\\\/megdev01.com\\\/wp-content\\\/uploads\\\/2026\\\/01\\\/CT1-40-1-40.jpg\",\"width\":1920,\"height\":1920,\"caption\":\"consigna\"},{\"@type\":\"BreadcrumbList\",\"@id\":\"https:\\\/\\\/megdev01.com\\\/en\\\/producto\\\/cube-lockers-ct1-40-1-40\\\/#breadcrumb\",\"itemListElement\":[{\"@type\":\"ListItem\",\"position\":1,\"name\":\"Portada\",\"item\":\"https:\\\/\\\/megdev01.com\\\/en\\\/\"},{\"@type\":\"ListItem\",\"position\":2,\"name\":\"Shop\",\"item\":\"https:\\\/\\\/megdev01.com\\\/en\\\/shop\\\/\"},{\"@type\":\"ListItem\",\"position\":3,\"name\":\"Consigna CT1-40\\\/1-40\"}]},{\"@type\":\"WebSite\",\"@id\":\"https:\\\/\\\/megdev01.com\\\/en\\\/#website\",\"url\":\"https:\\\/\\\/megdev01.com\\\/en\\\/\",\"name\":\"Megablok\",\"description\":\"Taquillas para vestuarios de empresas y organizaciones\",\"publisher\":{\"@id\":\"https:\\\/\\\/megdev01.com\\\/en\\\/#organization\"},\"potentialAction\":[{\"@type\":\"SearchAction\",\"target\":{\"@type\":\"EntryPoint\",\"urlTemplate\":\"https:\\\/\\\/megdev01.com\\\/en\\\/?s={search_term_string}\"},\"query-input\":{\"@type\":\"PropertyValueSpecification\",\"valueRequired\":true,\"valueName\":\"search_term_string\"}}],\"inLanguage\":\"en-US\"},{\"@type\":\"Organization\",\"@id\":\"https:\\\/\\\/megdev01.com\\\/en\\\/#organization\",\"name\":\"Megablok\",\"url\":\"https:\\\/\\\/megdev01.com\\\/en\\\/\",\"logo\":{\"@type\":\"ImageObject\",\"inLanguage\":\"en-US\",\"@id\":\"https:\\\/\\\/megdev01.com\\\/en\\\/#\\\/schema\\\/logo\\\/image\\\/\",\"url\":\"https:\\\/\\\/megdev01.com\\\/wp-content\\\/uploads\\\/2024\\\/08\\\/270.png\",\"contentUrl\":\"https:\\\/\\\/megdev01.com\\\/wp-content\\\/uploads\\\/2024\\\/08\\\/270.png\",\"width\":270,\"height\":270,\"caption\":\"Megablok\"},\"image\":{\"@id\":\"https:\\\/\\\/megdev01.com\\\/en\\\/#\\\/schema\\\/logo\\\/image\\\/\"},\"sameAs\":[\"https:\\\/\\\/www.linkedin.com\\\/company\\\/megablok-s.a.\\\/\",\"https:\\\/\\\/www.instagram.com\\\/megabloksa\\\/\"]}]}<\/script>\n<!-- \/ Yoast SEO plugin. -->","yoast_head_json":{"title":"Consigna CT1-40\/1-40 - Megablok","robots":{"index":"index","follow":"follow","max-snippet":"max-snippet:-1","max-image-preview":"max-image-preview:large","max-video-preview":"max-video-preview:-1"},"canonical":"https:\/\/megdev01.com\/en\/producto\/cube-lockers-ct1-40-1-40\/","og_locale":"en_US","og_type":"article","og_title":"Consigna CT1-40\/1-40 - Megablok","og_description":"Consigna met\u00e1lica ideal para objetos personales de tama\u00f1o medio. Dise\u00f1ada para entornos como centros educativos, deportivos, laborales o comerciales que requieren soluciones funcionales y seguras de almacenamiento.","og_url":"https:\/\/megdev01.com\/en\/producto\/cube-lockers-ct1-40-1-40\/","og_site_name":"Megablok","article_modified_time":"2026-04-08T07:32:13+00:00","og_image":[{"width":1920,"height":1920,"url":"http:\/\/megdev01.com\/wp-content\/uploads\/2026\/01\/CT1-40-1-40.jpg","type":"image\/jpeg"}],"twitter_card":"summary_large_image","twitter_misc":{"Est. reading time":"1 minute"},"schema":{"@context":"https:\/\/schema.org","@graph":[{"@type":"WebPage","@id":"https:\/\/megdev01.com\/en\/producto\/cube-lockers-ct1-40-1-40\/","url":"https:\/\/megdev01.com\/en\/producto\/cube-lockers-ct1-40-1-40\/","name":"Consigna CT1-40\/1-40 - Megablok","isPartOf":{"@id":"https:\/\/megdev01.com\/en\/#website"},"primaryImageOfPage":{"@id":"https:\/\/megdev01.com\/en\/producto\/cube-lockers-ct1-40-1-40\/#primaryimage"},"image":{"@id":"https:\/\/megdev01.com\/en\/producto\/cube-lockers-ct1-40-1-40\/#primaryimage"},"thumbnailUrl":"https:\/\/megdev01.com\/wp-content\/uploads\/2026\/01\/CT1-40-1-40.jpg","datePublished":"2025-01-26T09:49:23+00:00","dateModified":"2026-04-08T07:32:13+00:00","breadcrumb":{"@id":"https:\/\/megdev01.com\/en\/producto\/cube-lockers-ct1-40-1-40\/#breadcrumb"},"inLanguage":"en-US","potentialAction":[{"@type":"ReadAction","target":["https:\/\/megdev01.com\/en\/producto\/cube-lockers-ct1-40-1-40\/"]}]},{"@type":"ImageObject","inLanguage":"en-US","@id":"https:\/\/megdev01.com\/en\/producto\/cube-lockers-ct1-40-1-40\/#primaryimage","url":"https:\/\/megdev01.com\/wp-content\/uploads\/2026\/01\/CT1-40-1-40.jpg","contentUrl":"https:\/\/megdev01.com\/wp-content\/uploads\/2026\/01\/CT1-40-1-40.jpg","width":1920,"height":1920,"caption":"consigna"},{"@type":"BreadcrumbList","@id":"https:\/\/megdev01.com\/en\/producto\/cube-lockers-ct1-40-1-40\/#breadcrumb","itemListElement":[{"@type":"ListItem","position":1,"name":"Portada","item":"https:\/\/megdev01.com\/en\/"},{"@type":"ListItem","position":2,"name":"Shop","item":"https:\/\/megdev01.com\/en\/shop\/"},{"@type":"ListItem","position":3,"name":"Consigna CT1-40\/1-40"}]},{"@type":"WebSite","@id":"https:\/\/megdev01.com\/en\/#website","url":"https:\/\/megdev01.com\/en\/","name":"Megablok","description":"Taquillas para vestuarios de empresas y organizaciones","publisher":{"@id":"https:\/\/megdev01.com\/en\/#organization"},"potentialAction":[{"@type":"SearchAction","target":{"@type":"EntryPoint","urlTemplate":"https:\/\/megdev01.com\/en\/?s={search_term_string}"},"query-input":{"@type":"PropertyValueSpecification","valueRequired":true,"valueName":"search_term_string"}}],"inLanguage":"en-US"},{"@type":"Organization","@id":"https:\/\/megdev01.com\/en\/#organization","name":"Megablok","url":"https:\/\/megdev01.com\/en\/","logo":{"@type":"ImageObject","inLanguage":"en-US","@id":"https:\/\/megdev01.com\/en\/#\/schema\/logo\/image\/","url":"https:\/\/megdev01.com\/wp-content\/uploads\/2024\/08\/270.png","contentUrl":"https:\/\/megdev01.com\/wp-content\/uploads\/2024\/08\/270.png","width":270,"height":270,"caption":"Megablok"},"image":{"@id":"https:\/\/megdev01.com\/en\/#\/schema\/logo\/image\/"},"sameAs":["https:\/\/www.linkedin.com\/company\/megablok-s.a.\/","https:\/\/www.instagram.com\/megabloksa\/"]}]}},"jetpack_sharing_enabled":true,"_links":{"self":[{"href":"https:\/\/megdev01.com\/en\/wp-json\/wp\/v2\/product\/32262","targetHints":{"allow":["GET"]}}],"collection":[{"href":"https:\/\/megdev01.com\/en\/wp-json\/wp\/v2\/product"}],"about":[{"href":"https:\/\/megdev01.com\/en\/wp-json\/wp\/v2\/types\/product"}],"wp:featuredmedia":[{"embeddable":true,"href":"https:\/\/megdev01.com\/en\/wp-json\/wp\/v2\/media\/27301"}],"wp:attachment":[{"href":"https:\/\/megdev01.com\/en\/wp-json\/wp\/v2\/media?parent=32262"}],"wp:term":[{"taxonomy":"product_brand","embeddable":true,"href":"https:\/\/megdev01.com\/en\/wp-json\/wp\/v2\/product_brand?post=32262"},{"taxonomy":"product_cat","embeddable":true,"href":"https:\/\/megdev01.com\/en\/wp-json\/wp\/v2\/product_cat?post=32262"},{"taxonomy":"product_tag","embeddable":true,"href":"https:\/\/megdev01.com\/en\/wp-json\/wp\/v2\/product_tag?post=32262"}],"curies":[{"name":"wp","href":"https:\/\/api.w.org\/{rel}","templated":true}]}}